{"id":98,"date":"2026-04-28T09:57:38","date_gmt":"2026-04-28T09:57:38","guid":{"rendered":"https:\/\/noithatnhadep.azdigi.shop\/?post_type=product&#038;p=98"},"modified":"2026-04-30T01:09:32","modified_gmt":"2026-04-30T01:09:32","slug":"sofa-hung-king-3-cho-1m8-vai-goi-vact-3231","status":"publish","type":"product","link":"https:\/\/noithatnhadep.azdigi.shop\/index.php\/san-pham\/sofa-hung-king-3-cho-1m8-vai-goi-vact-3231\/","title":{"rendered":"Sofa H\u00f9ng King 3 Ch\u1ed7 1M8 (V\u1ea3i G\u1ed1i Vact 3231)"},"content":{"rendered":"<h2 style=\"text-align: center;\"><strong>Sofa H\u00f9ng King 3 Ch\u1ed7 1M8 (V\u1ea3i G\u1ed1i Vact 3231)<\/strong><\/h2>\n<h4><strong>M\u00f4 t\u1ea3<\/strong><\/h4>\n<p>B\u1ed9 sofa H\u00f9ng King 3 ch\u1ed7 v\u1edbi thi\u1ebft k\u1ebf thanh l\u1ecbch, h\u00f2a quy\u1ec7n gi\u1eefa v\u1ebb \u0111\u1eb9p t\u1ef1 nhi\u00ean c\u1ee7a g\u1ed7 beech v\u00e0 s\u1ef1 m\u1ec1m m\u1ea1i c\u1ee7a n\u1ec7m, mang \u0111\u1ebfn kh\u00f4ng gian ti\u1ebfp kh\u00e1ch tinh t\u1ebf, \u0111\u1eb3ng c\u1ea5p. \u0110i\u1ec3m nh\u1ea5n c\u1ee7a d\u00f2ng sofa n\u00e0y l\u00e0 s\u1ef1 k\u1ebft h\u1ee3p gi\u1eefa c\u00f4ng n\u0103ng v\u00e0 th\u1ea9m m\u1ef9, t\u1ea1o n\u00ean n\u00e9t \u0111\u1eb9p sang tr\u1ecdng v\u00e0 \u1ea5m c\u00fang cho kh\u00f4ng gian s\u1ed1ng c\u1ee7a b\u1ea1n.<\/p>\n<h4><strong>B\u1ea3o h\u00e0nh<\/strong><\/h4>\n<p><img decoding=\"async\" src=\"https:\/\/nhaxinh.com\/image\/check.png\" \/>\u00a0C\u00e1c s\u1ea3n ph\u1ea9m n\u1ed9i th\u1ea5t t\u1ea1i Nh\u00e0 Xinh \u0111a s\u1ed1 \u0111\u1ec1u \u0111\u01b0\u1ee3c s\u1ea3n xu\u1ea5t t\u1ea1i nh\u00e0 m\u00e1y c\u1ee7a c\u00f4ng ty c\u1ed5 ph\u1ea7n x\u00e2y d\u1ef1ng ki\u1ebfn tr\u00fac AA v\u1edbi \u0111\u1ed9i ng\u0169 nh\u00e2n vi\u00ean v\u00e0 c\u00f4ng nh\u00e2n \u01b0u t\u00fa c\u00f9ng c\u01a1 s\u1edf v\u1eadt ch\u1ea5t hi\u1ec7n \u0111\u1ea1i\u00a0<a href=\"http:\/\/www.aacorporation.com\/\">(http:\/\/www.aacorporation.com\/)<\/a>. Homie \u0111\u00e3 ki\u1ec3m tra k\u1ef9 l\u01b0\u1ee1ng t\u1eeb ngu\u1ed3n nguy\u00ean li\u1ec7u cho \u0111\u1ebfn s\u1ea3n ph\u1ea9m ho\u00e0n thi\u1ec7n cu\u1ed1i c\u00f9ng.<\/p>\n<p><img decoding=\"async\" src=\"https:\/\/nhaxinh.com\/image\/check.png\" \/> Homie b\u1ea3o h\u00e0nh m\u1ed9t n\u0103m cho c\u00e1c tr\u01b0\u1eddng h\u1ee3p c\u00f3 l\u1ed7i v\u1ec1 k\u1ef9 thu\u1eadt trong qu\u00e1 tr\u00ecnh s\u1ea3n xu\u1ea5t hay l\u1eafp \u0111\u1eb7t.<\/p>\n<p><img decoding=\"async\" src=\"https:\/\/nhaxinh.com\/image\/check.png\" \/> Qu\u00fd kh\u00e1ch kh\u00f4ng n\u00ean t\u1ef1 s\u1eeda ch\u1eefa m\u00e0 h\u00e3y b\u00e1o ngay cho Homie<\/p>\n<p><img decoding=\"async\" src=\"https:\/\/nhaxinh.com\/image\/check.png\" \/>\u00a0Sau th\u1eddi gian h\u1ebft h\u1ea1n b\u1ea3o h\u00e0nh, n\u1ebfu qu\u00fd kh\u00e1ch c\u00f3 b\u1ea5t k\u1ef3 y\u00eau c\u1ea7u hay th\u1eafc m\u1eafc th\u00ec vui l\u00f2ng li\u00ean h\u1ec7 v\u1edbi Nh\u00e0 Xinh \u0111\u1ec3 \u0111\u01b0\u1ee3c h\u01b0\u1edbng d\u1eabn v\u00e0 gi\u1ea3i quy\u1ebft c\u00e1c v\u1ea5n \u0111\u1ec1 g\u1eb7p ph\u1ea3i.<\/p>\n<p><strong>TUY NHI\u00caN NH\u00c0 XINH KH\u00d4NG B\u1ea2O H\u00c0NH CHO C\u00c1C TR\u01af\u1edcNG H\u1ee2P SAU:<\/strong><\/p>\n<p><img decoding=\"async\" src=\"https:\/\/nhaxinh.com\/image\/check.png\" \/> Kh\u00e1ch h\u00e0ng t\u1ef1 \u00fd s\u1eeda ch\u1eefa khi s\u1ea3n ph\u1ea9m b\u1ecb tr\u1ee5c tr\u1eb7c m\u00e0 kh\u00f4ng b\u00e1o cho Homie.<\/p>\n<p><img decoding=\"async\" src=\"https:\/\/nhaxinh.com\/image\/check.png\" \/>\u00a0S\u1ea3n ph\u1ea9m \u0111\u01b0\u1ee3c s\u1eed d\u1ee5ng kh\u00f4ng \u0111\u00fang quy c\u00e1ch c\u1ee7a s\u1ed5 b\u1ea3o h\u00e0nh (\u0111\u01b0\u1ee3c trao g\u1eedi khi qu\u00fd kh\u00e1ch mua s\u1ea3n ph\u1ea9m) g\u00e2y n\u00ean tr\u1ea7y x\u01b0\u1edbc, m\u00f3p, d\u01a1 b\u1ea9n hay m\u1ea5t m\u00e0u.<\/p>\n<p><img decoding=\"async\" src=\"https:\/\/nhaxinh.com\/image\/check.png\" \/>\u00a0S\u1ea3n ph\u1ea9m b\u1ecb bi\u1ebfn d\u1ea1ng do m\u00f4i tr\u01b0\u1eddng b\u00ean ngo\u00e0i b\u1ea5t b\u00ecnh th\u01b0\u1eddng (qu\u00e1 \u1ea9m, qu\u00e1 kh\u00f4, m\u1ed1i hay do t\u00e1c \u0111\u1ed9ng t\u1eeb c\u00e1c thi\u1ebft b\u1ecb \u0111i\u1ec7n n\u01b0\u1edbc, c\u00e1c h\u00f3a ch\u1ea5t hay dung m\u00f4i kh\u00e1ch h\u00e0ng s\u1eed d\u1ee5ng kh\u00f4ng ph\u00f9 h\u1ee3p).<\/p>\n<p><img decoding=\"async\" src=\"https:\/\/nhaxinh.com\/image\/check.png\" \/>\u00a0S\u1ea3n ph\u1ea9m h\u1ebft h\u1ea1n b\u1ea3o h\u00e0nh.<\/p>\n<p><img decoding=\"async\" src=\"https:\/\/nhaxinh.com\/image\/check.png\" \/> S\u1ea3n ph\u1ea9m kh\u00f4ng c\u00f3 phi\u1ebfu b\u1ea3o h\u00e0nh c\u1ee7a Homie<\/p>\n<h4 class=\"big_title_store\"><strong>GIAO H\u00c0NG T\u1eacN N\u01a0I<\/strong><\/h4>\n<div>\n<div>\n<p align=\"justify\">Homie cung c\u1ea5p d\u1ecbch v\u1ee5 giao h\u00e0ng t\u1eadn n\u01a1i, l\u1eafp r\u00e1p v\u00e0 s\u1eafp x\u1ebfp v\u1ecb tr\u00ed theo \u0111\u00fang \u00fd mu\u1ed1n c\u1ee7a qu\u00fd kh\u00e1ch.<\/p>\n<p align=\"justify\">&#8211; Ph\u00ed giao h\u00e0ng s\u1ebd \u0111\u01b0\u1ee3c ch\u00fang t\u00f4i b\u00e1o theo th\u1ef1c t\u1ebf.<\/p>\n<p align=\"justify\">Xem ngay b\u1ed9 s\u01b0u t\u1eadp<a href=\"https:\/\/noithatnhadep.azdigi.shop\/index.php\/2026\/04\/28\/noi-that-hung-king\/\" target=\"_blank\" rel=\"noopener\"> H\u00f9ng King\u00a0<\/a><\/p>\n<\/div>\n<\/div>\n","protected":false},"excerpt":{"rendered":"<div class=\"nx-row\">\n<div class=\"nx-row\"><span class=\"nx-label\">K\u00edch th\u01b0\u1edbc:<\/span><span class=\"nx-value\">D1885 &#8211; R745 &#8211; C755 mm<\/span><\/div>\n<div class=\"nx-row\"><span class=\"nx-label\">Ch\u1ea5t li\u1ec7u:<\/span><span class=\"nx-value\">G\u1ed7 Beech t\u1ef1 nhi\u00ean, m\u00e2y c\u00f4ng nghi\u1ec7p, b\u1ecdc v\u1ea3i, G\u1ed1i VACT3231<\/span><\/div>\n<\/div>\n<div>Copyright Nh\u00e0 Xinh<\/div>\n","protected":false},"featured_media":125,"comment_status":"open","ping_status":"closed","template":"","meta":[],"product_brand":[],"product_cat":[39,33],"product_tag":[],"class_list":{"0":"post-98","1":"product","2":"type-product","3":"status-publish","4":"has-post-thumbnail","6":"product_cat-san-pham","7":"product_cat-sofa","9":"first","10":"instock","11":"sale","12":"shipping-taxable","13":"purchasable","14":"product-type-variable"},"yoast_head":"<!-- This site is optimized with the Yoast SEO plugin v27.4 - https:\/\/yoast.com\/product\/yoast-seo-wordpress\/ -->\n<title>Sofa H\u00f9ng King 3 Ch\u1ed7 1M8 (V\u1ea3i G\u1ed1i Vact 3231) - noithatnhadep<\/title>\n<meta name=\"description\" content=\"B\u1ed9 sofa H\u00f9ng King 3 ch\u1ed7 v\u1edbi thi\u1ebft k\u1ebf thanh l\u1ecbch, h\u00f2a quy\u1ec7n gi\u1eefa v\u1ebb \u0111\u1eb9p t\u1ef1 nhi\u00ean c\u1ee7a g\u1ed7 beech v\u00e0 s\u1ef1 m\u1ec1m m\u1ea1ic\u1ee7a n\u1ec7m, mang \u0111\u1ebfn kh\u00f4ng gian ti\u1ebfp kh\u00e1ch tinh t\u1ebf.\" \/>\n<meta name=\"robots\" content=\"index, follow, max-snippet:-1, max-image-preview:large, max-video-preview:-1\" \/>\n<link rel=\"canonical\" href=\"https:\/\/noithatnhadep.azdigi.shop\/index.php\/san-pham\/sofa-hung-king-3-cho-1m8-vai-goi-vact-3231\/\" \/>\n<meta property=\"og:locale\" content=\"vi_VN\" \/>\n<meta property=\"og:type\" content=\"article\" \/>\n<meta property=\"og:title\" content=\"Sofa H\u00f9ng King 3 Ch\u1ed7 1M8 (V\u1ea3i G\u1ed1i Vact 3231) - noithatnhadep\" \/>\n<meta property=\"og:description\" content=\"B\u1ed9 sofa H\u00f9ng King 3 ch\u1ed7 v\u1edbi thi\u1ebft k\u1ebf thanh l\u1ecbch, h\u00f2a quy\u1ec7n gi\u1eefa v\u1ebb \u0111\u1eb9p t\u1ef1 nhi\u00ean c\u1ee7a g\u1ed7 beech v\u00e0 s\u1ef1 m\u1ec1m m\u1ea1ic\u1ee7a n\u1ec7m, mang \u0111\u1ebfn kh\u00f4ng gian ti\u1ebfp kh\u00e1ch tinh t\u1ebf.\" \/>\n<meta property=\"og:url\" content=\"https:\/\/noithatnhadep.azdigi.shop\/index.php\/san-pham\/sofa-hung-king-3-cho-1m8-vai-goi-vact-3231\/\" \/>\n<meta property=\"og:site_name\" content=\"noithatnhadep\" \/>\n<meta property=\"article:modified_time\" content=\"2026-04-30T01:09:32+00:00\" \/>\n<meta property=\"og:image\" content=\"https:\/\/noithatnhadep.azdigi.shop\/wp-content\/uploads\/2026\/04\/Screenshot-2026-04-28-164420-1.png\" \/>\n\t<meta property=\"og:image:width\" content=\"555\" \/>\n\t<meta property=\"og:image:height\" content=\"390\" \/>\n\t<meta property=\"og:image:type\" content=\"image\/png\" \/>\n<meta name=\"twitter:card\" content=\"summary_large_image\" \/>\n<meta name=\"twitter:label1\" content=\"\u01af\u1edbc t\u00ednh th\u1eddi gian \u0111\u1ecdc\" \/>\n\t<meta name=\"twitter:data1\" content=\"5 ph\u00fat\" \/>\n<script type=\"application\/ld+json\" class=\"yoast-schema-graph\">{\"@context\":\"https:\\\/\\\/schema.org\",\"@graph\":[{\"@type\":\"WebPage\",\"@id\":\"https:\\\/\\\/noithatnhadep.azdigi.shop\\\/index.php\\\/san-pham\\\/sofa-hung-king-3-cho-1m8-vai-goi-vact-3231\\\/\",\"url\":\"https:\\\/\\\/noithatnhadep.azdigi.shop\\\/index.php\\\/san-pham\\\/sofa-hung-king-3-cho-1m8-vai-goi-vact-3231\\\/\",\"name\":\"Sofa H\u00f9ng King 3 Ch\u1ed7 1M8 (V\u1ea3i G\u1ed1i Vact 3231) - noithatnhadep\",\"isPartOf\":{\"@id\":\"https:\\\/\\\/noithatnhadep.azdigi.shop\\\/#website\"},\"primaryImageOfPage\":{\"@id\":\"https:\\\/\\\/noithatnhadep.azdigi.shop\\\/index.php\\\/san-pham\\\/sofa-hung-king-3-cho-1m8-vai-goi-vact-3231\\\/#primaryimage\"},\"image\":{\"@id\":\"https:\\\/\\\/noithatnhadep.azdigi.shop\\\/index.php\\\/san-pham\\\/sofa-hung-king-3-cho-1m8-vai-goi-vact-3231\\\/#primaryimage\"},\"thumbnailUrl\":\"https:\\\/\\\/noithatnhadep.azdigi.shop\\\/wp-content\\\/uploads\\\/2026\\\/04\\\/Screenshot-2026-04-28-164420-1.png\",\"datePublished\":\"2026-04-28T09:57:38+00:00\",\"dateModified\":\"2026-04-30T01:09:32+00:00\",\"description\":\"B\u1ed9 sofa H\u00f9ng King 3 ch\u1ed7 v\u1edbi thi\u1ebft k\u1ebf thanh l\u1ecbch, h\u00f2a quy\u1ec7n gi\u1eefa v\u1ebb \u0111\u1eb9p t\u1ef1 nhi\u00ean c\u1ee7a g\u1ed7 beech v\u00e0 s\u1ef1 m\u1ec1m m\u1ea1ic\u1ee7a n\u1ec7m, mang \u0111\u1ebfn kh\u00f4ng gian ti\u1ebfp kh\u00e1ch tinh t\u1ebf.\",\"breadcrumb\":{\"@id\":\"https:\\\/\\\/noithatnhadep.azdigi.shop\\\/index.php\\\/san-pham\\\/sofa-hung-king-3-cho-1m8-vai-goi-vact-3231\\\/#breadcrumb\"},\"inLanguage\":\"vi\",\"potentialAction\":[{\"@type\":\"ReadAction\",\"target\":[\"https:\\\/\\\/noithatnhadep.azdigi.shop\\\/index.php\\\/san-pham\\\/sofa-hung-king-3-cho-1m8-vai-goi-vact-3231\\\/\"]}]},{\"@type\":\"ImageObject\",\"inLanguage\":\"vi\",\"@id\":\"https:\\\/\\\/noithatnhadep.azdigi.shop\\\/index.php\\\/san-pham\\\/sofa-hung-king-3-cho-1m8-vai-goi-vact-3231\\\/#primaryimage\",\"url\":\"https:\\\/\\\/noithatnhadep.azdigi.shop\\\/wp-content\\\/uploads\\\/2026\\\/04\\\/Screenshot-2026-04-28-164420-1.png\",\"contentUrl\":\"https:\\\/\\\/noithatnhadep.azdigi.shop\\\/wp-content\\\/uploads\\\/2026\\\/04\\\/Screenshot-2026-04-28-164420-1.png\",\"width\":555,\"height\":390},{\"@type\":\"BreadcrumbList\",\"@id\":\"https:\\\/\\\/noithatnhadep.azdigi.shop\\\/index.php\\\/san-pham\\\/sofa-hung-king-3-cho-1m8-vai-goi-vact-3231\\\/#breadcrumb\",\"itemListElement\":[{\"@type\":\"ListItem\",\"position\":1,\"name\":\"Trang ch\u1ee7\",\"item\":\"https:\\\/\\\/noithatnhadep.azdigi.shop\\\/\"},{\"@type\":\"ListItem\",\"position\":2,\"name\":\"C\u1eeda h\u00e0ng\",\"item\":\"https:\\\/\\\/noithatnhadep.azdigi.shop\\\/index.php\\\/cua-hang\\\/\"},{\"@type\":\"ListItem\",\"position\":3,\"name\":\"Sofa H\u00f9ng King 3 Ch\u1ed7 1M8 (V\u1ea3i G\u1ed1i Vact 3231)\"}]},{\"@type\":\"WebSite\",\"@id\":\"https:\\\/\\\/noithatnhadep.azdigi.shop\\\/#website\",\"url\":\"https:\\\/\\\/noithatnhadep.azdigi.shop\\\/\",\"name\":\"noithatnhadep\",\"description\":\"\",\"potentialAction\":[{\"@type\":\"SearchAction\",\"target\":{\"@type\":\"EntryPoint\",\"urlTemplate\":\"https:\\\/\\\/noithatnhadep.azdigi.shop\\\/?s={search_term_string}\"},\"query-input\":{\"@type\":\"PropertyValueSpecification\",\"valueRequired\":true,\"valueName\":\"search_term_string\"}}],\"inLanguage\":\"vi\"}]}<\/script>\n<!-- \/ Yoast SEO plugin. -->","yoast_head_json":{"title":"Sofa H\u00f9ng King 3 Ch\u1ed7 1M8 (V\u1ea3i G\u1ed1i Vact 3231) - noithatnhadep","description":"B\u1ed9 sofa H\u00f9ng King 3 ch\u1ed7 v\u1edbi thi\u1ebft k\u1ebf thanh l\u1ecbch, h\u00f2a quy\u1ec7n gi\u1eefa v\u1ebb \u0111\u1eb9p t\u1ef1 nhi\u00ean c\u1ee7a g\u1ed7 beech v\u00e0 s\u1ef1 m\u1ec1m m\u1ea1ic\u1ee7a n\u1ec7m, mang \u0111\u1ebfn kh\u00f4ng gian ti\u1ebfp kh\u00e1ch tinh t\u1ebf.","robots":{"index":"index","follow":"follow","max-snippet":"max-snippet:-1","max-image-preview":"max-image-preview:large","max-video-preview":"max-video-preview:-1"},"canonical":"https:\/\/noithatnhadep.azdigi.shop\/index.php\/san-pham\/sofa-hung-king-3-cho-1m8-vai-goi-vact-3231\/","og_locale":"vi_VN","og_type":"article","og_title":"Sofa H\u00f9ng King 3 Ch\u1ed7 1M8 (V\u1ea3i G\u1ed1i Vact 3231) - noithatnhadep","og_description":"B\u1ed9 sofa H\u00f9ng King 3 ch\u1ed7 v\u1edbi thi\u1ebft k\u1ebf thanh l\u1ecbch, h\u00f2a quy\u1ec7n gi\u1eefa v\u1ebb \u0111\u1eb9p t\u1ef1 nhi\u00ean c\u1ee7a g\u1ed7 beech v\u00e0 s\u1ef1 m\u1ec1m m\u1ea1ic\u1ee7a n\u1ec7m, mang \u0111\u1ebfn kh\u00f4ng gian ti\u1ebfp kh\u00e1ch tinh t\u1ebf.","og_url":"https:\/\/noithatnhadep.azdigi.shop\/index.php\/san-pham\/sofa-hung-king-3-cho-1m8-vai-goi-vact-3231\/","og_site_name":"noithatnhadep","article_modified_time":"2026-04-30T01:09:32+00:00","og_image":[{"width":555,"height":390,"url":"https:\/\/noithatnhadep.azdigi.shop\/wp-content\/uploads\/2026\/04\/Screenshot-2026-04-28-164420-1.png","type":"image\/png"}],"twitter_card":"summary_large_image","twitter_misc":{"\u01af\u1edbc t\u00ednh th\u1eddi gian \u0111\u1ecdc":"5 ph\u00fat"},"schema":{"@context":"https:\/\/schema.org","@graph":[{"@type":"WebPage","@id":"https:\/\/noithatnhadep.azdigi.shop\/index.php\/san-pham\/sofa-hung-king-3-cho-1m8-vai-goi-vact-3231\/","url":"https:\/\/noithatnhadep.azdigi.shop\/index.php\/san-pham\/sofa-hung-king-3-cho-1m8-vai-goi-vact-3231\/","name":"Sofa H\u00f9ng King 3 Ch\u1ed7 1M8 (V\u1ea3i G\u1ed1i Vact 3231) - noithatnhadep","isPartOf":{"@id":"https:\/\/noithatnhadep.azdigi.shop\/#website"},"primaryImageOfPage":{"@id":"https:\/\/noithatnhadep.azdigi.shop\/index.php\/san-pham\/sofa-hung-king-3-cho-1m8-vai-goi-vact-3231\/#primaryimage"},"image":{"@id":"https:\/\/noithatnhadep.azdigi.shop\/index.php\/san-pham\/sofa-hung-king-3-cho-1m8-vai-goi-vact-3231\/#primaryimage"},"thumbnailUrl":"https:\/\/noithatnhadep.azdigi.shop\/wp-content\/uploads\/2026\/04\/Screenshot-2026-04-28-164420-1.png","datePublished":"2026-04-28T09:57:38+00:00","dateModified":"2026-04-30T01:09:32+00:00","description":"B\u1ed9 sofa H\u00f9ng King 3 ch\u1ed7 v\u1edbi thi\u1ebft k\u1ebf thanh l\u1ecbch, h\u00f2a quy\u1ec7n gi\u1eefa v\u1ebb \u0111\u1eb9p t\u1ef1 nhi\u00ean c\u1ee7a g\u1ed7 beech v\u00e0 s\u1ef1 m\u1ec1m m\u1ea1ic\u1ee7a n\u1ec7m, mang \u0111\u1ebfn kh\u00f4ng gian ti\u1ebfp kh\u00e1ch tinh t\u1ebf.","breadcrumb":{"@id":"https:\/\/noithatnhadep.azdigi.shop\/index.php\/san-pham\/sofa-hung-king-3-cho-1m8-vai-goi-vact-3231\/#breadcrumb"},"inLanguage":"vi","potentialAction":[{"@type":"ReadAction","target":["https:\/\/noithatnhadep.azdigi.shop\/index.php\/san-pham\/sofa-hung-king-3-cho-1m8-vai-goi-vact-3231\/"]}]},{"@type":"ImageObject","inLanguage":"vi","@id":"https:\/\/noithatnhadep.azdigi.shop\/index.php\/san-pham\/sofa-hung-king-3-cho-1m8-vai-goi-vact-3231\/#primaryimage","url":"https:\/\/noithatnhadep.azdigi.shop\/wp-content\/uploads\/2026\/04\/Screenshot-2026-04-28-164420-1.png","contentUrl":"https:\/\/noithatnhadep.azdigi.shop\/wp-content\/uploads\/2026\/04\/Screenshot-2026-04-28-164420-1.png","width":555,"height":390},{"@type":"BreadcrumbList","@id":"https:\/\/noithatnhadep.azdigi.shop\/index.php\/san-pham\/sofa-hung-king-3-cho-1m8-vai-goi-vact-3231\/#breadcrumb","itemListElement":[{"@type":"ListItem","position":1,"name":"Trang ch\u1ee7","item":"https:\/\/noithatnhadep.azdigi.shop\/"},{"@type":"ListItem","position":2,"name":"C\u1eeda h\u00e0ng","item":"https:\/\/noithatnhadep.azdigi.shop\/index.php\/cua-hang\/"},{"@type":"ListItem","position":3,"name":"Sofa H\u00f9ng King 3 Ch\u1ed7 1M8 (V\u1ea3i G\u1ed1i Vact 3231)"}]},{"@type":"WebSite","@id":"https:\/\/noithatnhadep.azdigi.shop\/#website","url":"https:\/\/noithatnhadep.azdigi.shop\/","name":"noithatnhadep","description":"","potentialAction":[{"@type":"SearchAction","target":{"@type":"EntryPoint","urlTemplate":"https:\/\/noithatnhadep.azdigi.shop\/?s={search_term_string}"},"query-input":{"@type":"PropertyValueSpecification","valueRequired":true,"valueName":"search_term_string"}}],"inLanguage":"vi"}]}},"_links":{"self":[{"href":"https:\/\/noithatnhadep.azdigi.shop\/index.php\/wp-json\/wp\/v2\/product\/98","targetHints":{"allow":["GET"]}}],"collection":[{"href":"https:\/\/noithatnhadep.azdigi.shop\/index.php\/wp-json\/wp\/v2\/product"}],"about":[{"href":"https:\/\/noithatnhadep.azdigi.shop\/index.php\/wp-json\/wp\/v2\/types\/product"}],"replies":[{"embeddable":true,"href":"https:\/\/noithatnhadep.azdigi.shop\/index.php\/wp-json\/wp\/v2\/comments?post=98"}],"wp:featuredmedia":[{"embeddable":true,"href":"https:\/\/noithatnhadep.azdigi.shop\/index.php\/wp-json\/wp\/v2\/media\/125"}],"wp:attachment":[{"href":"https:\/\/noithatnhadep.azdigi.shop\/index.php\/wp-json\/wp\/v2\/media?parent=98"}],"wp:term":[{"taxonomy":"product_brand","embeddable":true,"href":"https:\/\/noithatnhadep.azdigi.shop\/index.php\/wp-json\/wp\/v2\/product_brand?post=98"},{"taxonomy":"product_cat","embeddable":true,"href":"https:\/\/noithatnhadep.azdigi.shop\/index.php\/wp-json\/wp\/v2\/product_cat?post=98"},{"taxonomy":"product_tag","embeddable":true,"href":"https:\/\/noithatnhadep.azdigi.shop\/index.php\/wp-json\/wp\/v2\/product_tag?post=98"}],"curies":[{"name":"wp","href":"https:\/\/api.w.org\/{rel}","templated":true}]}}