{"id":410,"date":"2026-04-29T17:02:31","date_gmt":"2026-04-29T17:02:31","guid":{"rendered":"https:\/\/noithatnhadep.azdigi.shop\/?post_type=product&#038;p=410"},"modified":"2026-04-29T18:59:42","modified_gmt":"2026-04-29T18:59:42","slug":"ban-dau-giuong-bridge","status":"publish","type":"product","link":"https:\/\/noithatnhadep.azdigi.shop\/index.php\/san-pham\/ban-dau-giuong-bridge\/","title":{"rendered":"B\u00e0n \u0110\u1ea7u Gi\u01b0\u1eddng Bridge"},"content":{"rendered":"<h1 class=\"product-title product_title entry-title\"><strong>B\u00e0n \u0110\u1ea7u Gi\u01b0\u1eddng Bridge<\/strong><\/h1>\n<h2><strong>Gi\u1edbi thi\u1ec7u<\/strong><\/h2>\n<p>N\u1eb1m trong BST Bridge, b\u00e0n \u0111\u1ea7u gi\u01b0\u1eddng Bridge \u0111\u01b0\u1ee3c t\u1ea1o n\u00ean t\u1eeb t\u00ecnh y\u00eau thi\u00ean nhi\u00ean v\u00e0 ni\u1ec1m \u0111am m\u00ea g\u1ed7. Ch\u1ebf t\u00e1c t\u1eeb g\u1ed7 s\u1ed3i t\u1ef1 nhi\u00ean v\u1edbi c\u00e1c c\u1ea1nh bo tr\u00f2n m\u1ec1m m\u1ea1i, t\u00f4n tinh th\u1ea7n Scandinavian t\u1ed1i gi\u1ea3n. B\u1ec1 m\u1eb7t ho\u00e0n thi\u1ec7n d\u1ea7u ti\u00eau chu\u1ea9n Nh\u1eadt B\u1ea3n cho c\u1ea3m gi\u00e1c ch\u1ea1m \u1ea5m \u00e1p v\u00e0 ch\u00e2n th\u1ef1c. Thi\u1ebft k\u1ebf 1 ng\u0103n k\u00e9o g\u1ecdn g\u00e0ng gi\u00fap l\u01b0u tr\u1eef nh\u1eefng v\u1eadt d\u1ee5ng \u0111\u1ea7u gi\u01b0\u1eddng ng\u0103n n\u1eafp, d\u1ec5 l\u1ea5y<\/p>\n<ul>\n<li><strong>Ch\u1ea5t li\u1ec7u:<\/strong>\u00a0G\u1ed7 s\u1ed3i tr\u1eafng nh\u1eadp kh\u1ea9u t\u1eeb M\u1ef9<\/li>\n<li><strong>Thi\u1ebft k\u1ebf:<\/strong>\u00a0C\u1ea1nh bo tr\u00f2n; 1 ng\u0103n k\u00e9o m\u1eb7t tr\u01b0\u1edbc ph\u1eb3ng, tay n\u1eafm \u1ea9n<\/li>\n<li><strong>C\u00f4ng n\u0103ng:<\/strong>\u00a0\u0110\u1eb7t \u0111\u1ea7u gi\u01b0\u1eddng\/\u0111\u1ea7u sofa l\u00e0m b\u00e0n c\u1ea1nh<\/li>\n<li><strong>\u0110\u00f3ng g\u00f3i:<\/strong>\u00a01 b\u00e0n \u0111\u1ea7u gi\u01b0\u1eddng<\/li>\n<li><strong>Xu\u1ea5t x\u1ee9:<\/strong>\u00a0Vi\u1ec7t Nam (theo ti\u00eau chu\u1ea9n Nh\u1eadt B\u1ea3n)<\/li>\n<\/ul>\n","protected":false},"excerpt":{"rendered":"<ul>\n<li><strong>Ch\u1ea5t li\u1ec7u:<\/strong>\u00a0G\u1ed7 s\u1ed3i tr\u1eafng nh\u1eadp kh\u1ea9u t\u1eeb M\u1ef9<\/li>\n<li><strong>Thi\u1ebft k\u1ebf:<\/strong>\u00a0C\u1ea1nh bo tr\u00f2n; 1 ng\u0103n k\u00e9o m\u1eb7t tr\u01b0\u1edbc ph\u1eb3ng, tay n\u1eafm \u1ea9n<\/li>\n<li><strong>C\u00f4ng n\u0103ng:<\/strong>\u00a0\u0110\u1eb7t \u0111\u1ea7u gi\u01b0\u1eddng\/\u0111\u1ea7u sofa l\u00e0m b\u00e0n c\u1ea1nh<\/li>\n<li><strong>\u0110\u00f3ng g\u00f3i:<\/strong>\u00a01 b\u00e0n \u0111\u1ea7u gi\u01b0\u1eddng<\/li>\n<li><strong>Xu\u1ea5t x\u1ee9:<\/strong>\u00a0Vi\u1ec7t Nam (theo ti\u00eau chu\u1ea9n Nh\u1eadt B\u1ea3n)<\/li>\n<\/ul>\n","protected":false},"featured_media":413,"comment_status":"open","ping_status":"closed","template":"","meta":[],"product_brand":[],"product_cat":[34,39],"product_tag":[],"class_list":{"0":"post-410","1":"product","2":"type-product","3":"status-publish","4":"has-post-thumbnail","6":"product_cat-ban-dau-giuong","7":"product_cat-san-pham","9":"first","10":"instock","11":"shipping-taxable","12":"purchasable","13":"product-type-variable"},"yoast_head":"<!-- This site is optimized with the Yoast SEO plugin v27.4 - https:\/\/yoast.com\/product\/yoast-seo-wordpress\/ -->\n<title>B\u00e0n \u0110\u1ea7u Gi\u01b0\u1eddng Bridge - noithatnhadep<\/title>\n<meta name=\"description\" content=\"B\u00e0n \u0110\u1ea7u Gi\u01b0\u1eddng Bridge.\" \/>\n<meta name=\"robots\" content=\"index, follow, max-snippet:-1, max-image-preview:large, max-video-preview:-1\" \/>\n<link rel=\"canonical\" href=\"https:\/\/noithatnhadep.azdigi.shop\/index.php\/san-pham\/ban-dau-giuong-bridge\/\" \/>\n<meta property=\"og:locale\" content=\"vi_VN\" \/>\n<meta property=\"og:type\" content=\"article\" \/>\n<meta property=\"og:title\" content=\"B\u00e0n \u0110\u1ea7u Gi\u01b0\u1eddng Bridge - noithatnhadep\" \/>\n<meta property=\"og:description\" content=\"B\u00e0n \u0110\u1ea7u Gi\u01b0\u1eddng Bridge.\" \/>\n<meta property=\"og:url\" content=\"https:\/\/noithatnhadep.azdigi.shop\/index.php\/san-pham\/ban-dau-giuong-bridge\/\" \/>\n<meta property=\"og:site_name\" content=\"noithatnhadep\" \/>\n<meta property=\"article:modified_time\" content=\"2026-04-29T18:59:42+00:00\" \/>\n<meta property=\"og:image\" content=\"https:\/\/noithatnhadep.azdigi.shop\/wp-content\/uploads\/2026\/04\/Ban-dau-giuong-Bridge-mau-DB.webp\" \/>\n\t<meta property=\"og:image:width\" content=\"1000\" \/>\n\t<meta property=\"og:image:height\" content=\"666\" \/>\n\t<meta property=\"og:image:type\" content=\"image\/webp\" \/>\n<meta name=\"twitter:card\" content=\"summary_large_image\" \/>\n<meta name=\"twitter:label1\" content=\"\u01af\u1edbc t\u00ednh th\u1eddi gian \u0111\u1ecdc\" \/>\n\t<meta name=\"twitter:data1\" content=\"1 ph\u00fat\" \/>\n<script type=\"application\/ld+json\" class=\"yoast-schema-graph\">{\"@context\":\"https:\\\/\\\/schema.org\",\"@graph\":[{\"@type\":\"WebPage\",\"@id\":\"https:\\\/\\\/noithatnhadep.azdigi.shop\\\/index.php\\\/san-pham\\\/ban-dau-giuong-bridge\\\/\",\"url\":\"https:\\\/\\\/noithatnhadep.azdigi.shop\\\/index.php\\\/san-pham\\\/ban-dau-giuong-bridge\\\/\",\"name\":\"B\u00e0n \u0110\u1ea7u Gi\u01b0\u1eddng Bridge - noithatnhadep\",\"isPartOf\":{\"@id\":\"https:\\\/\\\/noithatnhadep.azdigi.shop\\\/#website\"},\"primaryImageOfPage\":{\"@id\":\"https:\\\/\\\/noithatnhadep.azdigi.shop\\\/index.php\\\/san-pham\\\/ban-dau-giuong-bridge\\\/#primaryimage\"},\"image\":{\"@id\":\"https:\\\/\\\/noithatnhadep.azdigi.shop\\\/index.php\\\/san-pham\\\/ban-dau-giuong-bridge\\\/#primaryimage\"},\"thumbnailUrl\":\"https:\\\/\\\/noithatnhadep.azdigi.shop\\\/wp-content\\\/uploads\\\/2026\\\/04\\\/Ban-dau-giuong-Bridge-mau-DB.webp\",\"datePublished\":\"2026-04-29T17:02:31+00:00\",\"dateModified\":\"2026-04-29T18:59:42+00:00\",\"description\":\"B\u00e0n \u0110\u1ea7u Gi\u01b0\u1eddng Bridge.\",\"breadcrumb\":{\"@id\":\"https:\\\/\\\/noithatnhadep.azdigi.shop\\\/index.php\\\/san-pham\\\/ban-dau-giuong-bridge\\\/#breadcrumb\"},\"inLanguage\":\"vi\",\"potentialAction\":[{\"@type\":\"ReadAction\",\"target\":[\"https:\\\/\\\/noithatnhadep.azdigi.shop\\\/index.php\\\/san-pham\\\/ban-dau-giuong-bridge\\\/\"]}]},{\"@type\":\"ImageObject\",\"inLanguage\":\"vi\",\"@id\":\"https:\\\/\\\/noithatnhadep.azdigi.shop\\\/index.php\\\/san-pham\\\/ban-dau-giuong-bridge\\\/#primaryimage\",\"url\":\"https:\\\/\\\/noithatnhadep.azdigi.shop\\\/wp-content\\\/uploads\\\/2026\\\/04\\\/Ban-dau-giuong-Bridge-mau-DB.webp\",\"contentUrl\":\"https:\\\/\\\/noithatnhadep.azdigi.shop\\\/wp-content\\\/uploads\\\/2026\\\/04\\\/Ban-dau-giuong-Bridge-mau-DB.webp\",\"width\":1000,\"height\":666,\"caption\":\"B\u00e0n \u0110\u1ea7u Gi\u01b0\u1eddng Bridge\"},{\"@type\":\"BreadcrumbList\",\"@id\":\"https:\\\/\\\/noithatnhadep.azdigi.shop\\\/index.php\\\/san-pham\\\/ban-dau-giuong-bridge\\\/#breadcrumb\",\"itemListElement\":[{\"@type\":\"ListItem\",\"position\":1,\"name\":\"Trang ch\u1ee7\",\"item\":\"https:\\\/\\\/noithatnhadep.azdigi.shop\\\/\"},{\"@type\":\"ListItem\",\"position\":2,\"name\":\"C\u1eeda h\u00e0ng\",\"item\":\"https:\\\/\\\/noithatnhadep.azdigi.shop\\\/index.php\\\/cua-hang\\\/\"},{\"@type\":\"ListItem\",\"position\":3,\"name\":\"B\u00e0n \u0110\u1ea7u Gi\u01b0\u1eddng Bridge\"}]},{\"@type\":\"WebSite\",\"@id\":\"https:\\\/\\\/noithatnhadep.azdigi.shop\\\/#website\",\"url\":\"https:\\\/\\\/noithatnhadep.azdigi.shop\\\/\",\"name\":\"noithatnhadep\",\"description\":\"\",\"potentialAction\":[{\"@type\":\"SearchAction\",\"target\":{\"@type\":\"EntryPoint\",\"urlTemplate\":\"https:\\\/\\\/noithatnhadep.azdigi.shop\\\/?s={search_term_string}\"},\"query-input\":{\"@type\":\"PropertyValueSpecification\",\"valueRequired\":true,\"valueName\":\"search_term_string\"}}],\"inLanguage\":\"vi\"}]}<\/script>\n<!-- \/ Yoast SEO plugin. -->","yoast_head_json":{"title":"B\u00e0n \u0110\u1ea7u Gi\u01b0\u1eddng Bridge - noithatnhadep","description":"B\u00e0n \u0110\u1ea7u Gi\u01b0\u1eddng Bridge.","robots":{"index":"index","follow":"follow","max-snippet":"max-snippet:-1","max-image-preview":"max-image-preview:large","max-video-preview":"max-video-preview:-1"},"canonical":"https:\/\/noithatnhadep.azdigi.shop\/index.php\/san-pham\/ban-dau-giuong-bridge\/","og_locale":"vi_VN","og_type":"article","og_title":"B\u00e0n \u0110\u1ea7u Gi\u01b0\u1eddng Bridge - noithatnhadep","og_description":"B\u00e0n \u0110\u1ea7u Gi\u01b0\u1eddng Bridge.","og_url":"https:\/\/noithatnhadep.azdigi.shop\/index.php\/san-pham\/ban-dau-giuong-bridge\/","og_site_name":"noithatnhadep","article_modified_time":"2026-04-29T18:59:42+00:00","og_image":[{"width":1000,"height":666,"url":"https:\/\/noithatnhadep.azdigi.shop\/wp-content\/uploads\/2026\/04\/Ban-dau-giuong-Bridge-mau-DB.webp","type":"image\/webp"}],"twitter_card":"summary_large_image","twitter_misc":{"\u01af\u1edbc t\u00ednh th\u1eddi gian \u0111\u1ecdc":"1 ph\u00fat"},"schema":{"@context":"https:\/\/schema.org","@graph":[{"@type":"WebPage","@id":"https:\/\/noithatnhadep.azdigi.shop\/index.php\/san-pham\/ban-dau-giuong-bridge\/","url":"https:\/\/noithatnhadep.azdigi.shop\/index.php\/san-pham\/ban-dau-giuong-bridge\/","name":"B\u00e0n \u0110\u1ea7u Gi\u01b0\u1eddng Bridge - noithatnhadep","isPartOf":{"@id":"https:\/\/noithatnhadep.azdigi.shop\/#website"},"primaryImageOfPage":{"@id":"https:\/\/noithatnhadep.azdigi.shop\/index.php\/san-pham\/ban-dau-giuong-bridge\/#primaryimage"},"image":{"@id":"https:\/\/noithatnhadep.azdigi.shop\/index.php\/san-pham\/ban-dau-giuong-bridge\/#primaryimage"},"thumbnailUrl":"https:\/\/noithatnhadep.azdigi.shop\/wp-content\/uploads\/2026\/04\/Ban-dau-giuong-Bridge-mau-DB.webp","datePublished":"2026-04-29T17:02:31+00:00","dateModified":"2026-04-29T18:59:42+00:00","description":"B\u00e0n \u0110\u1ea7u Gi\u01b0\u1eddng Bridge.","breadcrumb":{"@id":"https:\/\/noithatnhadep.azdigi.shop\/index.php\/san-pham\/ban-dau-giuong-bridge\/#breadcrumb"},"inLanguage":"vi","potentialAction":[{"@type":"ReadAction","target":["https:\/\/noithatnhadep.azdigi.shop\/index.php\/san-pham\/ban-dau-giuong-bridge\/"]}]},{"@type":"ImageObject","inLanguage":"vi","@id":"https:\/\/noithatnhadep.azdigi.shop\/index.php\/san-pham\/ban-dau-giuong-bridge\/#primaryimage","url":"https:\/\/noithatnhadep.azdigi.shop\/wp-content\/uploads\/2026\/04\/Ban-dau-giuong-Bridge-mau-DB.webp","contentUrl":"https:\/\/noithatnhadep.azdigi.shop\/wp-content\/uploads\/2026\/04\/Ban-dau-giuong-Bridge-mau-DB.webp","width":1000,"height":666,"caption":"B\u00e0n \u0110\u1ea7u Gi\u01b0\u1eddng Bridge"},{"@type":"BreadcrumbList","@id":"https:\/\/noithatnhadep.azdigi.shop\/index.php\/san-pham\/ban-dau-giuong-bridge\/#breadcrumb","itemListElement":[{"@type":"ListItem","position":1,"name":"Trang ch\u1ee7","item":"https:\/\/noithatnhadep.azdigi.shop\/"},{"@type":"ListItem","position":2,"name":"C\u1eeda h\u00e0ng","item":"https:\/\/noithatnhadep.azdigi.shop\/index.php\/cua-hang\/"},{"@type":"ListItem","position":3,"name":"B\u00e0n \u0110\u1ea7u Gi\u01b0\u1eddng Bridge"}]},{"@type":"WebSite","@id":"https:\/\/noithatnhadep.azdigi.shop\/#website","url":"https:\/\/noithatnhadep.azdigi.shop\/","name":"noithatnhadep","description":"","potentialAction":[{"@type":"SearchAction","target":{"@type":"EntryPoint","urlTemplate":"https:\/\/noithatnhadep.azdigi.shop\/?s={search_term_string}"},"query-input":{"@type":"PropertyValueSpecification","valueRequired":true,"valueName":"search_term_string"}}],"inLanguage":"vi"}]}},"_links":{"self":[{"href":"https:\/\/noithatnhadep.azdigi.shop\/index.php\/wp-json\/wp\/v2\/product\/410","targetHints":{"allow":["GET"]}}],"collection":[{"href":"https:\/\/noithatnhadep.azdigi.shop\/index.php\/wp-json\/wp\/v2\/product"}],"about":[{"href":"https:\/\/noithatnhadep.azdigi.shop\/index.php\/wp-json\/wp\/v2\/types\/product"}],"replies":[{"embeddable":true,"href":"https:\/\/noithatnhadep.azdigi.shop\/index.php\/wp-json\/wp\/v2\/comments?post=410"}],"wp:featuredmedia":[{"embeddable":true,"href":"https:\/\/noithatnhadep.azdigi.shop\/index.php\/wp-json\/wp\/v2\/media\/413"}],"wp:attachment":[{"href":"https:\/\/noithatnhadep.azdigi.shop\/index.php\/wp-json\/wp\/v2\/media?parent=410"}],"wp:term":[{"taxonomy":"product_brand","embeddable":true,"href":"https:\/\/noithatnhadep.azdigi.shop\/index.php\/wp-json\/wp\/v2\/product_brand?post=410"},{"taxonomy":"product_cat","embeddable":true,"href":"https:\/\/noithatnhadep.azdigi.shop\/index.php\/wp-json\/wp\/v2\/product_cat?post=410"},{"taxonomy":"product_tag","embeddable":true,"href":"https:\/\/noithatnhadep.azdigi.shop\/index.php\/wp-json\/wp\/v2\/product_tag?post=410"}],"curies":[{"name":"wp","href":"https:\/\/api.w.org\/{rel}","templated":true}]}}