{"id":403,"date":"2026-04-29T16:50:22","date_gmt":"2026-04-29T16:50:22","guid":{"rendered":"https:\/\/noithatnhadep.azdigi.shop\/?post_type=product&#038;p=403"},"modified":"2026-04-29T16:50:22","modified_gmt":"2026-04-29T16:50:22","slug":"tu-tivi-may","status":"publish","type":"product","link":"https:\/\/noithatnhadep.azdigi.shop\/index.php\/san-pham\/tu-tivi-may\/","title":{"rendered":"T\u1ee7 Tivi M\u00e2y"},"content":{"rendered":"<h4 class=\"product-title product_title entry-title\" style=\"text-align: center;\">T\u1ee7 Tivi M\u00e2y<\/h4>\n<p>T\u1ee7 tivi M\u00e2y v\u1edbi thi\u1ebft k\u1ebf g\u1ed3m 6 ng\u0103n \u0111\u1ef1ng. Hai ng\u0103n hai b\u00ean \u0111\u01b0\u1ee3c gia c\u00f4ng v\u1edbi hai c\u00e1nh t\u1ee7 m\u1edf ra \u0111\u00f3ng v\u00e0o ti\u1ec7n l\u1ee3i. Ng\u0103n ch\u00ednh gi\u1eefa c\u00f3 di\u1ec7n t\u00edch l\u1edbn nh\u1ea5t d\u00f9ng \u0111\u1ec3 \u0111\u1ef1ng nh\u1eefng m\u00f3n \u0111\u1ed3 trang tr\u00ed ho\u1eb7c c\u00e1c s\u1ea3n ph\u1ea9m \u0111i\u1ec7n t\u1eed. Ch\u1ea5t li\u1ec7u g\u1ed7 t\u1ea7n b\u00ec t\u1ea1o c\u1ea3m gi\u00e1c ch\u1eafc ch\u1eafn cho s\u1ea3n ph\u1ea9m. \u0110i\u1ec3m \u0111\u1eb7c bi\u1ec7t l\u00e0 ph\u1ea7n c\u00e1nh t\u1ee7 \u0111\u01b0\u1ee3c l\u00e0m t\u1eeb ch\u1ea5t li\u1ec7u M\u00e2y gi\u00fap cho chi\u1ebfc t\u1ee7 tivi mang m\u00e0u s\u1eafc v\u1eeba c\u1ed5 \u0111i\u1ec3n v\u1eeba hi\u1ec7n \u0111\u1ea1i. B\u1ec1 m\u1eb7t \u0111\u00e1 marble m\u00e0u tr\u1eafng gi\u00fap s\u1ea3n ph\u1ea9m th\u00eam ph\u1ea7n n\u1ed5i b\u1eadt. T\u1ee7 tivi M\u00e2y ph\u00f9 h\u1ee3p v\u1edbi r\u1ea5t nhi\u1ec1u phong c\u00e1ch c\u0103n h\u1ed9.<\/p>\n<h4 data-start=\"700\" data-end=\"712\"><strong data-start=\"700\" data-end=\"712\">B\u1ea2O H\u00c0NH<\/strong><\/h4>\n<p data-start=\"714\" data-end=\"975\">C\u00e1c s\u1ea3n ph\u1ea9m n\u1ed9i th\u1ea5t t\u1ea1i <strong data-start=\"740\" data-end=\"749\">Homie<\/strong> \u0111\u01b0\u1ee3c s\u1ea3n xu\u1ea5t v\u1edbi quy tr\u00ecnh ki\u1ec3m so\u00e1t ch\u1ea5t l\u01b0\u1ee3ng nghi\u00eam ng\u1eb7t, t\u1eeb kh\u00e2u l\u1ef1a ch\u1ecdn nguy\u00ean v\u1eadt li\u1ec7u \u0111\u1ebfn ho\u00e0n thi\u1ec7n s\u1ea3n ph\u1ea9m. M\u1ed7i s\u1ea3n ph\u1ea9m tr\u01b0\u1edbc khi \u0111\u1ebfn tay kh\u00e1ch h\u00e0ng \u0111\u1ec1u \u0111\u01b0\u1ee3c ki\u1ec3m tra k\u1ef9 l\u01b0\u1ee1ng nh\u1eb1m \u0111\u1ea3m b\u1ea3o \u0111\u1ed9 b\u1ec1n v\u00e0 t\u00ednh th\u1ea9m m\u1ef9.<\/p>\n<p data-start=\"977\" data-end=\"1201\">Homie \u00e1p d\u1ee5ng ch\u00ednh s\u00e1ch b\u1ea3o h\u00e0nh <strong data-start=\"1011\" data-end=\"1023\">12 th\u00e1ng<\/strong> \u0111\u1ed1i v\u1edbi c\u00e1c l\u1ed7i k\u1ef9 thu\u1eadt ph\u00e1t sinh t\u1eeb qu\u00e1 tr\u00ecnh s\u1ea3n xu\u1ea5t ho\u1eb7c l\u1eafp \u0111\u1eb7t. Khi s\u1ea3n ph\u1ea9m g\u1eb7p s\u1ef1 c\u1ed1, qu\u00fd kh\u00e1ch vui l\u00f2ng li\u00ean h\u1ec7 ngay v\u1edbi Homie \u0111\u1ec3 \u0111\u01b0\u1ee3c h\u1ed7 tr\u1ee3, <strong data-start=\"1177\" data-end=\"1200\">kh\u00f4ng t\u1ef1 \u00fd s\u1eeda ch\u1eefa<\/strong>.<\/p>\n<p data-start=\"1203\" data-end=\"1335\">Sau khi h\u1ebft th\u1eddi h\u1ea1n b\u1ea3o h\u00e0nh, n\u1ebfu c\u00f3 nhu c\u1ea7u h\u1ed7 tr\u1ee3 ho\u1eb7c s\u1eeda ch\u1eefa, qu\u00fd kh\u00e1ch v\u1eabn c\u00f3 th\u1ec3 li\u00ean h\u1ec7 Homie \u0111\u1ec3 \u0111\u01b0\u1ee3c t\u01b0 v\u1ea5n v\u00e0 gi\u1ea3i quy\u1ebft.<\/p>\n<p data-start=\"1337\" data-end=\"1376\"><strong data-start=\"1337\" data-end=\"1376\">C\u00e1c tr\u01b0\u1eddng h\u1ee3p kh\u00f4ng \u0111\u01b0\u1ee3c b\u1ea3o h\u00e0nh:<\/strong><\/p>\n<ul data-start=\"1377\" data-end=\"1730\">\n<li data-section-id=\"7rml3c\" data-start=\"1377\" data-end=\"1458\">Kh\u00e1ch h\u00e0ng t\u1ef1 \u00fd s\u1eeda ch\u1eefa khi s\u1ea3n ph\u1ea9m g\u1eb7p s\u1ef1 c\u1ed1 m\u00e0 kh\u00f4ng th\u00f4ng b\u00e1o cho Homie.<\/li>\n<li data-section-id=\"17t3xm\" data-start=\"1459\" data-end=\"1539\">S\u1eed d\u1ee5ng kh\u00f4ng \u0111\u00fang h\u01b0\u1edbng d\u1eabn, g\u00e2y tr\u1ea7y x\u01b0\u1edbc, m\u00f3p m\u00e9o, b\u00e1m b\u1ea9n ho\u1eb7c phai m\u00e0u.<\/li>\n<li data-section-id=\"1g2hlm9\" data-start=\"1540\" data-end=\"1645\">H\u01b0 h\u1ecfng do t\u00e1c \u0111\u1ed9ng m\u00f4i tr\u01b0\u1eddng nh\u01b0 \u1ea9m m\u1ed1c, kh\u00f4 n\u1ee9t, m\u1ed1i m\u1ecdt ho\u1eb7c do h\u00f3a ch\u1ea5t, thi\u1ebft b\u1ecb kh\u00f4ng ph\u00f9 h\u1ee3p.<\/li>\n<li data-section-id=\"1i460ey\" data-start=\"1646\" data-end=\"1684\">S\u1ea3n ph\u1ea9m \u0111\u00e3 h\u1ebft th\u1eddi h\u1ea1n b\u1ea3o h\u00e0nh.<\/li>\n<li data-section-id=\"xyuqhs\" data-start=\"1685\" data-end=\"1730\">Kh\u00f4ng c\u00f3 phi\u1ebfu b\u1ea3o h\u00e0nh h\u1ee3p l\u1ec7 c\u1ee7a Homie.<\/li>\n<\/ul>\n<hr data-start=\"1732\" data-end=\"1735\" \/>\n<p data-start=\"1737\" data-end=\"1758\"><strong data-start=\"1737\" data-end=\"1758\">GIAO H\u00c0NG T\u1eacN N\u01a0I<\/strong><\/p>\n<p data-start=\"1760\" data-end=\"1934\" data-is-last-node=\"\" data-is-only-node=\"\">Homie cung c\u1ea5p d\u1ecbch v\u1ee5 giao h\u00e0ng t\u1eadn n\u01a1i, l\u1eafp r\u00e1p v\u00e0 b\u1ed1 tr\u00ed s\u1ea3n ph\u1ea9m theo y\u00eau c\u1ea7u c\u1ee7a kh\u00e1ch h\u00e0ng.<br data-start=\"1857\" data-end=\"1860\" \/>Chi ph\u00ed giao h\u00e0ng s\u1ebd \u0111\u01b0\u1ee3c th\u00f4ng b\u00e1o c\u1ee5 th\u1ec3 d\u1ef1a tr\u00ean t\u1eebng \u0111\u01a1n h\u00e0ng th\u1ef1c t\u1ebf.<\/p>\n","protected":false},"excerpt":{"rendered":"<div class=\"nx-row\"><strong><span class=\"nx-label\">K\u00edch th\u01b0\u1edbc : <\/span><span class=\"nx-value\">D1850 &#8211; R420 &#8211; C550 mm<\/span><\/strong><\/div>\n<div class=\"nx-row\"><strong><span class=\"nx-label\">Ch\u1ea5t li\u1ec7u : <\/span><span class=\"nx-value\">G\u1ed7 t\u1ea7n b\u00ec &#8211; M\u00e2y &#8211; \u0110\u00e1 marble &#8211; Ch\u00e2n b\u1ecdc inox m\u1ea1 gold<\/span><\/strong><\/div>\n","protected":false},"featured_media":404,"comment_status":"open","ping_status":"closed","template":"","meta":[],"product_brand":[],"product_cat":[39,30],"product_tag":[],"class_list":{"0":"post-403","1":"product","2":"type-product","3":"status-publish","4":"has-post-thumbnail","6":"product_cat-san-pham","7":"product_cat-tu-tv","9":"first","10":"instock","11":"sale","12":"shipping-taxable","13":"purchasable","14":"product-type-simple"},"yoast_head":"<!-- This site is optimized with the Yoast SEO plugin v27.4 - https:\/\/yoast.com\/product\/yoast-seo-wordpress\/ -->\n<title>T\u1ee7 Tivi M\u00e2y - noithatnhadep<\/title>\n<meta name=\"description\" content=\"T\u1ee7 tivi M\u00e2y v\u1edbi thi\u1ebft k\u1ebf g\u1ed3m 6 ng\u0103n \u0111\u1ef1ng. Hai ng\u0103n hai b\u00ean \u0111\u01b0\u1ee3c gia c\u00f4ng v\u1edbi hai c\u00e1nh t\u1ee7 m\u1edf ra \u0111\u00f3ng v\u00e0o ti\u1ec7n l\u1ee3i.Ng\u0103n ch\u00ednh gi\u1eefa c\u00f3 di\u1ec7n t\u00edch l\u1edbn nh\u1ea5t\" \/>\n<meta name=\"robots\" content=\"index, follow, max-snippet:-1, max-image-preview:large, max-video-preview:-1\" \/>\n<link rel=\"canonical\" href=\"https:\/\/noithatnhadep.azdigi.shop\/index.php\/san-pham\/tu-tivi-may\/\" \/>\n<meta property=\"og:locale\" content=\"vi_VN\" \/>\n<meta property=\"og:type\" content=\"article\" \/>\n<meta property=\"og:title\" content=\"T\u1ee7 Tivi M\u00e2y - noithatnhadep\" \/>\n<meta property=\"og:description\" content=\"T\u1ee7 tivi M\u00e2y v\u1edbi thi\u1ebft k\u1ebf g\u1ed3m 6 ng\u0103n \u0111\u1ef1ng. Hai ng\u0103n hai b\u00ean \u0111\u01b0\u1ee3c gia c\u00f4ng v\u1edbi hai c\u00e1nh t\u1ee7 m\u1edf ra \u0111\u00f3ng v\u00e0o ti\u1ec7n l\u1ee3i.Ng\u0103n ch\u00ednh gi\u1eefa c\u00f3 di\u1ec7n t\u00edch l\u1edbn nh\u1ea5t\" \/>\n<meta property=\"og:url\" content=\"https:\/\/noithatnhadep.azdigi.shop\/index.php\/san-pham\/tu-tivi-may\/\" \/>\n<meta property=\"og:site_name\" content=\"noithatnhadep\" \/>\n<meta property=\"og:image\" content=\"https:\/\/noithatnhadep.azdigi.shop\/wp-content\/uploads\/2026\/04\/Screenshot-2026-04-29-234629.png\" \/>\n\t<meta property=\"og:image:width\" content=\"716\" \/>\n\t<meta property=\"og:image:height\" content=\"501\" \/>\n\t<meta property=\"og:image:type\" content=\"image\/png\" \/>\n<meta name=\"twitter:card\" content=\"summary_large_image\" \/>\n<meta name=\"twitter:label1\" content=\"\u01af\u1edbc t\u00ednh th\u1eddi gian \u0111\u1ecdc\" \/>\n\t<meta name=\"twitter:data1\" content=\"3 ph\u00fat\" \/>\n<script type=\"application\/ld+json\" class=\"yoast-schema-graph\">{\"@context\":\"https:\\\/\\\/schema.org\",\"@graph\":[{\"@type\":\"WebPage\",\"@id\":\"https:\\\/\\\/noithatnhadep.azdigi.shop\\\/index.php\\\/san-pham\\\/tu-tivi-may\\\/\",\"url\":\"https:\\\/\\\/noithatnhadep.azdigi.shop\\\/index.php\\\/san-pham\\\/tu-tivi-may\\\/\",\"name\":\"T\u1ee7 Tivi M\u00e2y - noithatnhadep\",\"isPartOf\":{\"@id\":\"https:\\\/\\\/noithatnhadep.azdigi.shop\\\/#website\"},\"primaryImageOfPage\":{\"@id\":\"https:\\\/\\\/noithatnhadep.azdigi.shop\\\/index.php\\\/san-pham\\\/tu-tivi-may\\\/#primaryimage\"},\"image\":{\"@id\":\"https:\\\/\\\/noithatnhadep.azdigi.shop\\\/index.php\\\/san-pham\\\/tu-tivi-may\\\/#primaryimage\"},\"thumbnailUrl\":\"https:\\\/\\\/noithatnhadep.azdigi.shop\\\/wp-content\\\/uploads\\\/2026\\\/04\\\/Screenshot-2026-04-29-234629.png\",\"datePublished\":\"2026-04-29T16:50:22+00:00\",\"description\":\"T\u1ee7 tivi M\u00e2y v\u1edbi thi\u1ebft k\u1ebf g\u1ed3m 6 ng\u0103n \u0111\u1ef1ng. Hai ng\u0103n hai b\u00ean \u0111\u01b0\u1ee3c gia c\u00f4ng v\u1edbi hai c\u00e1nh t\u1ee7 m\u1edf ra \u0111\u00f3ng v\u00e0o ti\u1ec7n l\u1ee3i.Ng\u0103n ch\u00ednh gi\u1eefa c\u00f3 di\u1ec7n t\u00edch l\u1edbn nh\u1ea5t\",\"breadcrumb\":{\"@id\":\"https:\\\/\\\/noithatnhadep.azdigi.shop\\\/index.php\\\/san-pham\\\/tu-tivi-may\\\/#breadcrumb\"},\"inLanguage\":\"vi\",\"potentialAction\":[{\"@type\":\"ReadAction\",\"target\":[\"https:\\\/\\\/noithatnhadep.azdigi.shop\\\/index.php\\\/san-pham\\\/tu-tivi-may\\\/\"]}]},{\"@type\":\"ImageObject\",\"inLanguage\":\"vi\",\"@id\":\"https:\\\/\\\/noithatnhadep.azdigi.shop\\\/index.php\\\/san-pham\\\/tu-tivi-may\\\/#primaryimage\",\"url\":\"https:\\\/\\\/noithatnhadep.azdigi.shop\\\/wp-content\\\/uploads\\\/2026\\\/04\\\/Screenshot-2026-04-29-234629.png\",\"contentUrl\":\"https:\\\/\\\/noithatnhadep.azdigi.shop\\\/wp-content\\\/uploads\\\/2026\\\/04\\\/Screenshot-2026-04-29-234629.png\",\"width\":716,\"height\":501},{\"@type\":\"BreadcrumbList\",\"@id\":\"https:\\\/\\\/noithatnhadep.azdigi.shop\\\/index.php\\\/san-pham\\\/tu-tivi-may\\\/#breadcrumb\",\"itemListElement\":[{\"@type\":\"ListItem\",\"position\":1,\"name\":\"Trang ch\u1ee7\",\"item\":\"https:\\\/\\\/noithatnhadep.azdigi.shop\\\/\"},{\"@type\":\"ListItem\",\"position\":2,\"name\":\"C\u1eeda h\u00e0ng\",\"item\":\"https:\\\/\\\/noithatnhadep.azdigi.shop\\\/index.php\\\/cua-hang\\\/\"},{\"@type\":\"ListItem\",\"position\":3,\"name\":\"T\u1ee7 Tivi M\u00e2y\"}]},{\"@type\":\"WebSite\",\"@id\":\"https:\\\/\\\/noithatnhadep.azdigi.shop\\\/#website\",\"url\":\"https:\\\/\\\/noithatnhadep.azdigi.shop\\\/\",\"name\":\"noithatnhadep\",\"description\":\"\",\"potentialAction\":[{\"@type\":\"SearchAction\",\"target\":{\"@type\":\"EntryPoint\",\"urlTemplate\":\"https:\\\/\\\/noithatnhadep.azdigi.shop\\\/?s={search_term_string}\"},\"query-input\":{\"@type\":\"PropertyValueSpecification\",\"valueRequired\":true,\"valueName\":\"search_term_string\"}}],\"inLanguage\":\"vi\"}]}<\/script>\n<!-- \/ Yoast SEO plugin. -->","yoast_head_json":{"title":"T\u1ee7 Tivi M\u00e2y - noithatnhadep","description":"T\u1ee7 tivi M\u00e2y v\u1edbi thi\u1ebft k\u1ebf g\u1ed3m 6 ng\u0103n \u0111\u1ef1ng. Hai ng\u0103n hai b\u00ean \u0111\u01b0\u1ee3c gia c\u00f4ng v\u1edbi hai c\u00e1nh t\u1ee7 m\u1edf ra \u0111\u00f3ng v\u00e0o ti\u1ec7n l\u1ee3i.Ng\u0103n ch\u00ednh gi\u1eefa c\u00f3 di\u1ec7n t\u00edch l\u1edbn nh\u1ea5t","robots":{"index":"index","follow":"follow","max-snippet":"max-snippet:-1","max-image-preview":"max-image-preview:large","max-video-preview":"max-video-preview:-1"},"canonical":"https:\/\/noithatnhadep.azdigi.shop\/index.php\/san-pham\/tu-tivi-may\/","og_locale":"vi_VN","og_type":"article","og_title":"T\u1ee7 Tivi M\u00e2y - noithatnhadep","og_description":"T\u1ee7 tivi M\u00e2y v\u1edbi thi\u1ebft k\u1ebf g\u1ed3m 6 ng\u0103n \u0111\u1ef1ng. Hai ng\u0103n hai b\u00ean \u0111\u01b0\u1ee3c gia c\u00f4ng v\u1edbi hai c\u00e1nh t\u1ee7 m\u1edf ra \u0111\u00f3ng v\u00e0o ti\u1ec7n l\u1ee3i.Ng\u0103n ch\u00ednh gi\u1eefa c\u00f3 di\u1ec7n t\u00edch l\u1edbn nh\u1ea5t","og_url":"https:\/\/noithatnhadep.azdigi.shop\/index.php\/san-pham\/tu-tivi-may\/","og_site_name":"noithatnhadep","og_image":[{"width":716,"height":501,"url":"https:\/\/noithatnhadep.azdigi.shop\/wp-content\/uploads\/2026\/04\/Screenshot-2026-04-29-234629.png","type":"image\/png"}],"twitter_card":"summary_large_image","twitter_misc":{"\u01af\u1edbc t\u00ednh th\u1eddi gian \u0111\u1ecdc":"3 ph\u00fat"},"schema":{"@context":"https:\/\/schema.org","@graph":[{"@type":"WebPage","@id":"https:\/\/noithatnhadep.azdigi.shop\/index.php\/san-pham\/tu-tivi-may\/","url":"https:\/\/noithatnhadep.azdigi.shop\/index.php\/san-pham\/tu-tivi-may\/","name":"T\u1ee7 Tivi M\u00e2y - noithatnhadep","isPartOf":{"@id":"https:\/\/noithatnhadep.azdigi.shop\/#website"},"primaryImageOfPage":{"@id":"https:\/\/noithatnhadep.azdigi.shop\/index.php\/san-pham\/tu-tivi-may\/#primaryimage"},"image":{"@id":"https:\/\/noithatnhadep.azdigi.shop\/index.php\/san-pham\/tu-tivi-may\/#primaryimage"},"thumbnailUrl":"https:\/\/noithatnhadep.azdigi.shop\/wp-content\/uploads\/2026\/04\/Screenshot-2026-04-29-234629.png","datePublished":"2026-04-29T16:50:22+00:00","description":"T\u1ee7 tivi M\u00e2y v\u1edbi thi\u1ebft k\u1ebf g\u1ed3m 6 ng\u0103n \u0111\u1ef1ng. Hai ng\u0103n hai b\u00ean \u0111\u01b0\u1ee3c gia c\u00f4ng v\u1edbi hai c\u00e1nh t\u1ee7 m\u1edf ra \u0111\u00f3ng v\u00e0o ti\u1ec7n l\u1ee3i.Ng\u0103n ch\u00ednh gi\u1eefa c\u00f3 di\u1ec7n t\u00edch l\u1edbn nh\u1ea5t","breadcrumb":{"@id":"https:\/\/noithatnhadep.azdigi.shop\/index.php\/san-pham\/tu-tivi-may\/#breadcrumb"},"inLanguage":"vi","potentialAction":[{"@type":"ReadAction","target":["https:\/\/noithatnhadep.azdigi.shop\/index.php\/san-pham\/tu-tivi-may\/"]}]},{"@type":"ImageObject","inLanguage":"vi","@id":"https:\/\/noithatnhadep.azdigi.shop\/index.php\/san-pham\/tu-tivi-may\/#primaryimage","url":"https:\/\/noithatnhadep.azdigi.shop\/wp-content\/uploads\/2026\/04\/Screenshot-2026-04-29-234629.png","contentUrl":"https:\/\/noithatnhadep.azdigi.shop\/wp-content\/uploads\/2026\/04\/Screenshot-2026-04-29-234629.png","width":716,"height":501},{"@type":"BreadcrumbList","@id":"https:\/\/noithatnhadep.azdigi.shop\/index.php\/san-pham\/tu-tivi-may\/#breadcrumb","itemListElement":[{"@type":"ListItem","position":1,"name":"Trang ch\u1ee7","item":"https:\/\/noithatnhadep.azdigi.shop\/"},{"@type":"ListItem","position":2,"name":"C\u1eeda h\u00e0ng","item":"https:\/\/noithatnhadep.azdigi.shop\/index.php\/cua-hang\/"},{"@type":"ListItem","position":3,"name":"T\u1ee7 Tivi M\u00e2y"}]},{"@type":"WebSite","@id":"https:\/\/noithatnhadep.azdigi.shop\/#website","url":"https:\/\/noithatnhadep.azdigi.shop\/","name":"noithatnhadep","description":"","potentialAction":[{"@type":"SearchAction","target":{"@type":"EntryPoint","urlTemplate":"https:\/\/noithatnhadep.azdigi.shop\/?s={search_term_string}"},"query-input":{"@type":"PropertyValueSpecification","valueRequired":true,"valueName":"search_term_string"}}],"inLanguage":"vi"}]}},"_links":{"self":[{"href":"https:\/\/noithatnhadep.azdigi.shop\/index.php\/wp-json\/wp\/v2\/product\/403","targetHints":{"allow":["GET"]}}],"collection":[{"href":"https:\/\/noithatnhadep.azdigi.shop\/index.php\/wp-json\/wp\/v2\/product"}],"about":[{"href":"https:\/\/noithatnhadep.azdigi.shop\/index.php\/wp-json\/wp\/v2\/types\/product"}],"replies":[{"embeddable":true,"href":"https:\/\/noithatnhadep.azdigi.shop\/index.php\/wp-json\/wp\/v2\/comments?post=403"}],"wp:featuredmedia":[{"embeddable":true,"href":"https:\/\/noithatnhadep.azdigi.shop\/index.php\/wp-json\/wp\/v2\/media\/404"}],"wp:attachment":[{"href":"https:\/\/noithatnhadep.azdigi.shop\/index.php\/wp-json\/wp\/v2\/media?parent=403"}],"wp:term":[{"taxonomy":"product_brand","embeddable":true,"href":"https:\/\/noithatnhadep.azdigi.shop\/index.php\/wp-json\/wp\/v2\/product_brand?post=403"},{"taxonomy":"product_cat","embeddable":true,"href":"https:\/\/noithatnhadep.azdigi.shop\/index.php\/wp-json\/wp\/v2\/product_cat?post=403"},{"taxonomy":"product_tag","embeddable":true,"href":"https:\/\/noithatnhadep.azdigi.shop\/index.php\/wp-json\/wp\/v2\/product_tag?post=403"}],"curies":[{"name":"wp","href":"https:\/\/api.w.org\/{rel}","templated":true}]}}