{"id":337,"date":"2026-04-29T03:49:27","date_gmt":"2026-04-29T03:49:27","guid":{"rendered":"https:\/\/noithatnhadep.azdigi.shop\/?post_type=product&#038;p=337"},"modified":"2026-04-29T03:52:39","modified_gmt":"2026-04-29T03:52:39","slug":"tu-hoc-keo-valente","status":"publish","type":"product","link":"https:\/\/noithatnhadep.azdigi.shop\/san-pham\/tu-hoc-keo-valente\/","title":{"rendered":"T\u1ee7 H\u1ed9c K\u00e9o Valente"},"content":{"rendered":"<h1 class=\"product-title product_title entry-title\"><strong>T\u1ee7 H\u1ed9c K\u00e9o Valente<\/strong><\/h1>\n<h2 data-path-to-node=\"4\"><strong>1. Thi\u1ebft k\u1ebf \u0111\u1ed9t ph\u00e1 v\u1edbi phong c\u00e1ch Mid-Century Modern<\/strong><\/h2>\n<p data-path-to-node=\"5\">Kh\u00e1c bi\u1ec7t v\u1edbi nh\u1eefng chi\u1ebfc t\u1ee7 h\u1ed9c k\u00e9o th\u00f4ng th\u01b0\u1eddng, Valente n\u1ed5i b\u1eadt nh\u1edd s\u1ef1 ph\u1ed1i h\u1ee3p v\u1eadt li\u1ec7u \u0111\u1ea7y ngh\u1ec7 thu\u1eadt:<\/p>\n<ul data-path-to-node=\"6\">\n<li>\n<p data-path-to-node=\"6,0,0\"><b data-path-to-node=\"6,0,0\" data-index-in-node=\"0\">Ki\u1ec3u d\u00e1ng bo tr\u00f2n:<\/b> Hai b\u00ean c\u00e1nh t\u1ee7 \u0111\u01b0\u1ee3c thi\u1ebft k\u1ebf d\u1ea1ng r\u00e3nh d\u1ecdc (fluted detail) u\u1ed1n cong m\u1ec1m m\u1ea1i, t\u1ea1o n\u00ean v\u1ebb \u0111\u1eb9p sang tr\u1ecdng, uy\u1ec3n chuy\u1ec3n.<\/p>\n<\/li>\n<li>\n<p data-path-to-node=\"6,1,0\"><b data-path-to-node=\"6,1,0\" data-index-in-node=\"0\">S\u1ef1 k\u1ebft h\u1ee3p m\u00e0u s\u1eafc tinh t\u1ebf:<\/b> T\u00f4ng m\u00e0u g\u1ed7 tr\u1ea7m \u1ea5m k\u1ebft h\u1ee3p c\u00f9ng m\u1eb7t ng\u0103n k\u00e9o m\u00e0u kem thanh l\u1ecbch, t\u1ea1o c\u1ea3m gi\u00e1c th\u01b0 th\u00e1i v\u00e0 hi\u1ec7n \u0111\u1ea1i.<\/p>\n<\/li>\n<li>\n<p data-path-to-node=\"6,2,0\"><b data-path-to-node=\"6,2,0\" data-index-in-node=\"0\">Chi ti\u1ebft kim lo\u1ea1i \u0111\u1eb3ng c\u1ea5p:<\/b> Tay n\u1eafm t\u1ee7 d\u1ea1ng thanh m\u1ea3nh v\u00e0 ph\u1ea7n ch\u00e2n \u0111\u1ebf b\u1eb1ng kim lo\u1ea1i m\u00e0u v\u00e0ng gold s\u00e1ng b\u00f3ng l\u00e0 \u0111i\u1ec3m nh\u1ea5n mang \u0111\u1eadm phong c\u00e1ch Luxury.<\/p>\n<\/li>\n<\/ul>\n<h2 data-path-to-node=\"7\"><strong>2. C\u00f4ng n\u0103ng ho\u00e0n h\u1ea3o cho cu\u1ed9c s\u1ed1ng hi\u1ec7n \u0111\u1ea1i<\/strong><\/h2>\n<p data-path-to-node=\"8\">Kh\u00f4ng ch\u1ec9 l\u00e0 m\u1ed9t m\u00f3n \u0111\u1ed3 trang tr\u00ed, <b data-path-to-node=\"8\" data-index-in-node=\"35\">t\u1ee7 Valente<\/b> c\u00f2n l\u00e0 gi\u1ea3i ph\u00e1p l\u01b0u tr\u1eef th\u00f4ng minh:<\/p>\n<ul data-path-to-node=\"9\">\n<li>\n<p data-path-to-node=\"9,0,0\"><b data-path-to-node=\"9,0,0\" data-index-in-node=\"0\">4 ng\u0103n k\u00e9o r\u1ed9ng r\u00e3i:<\/b> Cung c\u1ea5p kh\u00f4ng gian l\u01b0u tr\u1eef t\u1ed1i \u01b0u cho qu\u1ea7n \u00e1o, ph\u1ee5 ki\u1ec7n c\u00e1 nh\u00e2n ho\u1eb7c c\u00e1c v\u1eadt d\u1ee5ng nh\u1ecf g\u1ecdn, gi\u00fap kh\u00f4ng gian lu\u00f4n ng\u0103n n\u1eafp.<\/p>\n<\/li>\n<li>\n<p data-path-to-node=\"9,1,0\"><b data-path-to-node=\"9,1,0\" data-index-in-node=\"0\">M\u1eb7t t\u1ee7 r\u1ed9ng:<\/b> B\u1ea1n c\u00f3 th\u1ec3 t\u1eadn d\u1ee5ng m\u1eb7t tr\u00ean c\u1ee7a t\u1ee7 \u0111\u1ec3 b\u00e0y tr\u00ed \u0111\u00e8n ng\u1ee7, khung \u1ea3nh ngh\u1ec7 thu\u1eadt, l\u1ecd hoa ho\u1eb7c nh\u1eefng m\u00f3n \u0111\u1ed3 d\u00e9cor y\u00eau th\u00edch \u0111\u1ec3 l\u00e0m n\u1ed5i b\u1eadt c\u00e1 t\u00ednh ri\u00eang.<\/p>\n<\/li>\n<li>\n<p data-path-to-node=\"9,2,0\"><b data-path-to-node=\"9,2,0\" data-index-in-node=\"0\">Ch\u1ea5t li\u1ec7u b\u1ec1n b\u1ec9:<\/b> \u0110\u01b0\u1ee3c ch\u1ebf t\u00e1c t\u1eeb v\u1eadt li\u1ec7u cao c\u1ea5p, b\u1ec1 m\u1eb7t ph\u1ee7 s\u01a1n ho\u00e0n thi\u1ec7n ch\u1ea5t l\u01b0\u1ee3ng cao, ch\u1ed1ng b\u00e1m b\u1ee5i v\u00e0 d\u1ec5 d\u00e0ng v\u1ec7 sinh, \u0111\u1ea3m b\u1ea3o \u0111\u1ed9 b\u1ec1n \u0111\u1eb9p d\u00e0i l\u00e2u.<\/p>\n<\/li>\n<\/ul>\n<h2 data-path-to-node=\"10\"><strong>3. T\u1ea1i sao t\u1ee7 Valente l\u00e0 l\u1ef1a ch\u1ecdn h\u00e0ng \u0111\u1ea7u cho c\u0103n h\u1ed9 cao c\u1ea5p?<\/strong><\/h2>\n<p data-path-to-node=\"11\">V\u1edbi thi\u1ebft k\u1ebf thanh tho\u00e1t v\u00e0 k\u00edch th\u01b0\u1edbc v\u1eeba v\u1eb7n, t\u1ee7 h\u1ed9c k\u00e9o Valente d\u1ec5 d\u00e0ng h\u00f2a h\u1ee3p v\u1edbi nhi\u1ec1u phong c\u00e1ch n\u1ed9i th\u1ea5t:<\/p>\n<ul data-path-to-node=\"12\">\n<li>\n<p data-path-to-node=\"12,0,0\"><b data-path-to-node=\"12,0,0\" data-index-in-node=\"0\">Ph\u00f2ng ng\u1ee7:<\/b> \u0110\u00f3ng vai tr\u00f2 nh\u01b0 m\u1ed9t chi\u1ebfc t\u1ee7 \u0111\u1ea7u gi\u01b0\u1eddng ho\u1eb7c t\u1ee7 trang \u0111i\u1ec3m nh\u1ecf g\u1ecdn.<\/p>\n<\/li>\n<li>\n<p data-path-to-node=\"12,1,0\"><b data-path-to-node=\"12,1,0\" data-index-in-node=\"0\">Ph\u00f2ng kh\u00e1ch:<\/b> Tr\u1edf th\u00e0nh m\u1ed9t chi\u1ebfc t\u1ee7 console sang tr\u1ecdng, thu h\u00fat m\u1ecdi \u00e1nh nh\u00ecn ngay t\u1eeb l\u1ea7n \u0111\u1ea7u ti\u00ean.<\/p>\n<\/li>\n<li>\n<p data-path-to-node=\"12,2,0\"><b data-path-to-node=\"12,2,0\" data-index-in-node=\"0\">Ph\u00f9 h\u1ee3p m\u1ecdi kh\u00f4ng gian:<\/b> \u0110\u1eb7c bi\u1ec7t ph\u00f9 h\u1ee3p v\u1edbi c\u00e1c c\u0103n h\u1ed9 chung c\u01b0 hi\u1ec7n \u0111\u1ea1i, nh\u00e0 ph\u1ed1 mang phong c\u00e1ch Scandinavian, Minimalist ho\u1eb7c Luxury.<\/p>\n<\/li>\n<\/ul>\n","protected":false},"excerpt":{"rendered":"<h2 data-path-to-node=\"7\"><strong>C\u00f4ng n\u0103ng ho\u00e0n h\u1ea3o cho cu\u1ed9c s\u1ed1ng hi\u1ec7n \u0111\u1ea1i<\/strong><\/h2>\n<ul>\n<li>\n<h3>4 ng\u0103n k\u00e9o r\u1ed9ng r\u00e3i<\/h3>\n<\/li>\n<li>\n<h3>M\u1eb7t t\u1ee7 r\u1ed9ng<\/h3>\n<\/li>\n<li>\n<h3>Ch\u1ea5t li\u1ec7u b\u1ec1n b\u1ec9<\/h3>\n<\/li>\n<\/ul>\n","protected":false},"featured_media":339,"comment_status":"open","ping_status":"closed","template":"","meta":[],"product_brand":[],"product_cat":[39,36],"product_tag":[],"class_list":{"0":"post-337","1":"product","2":"type-product","3":"status-publish","4":"has-post-thumbnail","6":"product_cat-san-pham","7":"product_cat-tu","9":"first","10":"instock","11":"shipping-taxable","12":"purchasable","13":"product-type-variable"},"yoast_head":"<!-- This site is optimized with the Yoast SEO plugin v27.4 - https:\/\/yoast.com\/product\/yoast-seo-wordpress\/ -->\n<title>T\u1ee7 H\u1ed9c K\u00e9o Valente - noithatnhadep<\/title>\n<meta name=\"description\" content=\"T\u1ee7 H\u1ed9c K\u00e9o Valente. C\u00f4ng n\u0103ng ho\u00e0n h\u1ea3o cho cu\u1ed9c s\u1ed1ng hi\u1ec7n \u0111\u1ea1i.\" \/>\n<meta name=\"robots\" content=\"index, follow, max-snippet:-1, max-image-preview:large, max-video-preview:-1\" \/>\n<link rel=\"canonical\" href=\"https:\/\/noithatnhadep.azdigi.shop\/san-pham\/tu-hoc-keo-valente\/\" \/>\n<meta property=\"og:locale\" content=\"vi_VN\" \/>\n<meta property=\"og:type\" content=\"article\" \/>\n<meta property=\"og:title\" content=\"T\u1ee7 H\u1ed9c K\u00e9o Valente - noithatnhadep\" \/>\n<meta property=\"og:description\" content=\"T\u1ee7 H\u1ed9c K\u00e9o Valente. C\u00f4ng n\u0103ng ho\u00e0n h\u1ea3o cho cu\u1ed9c s\u1ed1ng hi\u1ec7n \u0111\u1ea1i.\" \/>\n<meta property=\"og:url\" content=\"https:\/\/noithatnhadep.azdigi.shop\/san-pham\/tu-hoc-keo-valente\/\" \/>\n<meta property=\"og:site_name\" content=\"noithatnhadep\" \/>\n<meta property=\"article:modified_time\" content=\"2026-04-29T03:52:39+00:00\" \/>\n<meta property=\"og:image\" content=\"https:\/\/noithatnhadep.azdigi.shop\/wp-content\/uploads\/2026\/04\/tu-hoc-keo-valente.jpg\" \/>\n\t<meta property=\"og:image:width\" content=\"1000\" \/>\n\t<meta property=\"og:image:height\" content=\"666\" \/>\n\t<meta property=\"og:image:type\" content=\"image\/jpeg\" \/>\n<meta name=\"twitter:card\" content=\"summary_large_image\" \/>\n<meta name=\"twitter:label1\" content=\"\u01af\u1edbc t\u00ednh th\u1eddi gian \u0111\u1ecdc\" \/>\n\t<meta name=\"twitter:data1\" content=\"3 ph\u00fat\" \/>\n<script type=\"application\/ld+json\" class=\"yoast-schema-graph\">{\"@context\":\"https:\\\/\\\/schema.org\",\"@graph\":[{\"@type\":\"WebPage\",\"@id\":\"https:\\\/\\\/noithatnhadep.azdigi.shop\\\/san-pham\\\/tu-hoc-keo-valente\\\/\",\"url\":\"https:\\\/\\\/noithatnhadep.azdigi.shop\\\/san-pham\\\/tu-hoc-keo-valente\\\/\",\"name\":\"T\u1ee7 H\u1ed9c K\u00e9o Valente - noithatnhadep\",\"isPartOf\":{\"@id\":\"https:\\\/\\\/noithatnhadep.azdigi.shop\\\/#website\"},\"primaryImageOfPage\":{\"@id\":\"https:\\\/\\\/noithatnhadep.azdigi.shop\\\/san-pham\\\/tu-hoc-keo-valente\\\/#primaryimage\"},\"image\":{\"@id\":\"https:\\\/\\\/noithatnhadep.azdigi.shop\\\/san-pham\\\/tu-hoc-keo-valente\\\/#primaryimage\"},\"thumbnailUrl\":\"https:\\\/\\\/noithatnhadep.azdigi.shop\\\/wp-content\\\/uploads\\\/2026\\\/04\\\/tu-hoc-keo-valente.jpg\",\"datePublished\":\"2026-04-29T03:49:27+00:00\",\"dateModified\":\"2026-04-29T03:52:39+00:00\",\"description\":\"T\u1ee7 H\u1ed9c K\u00e9o Valente. C\u00f4ng n\u0103ng ho\u00e0n h\u1ea3o cho cu\u1ed9c s\u1ed1ng hi\u1ec7n \u0111\u1ea1i.\",\"breadcrumb\":{\"@id\":\"https:\\\/\\\/noithatnhadep.azdigi.shop\\\/san-pham\\\/tu-hoc-keo-valente\\\/#breadcrumb\"},\"inLanguage\":\"vi\",\"potentialAction\":[{\"@type\":\"ReadAction\",\"target\":[\"https:\\\/\\\/noithatnhadep.azdigi.shop\\\/san-pham\\\/tu-hoc-keo-valente\\\/\"]}]},{\"@type\":\"ImageObject\",\"inLanguage\":\"vi\",\"@id\":\"https:\\\/\\\/noithatnhadep.azdigi.shop\\\/san-pham\\\/tu-hoc-keo-valente\\\/#primaryimage\",\"url\":\"https:\\\/\\\/noithatnhadep.azdigi.shop\\\/wp-content\\\/uploads\\\/2026\\\/04\\\/tu-hoc-keo-valente.jpg\",\"contentUrl\":\"https:\\\/\\\/noithatnhadep.azdigi.shop\\\/wp-content\\\/uploads\\\/2026\\\/04\\\/tu-hoc-keo-valente.jpg\",\"width\":1000,\"height\":666,\"caption\":\"T\u1ee7 H\u1ed9c K\u00e9o Valente\"},{\"@type\":\"BreadcrumbList\",\"@id\":\"https:\\\/\\\/noithatnhadep.azdigi.shop\\\/san-pham\\\/tu-hoc-keo-valente\\\/#breadcrumb\",\"itemListElement\":[{\"@type\":\"ListItem\",\"position\":1,\"name\":\"Trang ch\u1ee7\",\"item\":\"https:\\\/\\\/noithatnhadep.azdigi.shop\\\/\"},{\"@type\":\"ListItem\",\"position\":2,\"name\":\"C\u1eeda h\u00e0ng\",\"item\":\"https:\\\/\\\/noithatnhadep.azdigi.shop\\\/cua-hang\\\/\"},{\"@type\":\"ListItem\",\"position\":3,\"name\":\"T\u1ee7 H\u1ed9c K\u00e9o Valente\"}]},{\"@type\":\"WebSite\",\"@id\":\"https:\\\/\\\/noithatnhadep.azdigi.shop\\\/#website\",\"url\":\"https:\\\/\\\/noithatnhadep.azdigi.shop\\\/\",\"name\":\"noithatnhadep\",\"description\":\"\",\"potentialAction\":[{\"@type\":\"SearchAction\",\"target\":{\"@type\":\"EntryPoint\",\"urlTemplate\":\"https:\\\/\\\/noithatnhadep.azdigi.shop\\\/?s={search_term_string}\"},\"query-input\":{\"@type\":\"PropertyValueSpecification\",\"valueRequired\":true,\"valueName\":\"search_term_string\"}}],\"inLanguage\":\"vi\"}]}<\/script>\n<!-- \/ Yoast SEO plugin. -->","yoast_head_json":{"title":"T\u1ee7 H\u1ed9c K\u00e9o Valente - noithatnhadep","description":"T\u1ee7 H\u1ed9c K\u00e9o Valente. C\u00f4ng n\u0103ng ho\u00e0n h\u1ea3o cho cu\u1ed9c s\u1ed1ng hi\u1ec7n \u0111\u1ea1i.","robots":{"index":"index","follow":"follow","max-snippet":"max-snippet:-1","max-image-preview":"max-image-preview:large","max-video-preview":"max-video-preview:-1"},"canonical":"https:\/\/noithatnhadep.azdigi.shop\/san-pham\/tu-hoc-keo-valente\/","og_locale":"vi_VN","og_type":"article","og_title":"T\u1ee7 H\u1ed9c K\u00e9o Valente - noithatnhadep","og_description":"T\u1ee7 H\u1ed9c K\u00e9o Valente. C\u00f4ng n\u0103ng ho\u00e0n h\u1ea3o cho cu\u1ed9c s\u1ed1ng hi\u1ec7n \u0111\u1ea1i.","og_url":"https:\/\/noithatnhadep.azdigi.shop\/san-pham\/tu-hoc-keo-valente\/","og_site_name":"noithatnhadep","article_modified_time":"2026-04-29T03:52:39+00:00","og_image":[{"width":1000,"height":666,"url":"https:\/\/noithatnhadep.azdigi.shop\/wp-content\/uploads\/2026\/04\/tu-hoc-keo-valente.jpg","type":"image\/jpeg"}],"twitter_card":"summary_large_image","twitter_misc":{"\u01af\u1edbc t\u00ednh th\u1eddi gian \u0111\u1ecdc":"3 ph\u00fat"},"schema":{"@context":"https:\/\/schema.org","@graph":[{"@type":"WebPage","@id":"https:\/\/noithatnhadep.azdigi.shop\/san-pham\/tu-hoc-keo-valente\/","url":"https:\/\/noithatnhadep.azdigi.shop\/san-pham\/tu-hoc-keo-valente\/","name":"T\u1ee7 H\u1ed9c K\u00e9o Valente - noithatnhadep","isPartOf":{"@id":"https:\/\/noithatnhadep.azdigi.shop\/#website"},"primaryImageOfPage":{"@id":"https:\/\/noithatnhadep.azdigi.shop\/san-pham\/tu-hoc-keo-valente\/#primaryimage"},"image":{"@id":"https:\/\/noithatnhadep.azdigi.shop\/san-pham\/tu-hoc-keo-valente\/#primaryimage"},"thumbnailUrl":"https:\/\/noithatnhadep.azdigi.shop\/wp-content\/uploads\/2026\/04\/tu-hoc-keo-valente.jpg","datePublished":"2026-04-29T03:49:27+00:00","dateModified":"2026-04-29T03:52:39+00:00","description":"T\u1ee7 H\u1ed9c K\u00e9o Valente. C\u00f4ng n\u0103ng ho\u00e0n h\u1ea3o cho cu\u1ed9c s\u1ed1ng hi\u1ec7n \u0111\u1ea1i.","breadcrumb":{"@id":"https:\/\/noithatnhadep.azdigi.shop\/san-pham\/tu-hoc-keo-valente\/#breadcrumb"},"inLanguage":"vi","potentialAction":[{"@type":"ReadAction","target":["https:\/\/noithatnhadep.azdigi.shop\/san-pham\/tu-hoc-keo-valente\/"]}]},{"@type":"ImageObject","inLanguage":"vi","@id":"https:\/\/noithatnhadep.azdigi.shop\/san-pham\/tu-hoc-keo-valente\/#primaryimage","url":"https:\/\/noithatnhadep.azdigi.shop\/wp-content\/uploads\/2026\/04\/tu-hoc-keo-valente.jpg","contentUrl":"https:\/\/noithatnhadep.azdigi.shop\/wp-content\/uploads\/2026\/04\/tu-hoc-keo-valente.jpg","width":1000,"height":666,"caption":"T\u1ee7 H\u1ed9c K\u00e9o Valente"},{"@type":"BreadcrumbList","@id":"https:\/\/noithatnhadep.azdigi.shop\/san-pham\/tu-hoc-keo-valente\/#breadcrumb","itemListElement":[{"@type":"ListItem","position":1,"name":"Trang ch\u1ee7","item":"https:\/\/noithatnhadep.azdigi.shop\/"},{"@type":"ListItem","position":2,"name":"C\u1eeda h\u00e0ng","item":"https:\/\/noithatnhadep.azdigi.shop\/cua-hang\/"},{"@type":"ListItem","position":3,"name":"T\u1ee7 H\u1ed9c K\u00e9o Valente"}]},{"@type":"WebSite","@id":"https:\/\/noithatnhadep.azdigi.shop\/#website","url":"https:\/\/noithatnhadep.azdigi.shop\/","name":"noithatnhadep","description":"","potentialAction":[{"@type":"SearchAction","target":{"@type":"EntryPoint","urlTemplate":"https:\/\/noithatnhadep.azdigi.shop\/?s={search_term_string}"},"query-input":{"@type":"PropertyValueSpecification","valueRequired":true,"valueName":"search_term_string"}}],"inLanguage":"vi"}]}},"_links":{"self":[{"href":"https:\/\/noithatnhadep.azdigi.shop\/wp-json\/wp\/v2\/product\/337","targetHints":{"allow":["GET"]}}],"collection":[{"href":"https:\/\/noithatnhadep.azdigi.shop\/wp-json\/wp\/v2\/product"}],"about":[{"href":"https:\/\/noithatnhadep.azdigi.shop\/wp-json\/wp\/v2\/types\/product"}],"replies":[{"embeddable":true,"href":"https:\/\/noithatnhadep.azdigi.shop\/wp-json\/wp\/v2\/comments?post=337"}],"wp:featuredmedia":[{"embeddable":true,"href":"https:\/\/noithatnhadep.azdigi.shop\/wp-json\/wp\/v2\/media\/339"}],"wp:attachment":[{"href":"https:\/\/noithatnhadep.azdigi.shop\/wp-json\/wp\/v2\/media?parent=337"}],"wp:term":[{"taxonomy":"product_brand","embeddable":true,"href":"https:\/\/noithatnhadep.azdigi.shop\/wp-json\/wp\/v2\/product_brand?post=337"},{"taxonomy":"product_cat","embeddable":true,"href":"https:\/\/noithatnhadep.azdigi.shop\/wp-json\/wp\/v2\/product_cat?post=337"},{"taxonomy":"product_tag","embeddable":true,"href":"https:\/\/noithatnhadep.azdigi.shop\/wp-json\/wp\/v2\/product_tag?post=337"}],"curies":[{"name":"wp","href":"https:\/\/api.w.org\/{rel}","templated":true}]}}