{"id":300,"date":"2026-04-29T00:33:56","date_gmt":"2026-04-29T00:33:56","guid":{"rendered":"https:\/\/noithatnhadep.azdigi.shop\/?post_type=product&#038;p=300"},"modified":"2026-04-29T00:34:50","modified_gmt":"2026-04-29T00:34:50","slug":"ban-dau-giuong-maxine","status":"publish","type":"product","link":"https:\/\/noithatnhadep.azdigi.shop\/index.php\/san-pham\/ban-dau-giuong-maxine\/","title":{"rendered":"B\u00e0n \u0110\u1ea7u Gi\u01b0\u1eddng Maxine"},"content":{"rendered":"<h1 class=\"product-title product_title entry-title\"><strong>B\u00e0n \u0110\u1ea7u Gi\u01b0\u1eddng Maxine<\/strong><\/h1>\n<p>L\u00e0 m\u1ed9t s\u1ea3n ph\u1ea9m b\u1ed5 sung cho kh\u00f4ng gian ph\u00f2ng ng\u1ee7, b\u00e0n \u0111\u1ea7u gi\u01b0\u1eddng Maxine s\u1eed d\u1ee5ng khung g\u1ed7 ho\u00e0n thi\u1ec7n mdf veneer k\u1ebft h\u1ee3p v\u1edbi kim lo\u1ea1i m\u1ea1 \u0111\u1ed3ng sang tr\u1ecdng. C\u00e1c ng\u0103n k\u00e9o \u0111\u01b0\u1ee3c b\u1ed1 tr\u00ed th\u00f4ng minh, \u0111\u00e1p \u1ee9ng c\u00f4ng n\u0103ng trong ph\u00f2ng ng\u1ee7.<\/p>\n<p>Maxine \u2013 N\u00e9t n\u00e2u tr\u1ea7m sang tr\u1ecdng Maxine, mang thi\u1ebft k\u1ebf v\u01b0\u1ee3t th\u1eddi gian, g\u1eedi g\u1eafm v\u00e0 g\u00f3i g\u1ecdn l\u1ea1i nh\u1eefng n\u00e9t \u0111\u1eb9p c\u1ee7a thi\u00ean nhi\u00ean v\u00e0 con ng\u01b0\u1eddi nh\u01b0ng v\u1eabn \u0111\u1ea7y t\u00ednh \u1ee9ng d\u1ee5ng cao trong su\u1ed1t h\u00e0nh tr\u00ecnh phi\u00eau l\u01b0u c\u1ee7a nh\u00e0 thi\u1ebft k\u1ebf ng\u01b0\u1eddi Ph\u00e1p Dominique Moal.<\/p>\n<p>B\u1ed9 s\u01b0u t\u1eadp n\u1ed5i b\u1eadt v\u1edbi m\u00e0u s\u1eafc n\u00e2u tr\u1ea7m sang tr\u1ecdng, l\u00e0 s\u1ef1 k\u1ebft h\u1ee3p gi\u1eefa g\u1ed7, da b\u00f2 v\u00e0 kim lo\u1ea1i v\u00e0ng b\u00f3ng. \u0110\u1eb7c bi\u1ec7t tr\u00ean m\u1ed7i s\u1ea3n ph\u1ea9m, nh\u1eefng n\u00e9t bo vi\u00ean, chi ti\u1ebft k\u1ebft n\u1ed1i \u0111\u01b0\u1ee3c s\u1eed d\u1ee5ng k\u00e9o l\u00e9o t\u1ea1o ra \u0111i\u1ec3m nh\u1ea5t r\u1ea5t ri\u00eang cho b\u1ed9 s\u01b0u t\u1eadp. Maxine th\u1ec3 hi\u1ec7n n\u00e9t tr\u1ea7m t\u01b0, th\u01b0 gi\u00e3n \u0111\u1ec3 t\u1eadn h\u01b0\u1edfng kh\u00f4ng gian s\u1ed1ng trong nh\u1ecbp s\u1ed1ng hi\u1ec7n \u0111\u1ea1i. S\u1ea3n ph\u1ea9m thu\u1ed9c BST Maxine \u0111\u01b0\u1ee3c s\u1ea3n xu\u1ea5t t\u1ea1i Vi\u1ec7t Nam.<\/p>\n","protected":false},"excerpt":{"rendered":"<h3>Maxine \u2013 N\u00e9t n\u00e2u tr\u1ea7m sang tr\u1ecdng Maxine, mang thi\u1ebft k\u1ebf v\u01b0\u1ee3t th\u1eddi gian, g\u1eedi g\u1eafm v\u00e0 g\u00f3i g\u1ecdn l\u1ea1i nh\u1eefng n\u00e9t \u0111\u1eb9p c\u1ee7a thi\u00ean nhi\u00ean v\u00e0 con ng\u01b0\u1eddi nh\u01b0ng v\u1eabn \u0111\u1ea7y t\u00ednh \u1ee9ng d\u1ee5ng cao trong su\u1ed1t h\u00e0nh tr\u00ecnh phi\u00eau l\u01b0u c\u1ee7a nh\u00e0 thi\u1ebft k\u1ebf ng\u01b0\u1eddi Ph\u00e1p Dominique Moal.<\/h3>\n","protected":false},"featured_media":303,"comment_status":"open","ping_status":"closed","template":"","meta":[],"product_brand":[],"product_cat":[34,39],"product_tag":[],"class_list":{"0":"post-300","1":"product","2":"type-product","3":"status-publish","4":"has-post-thumbnail","6":"product_cat-ban-dau-giuong","7":"product_cat-san-pham","9":"first","10":"instock","11":"shipping-taxable","12":"purchasable","13":"product-type-variable"},"yoast_head":"<!-- This site is optimized with the Yoast SEO plugin v27.4 - https:\/\/yoast.com\/product\/yoast-seo-wordpress\/ -->\n<title>B\u00e0n \u0110\u1ea7u Gi\u01b0\u1eddng Maxine - noithatnhadep<\/title>\n<meta name=\"description\" content=\"B\u00e0n \u0110\u1ea7u Gi\u01b0\u1eddng Maxine. L\u00e0 m\u1ed9t s\u1ea3n ph\u1ea9m b\u1ed5 sung cho kh\u00f4ng gian ph\u00f2ng ng\u1ee7, b\u00e0n \u0111\u1ea7u gi\u01b0\u1eddng Maxine s\u1eed d\u1ee5ng khung g\u1ed7 ho\u00e0n thi\u1ec7n mdf veneer k\u1ebft h\u1ee3p v\u1edbi kim lo\u1ea1i m\u1ea1 \u0111\u1ed3ng sang tr\u1ecdng.\" \/>\n<meta name=\"robots\" content=\"index, follow, max-snippet:-1, max-image-preview:large, max-video-preview:-1\" \/>\n<link rel=\"canonical\" href=\"https:\/\/noithatnhadep.azdigi.shop\/index.php\/san-pham\/ban-dau-giuong-maxine\/\" \/>\n<meta property=\"og:locale\" content=\"vi_VN\" \/>\n<meta property=\"og:type\" content=\"article\" \/>\n<meta property=\"og:title\" content=\"B\u00e0n \u0110\u1ea7u Gi\u01b0\u1eddng Maxine - noithatnhadep\" \/>\n<meta property=\"og:description\" content=\"B\u00e0n \u0110\u1ea7u Gi\u01b0\u1eddng Maxine. L\u00e0 m\u1ed9t s\u1ea3n ph\u1ea9m b\u1ed5 sung cho kh\u00f4ng gian ph\u00f2ng ng\u1ee7, b\u00e0n \u0111\u1ea7u gi\u01b0\u1eddng Maxine s\u1eed d\u1ee5ng khung g\u1ed7 ho\u00e0n thi\u1ec7n mdf veneer k\u1ebft h\u1ee3p v\u1edbi kim lo\u1ea1i m\u1ea1 \u0111\u1ed3ng sang tr\u1ecdng.\" \/>\n<meta property=\"og:url\" content=\"https:\/\/noithatnhadep.azdigi.shop\/index.php\/san-pham\/ban-dau-giuong-maxine\/\" \/>\n<meta property=\"og:site_name\" content=\"noithatnhadep\" \/>\n<meta property=\"article:modified_time\" content=\"2026-04-29T00:34:50+00:00\" \/>\n<meta property=\"og:image\" content=\"https:\/\/noithatnhadep.azdigi.shop\/wp-content\/uploads\/2026\/04\/1000-san-pham-nha-xinh_3.jpg\" \/>\n\t<meta property=\"og:image:width\" content=\"1000\" \/>\n\t<meta property=\"og:image:height\" content=\"666\" \/>\n\t<meta property=\"og:image:type\" content=\"image\/jpeg\" \/>\n<meta name=\"twitter:card\" content=\"summary_large_image\" \/>\n<meta name=\"twitter:label1\" content=\"\u01af\u1edbc t\u00ednh th\u1eddi gian \u0111\u1ecdc\" \/>\n\t<meta name=\"twitter:data1\" content=\"2 ph\u00fat\" \/>\n<script type=\"application\/ld+json\" class=\"yoast-schema-graph\">{\"@context\":\"https:\\\/\\\/schema.org\",\"@graph\":[{\"@type\":\"WebPage\",\"@id\":\"https:\\\/\\\/noithatnhadep.azdigi.shop\\\/index.php\\\/san-pham\\\/ban-dau-giuong-maxine\\\/\",\"url\":\"https:\\\/\\\/noithatnhadep.azdigi.shop\\\/index.php\\\/san-pham\\\/ban-dau-giuong-maxine\\\/\",\"name\":\"B\u00e0n \u0110\u1ea7u Gi\u01b0\u1eddng Maxine - noithatnhadep\",\"isPartOf\":{\"@id\":\"https:\\\/\\\/noithatnhadep.azdigi.shop\\\/#website\"},\"primaryImageOfPage\":{\"@id\":\"https:\\\/\\\/noithatnhadep.azdigi.shop\\\/index.php\\\/san-pham\\\/ban-dau-giuong-maxine\\\/#primaryimage\"},\"image\":{\"@id\":\"https:\\\/\\\/noithatnhadep.azdigi.shop\\\/index.php\\\/san-pham\\\/ban-dau-giuong-maxine\\\/#primaryimage\"},\"thumbnailUrl\":\"https:\\\/\\\/noithatnhadep.azdigi.shop\\\/wp-content\\\/uploads\\\/2026\\\/04\\\/1000-san-pham-nha-xinh_3.jpg\",\"datePublished\":\"2026-04-29T00:33:56+00:00\",\"dateModified\":\"2026-04-29T00:34:50+00:00\",\"description\":\"B\u00e0n \u0110\u1ea7u Gi\u01b0\u1eddng Maxine. L\u00e0 m\u1ed9t s\u1ea3n ph\u1ea9m b\u1ed5 sung cho kh\u00f4ng gian ph\u00f2ng ng\u1ee7, b\u00e0n \u0111\u1ea7u gi\u01b0\u1eddng Maxine s\u1eed d\u1ee5ng khung g\u1ed7 ho\u00e0n thi\u1ec7n mdf veneer k\u1ebft h\u1ee3p v\u1edbi kim lo\u1ea1i m\u1ea1 \u0111\u1ed3ng sang tr\u1ecdng.\",\"breadcrumb\":{\"@id\":\"https:\\\/\\\/noithatnhadep.azdigi.shop\\\/index.php\\\/san-pham\\\/ban-dau-giuong-maxine\\\/#breadcrumb\"},\"inLanguage\":\"vi\",\"potentialAction\":[{\"@type\":\"ReadAction\",\"target\":[\"https:\\\/\\\/noithatnhadep.azdigi.shop\\\/index.php\\\/san-pham\\\/ban-dau-giuong-maxine\\\/\"]}]},{\"@type\":\"ImageObject\",\"inLanguage\":\"vi\",\"@id\":\"https:\\\/\\\/noithatnhadep.azdigi.shop\\\/index.php\\\/san-pham\\\/ban-dau-giuong-maxine\\\/#primaryimage\",\"url\":\"https:\\\/\\\/noithatnhadep.azdigi.shop\\\/wp-content\\\/uploads\\\/2026\\\/04\\\/1000-san-pham-nha-xinh_3.jpg\",\"contentUrl\":\"https:\\\/\\\/noithatnhadep.azdigi.shop\\\/wp-content\\\/uploads\\\/2026\\\/04\\\/1000-san-pham-nha-xinh_3.jpg\",\"width\":1000,\"height\":666,\"caption\":\"B\u00e0n \u0110\u1ea7u Gi\u01b0\u1eddng Maxine\"},{\"@type\":\"BreadcrumbList\",\"@id\":\"https:\\\/\\\/noithatnhadep.azdigi.shop\\\/index.php\\\/san-pham\\\/ban-dau-giuong-maxine\\\/#breadcrumb\",\"itemListElement\":[{\"@type\":\"ListItem\",\"position\":1,\"name\":\"Trang ch\u1ee7\",\"item\":\"https:\\\/\\\/noithatnhadep.azdigi.shop\\\/\"},{\"@type\":\"ListItem\",\"position\":2,\"name\":\"C\u1eeda h\u00e0ng\",\"item\":\"https:\\\/\\\/noithatnhadep.azdigi.shop\\\/index.php\\\/cua-hang\\\/\"},{\"@type\":\"ListItem\",\"position\":3,\"name\":\"B\u00e0n \u0110\u1ea7u Gi\u01b0\u1eddng Maxine\"}]},{\"@type\":\"WebSite\",\"@id\":\"https:\\\/\\\/noithatnhadep.azdigi.shop\\\/#website\",\"url\":\"https:\\\/\\\/noithatnhadep.azdigi.shop\\\/\",\"name\":\"noithatnhadep\",\"description\":\"\",\"potentialAction\":[{\"@type\":\"SearchAction\",\"target\":{\"@type\":\"EntryPoint\",\"urlTemplate\":\"https:\\\/\\\/noithatnhadep.azdigi.shop\\\/?s={search_term_string}\"},\"query-input\":{\"@type\":\"PropertyValueSpecification\",\"valueRequired\":true,\"valueName\":\"search_term_string\"}}],\"inLanguage\":\"vi\"}]}<\/script>\n<!-- \/ Yoast SEO plugin. -->","yoast_head_json":{"title":"B\u00e0n \u0110\u1ea7u Gi\u01b0\u1eddng Maxine - noithatnhadep","description":"B\u00e0n \u0110\u1ea7u Gi\u01b0\u1eddng Maxine. L\u00e0 m\u1ed9t s\u1ea3n ph\u1ea9m b\u1ed5 sung cho kh\u00f4ng gian ph\u00f2ng ng\u1ee7, b\u00e0n \u0111\u1ea7u gi\u01b0\u1eddng Maxine s\u1eed d\u1ee5ng khung g\u1ed7 ho\u00e0n thi\u1ec7n mdf veneer k\u1ebft h\u1ee3p v\u1edbi kim lo\u1ea1i m\u1ea1 \u0111\u1ed3ng sang tr\u1ecdng.","robots":{"index":"index","follow":"follow","max-snippet":"max-snippet:-1","max-image-preview":"max-image-preview:large","max-video-preview":"max-video-preview:-1"},"canonical":"https:\/\/noithatnhadep.azdigi.shop\/index.php\/san-pham\/ban-dau-giuong-maxine\/","og_locale":"vi_VN","og_type":"article","og_title":"B\u00e0n \u0110\u1ea7u Gi\u01b0\u1eddng Maxine - noithatnhadep","og_description":"B\u00e0n \u0110\u1ea7u Gi\u01b0\u1eddng Maxine. L\u00e0 m\u1ed9t s\u1ea3n ph\u1ea9m b\u1ed5 sung cho kh\u00f4ng gian ph\u00f2ng ng\u1ee7, b\u00e0n \u0111\u1ea7u gi\u01b0\u1eddng Maxine s\u1eed d\u1ee5ng khung g\u1ed7 ho\u00e0n thi\u1ec7n mdf veneer k\u1ebft h\u1ee3p v\u1edbi kim lo\u1ea1i m\u1ea1 \u0111\u1ed3ng sang tr\u1ecdng.","og_url":"https:\/\/noithatnhadep.azdigi.shop\/index.php\/san-pham\/ban-dau-giuong-maxine\/","og_site_name":"noithatnhadep","article_modified_time":"2026-04-29T00:34:50+00:00","og_image":[{"width":1000,"height":666,"url":"https:\/\/noithatnhadep.azdigi.shop\/wp-content\/uploads\/2026\/04\/1000-san-pham-nha-xinh_3.jpg","type":"image\/jpeg"}],"twitter_card":"summary_large_image","twitter_misc":{"\u01af\u1edbc t\u00ednh th\u1eddi gian \u0111\u1ecdc":"2 ph\u00fat"},"schema":{"@context":"https:\/\/schema.org","@graph":[{"@type":"WebPage","@id":"https:\/\/noithatnhadep.azdigi.shop\/index.php\/san-pham\/ban-dau-giuong-maxine\/","url":"https:\/\/noithatnhadep.azdigi.shop\/index.php\/san-pham\/ban-dau-giuong-maxine\/","name":"B\u00e0n \u0110\u1ea7u Gi\u01b0\u1eddng Maxine - noithatnhadep","isPartOf":{"@id":"https:\/\/noithatnhadep.azdigi.shop\/#website"},"primaryImageOfPage":{"@id":"https:\/\/noithatnhadep.azdigi.shop\/index.php\/san-pham\/ban-dau-giuong-maxine\/#primaryimage"},"image":{"@id":"https:\/\/noithatnhadep.azdigi.shop\/index.php\/san-pham\/ban-dau-giuong-maxine\/#primaryimage"},"thumbnailUrl":"https:\/\/noithatnhadep.azdigi.shop\/wp-content\/uploads\/2026\/04\/1000-san-pham-nha-xinh_3.jpg","datePublished":"2026-04-29T00:33:56+00:00","dateModified":"2026-04-29T00:34:50+00:00","description":"B\u00e0n \u0110\u1ea7u Gi\u01b0\u1eddng Maxine. L\u00e0 m\u1ed9t s\u1ea3n ph\u1ea9m b\u1ed5 sung cho kh\u00f4ng gian ph\u00f2ng ng\u1ee7, b\u00e0n \u0111\u1ea7u gi\u01b0\u1eddng Maxine s\u1eed d\u1ee5ng khung g\u1ed7 ho\u00e0n thi\u1ec7n mdf veneer k\u1ebft h\u1ee3p v\u1edbi kim lo\u1ea1i m\u1ea1 \u0111\u1ed3ng sang tr\u1ecdng.","breadcrumb":{"@id":"https:\/\/noithatnhadep.azdigi.shop\/index.php\/san-pham\/ban-dau-giuong-maxine\/#breadcrumb"},"inLanguage":"vi","potentialAction":[{"@type":"ReadAction","target":["https:\/\/noithatnhadep.azdigi.shop\/index.php\/san-pham\/ban-dau-giuong-maxine\/"]}]},{"@type":"ImageObject","inLanguage":"vi","@id":"https:\/\/noithatnhadep.azdigi.shop\/index.php\/san-pham\/ban-dau-giuong-maxine\/#primaryimage","url":"https:\/\/noithatnhadep.azdigi.shop\/wp-content\/uploads\/2026\/04\/1000-san-pham-nha-xinh_3.jpg","contentUrl":"https:\/\/noithatnhadep.azdigi.shop\/wp-content\/uploads\/2026\/04\/1000-san-pham-nha-xinh_3.jpg","width":1000,"height":666,"caption":"B\u00e0n \u0110\u1ea7u Gi\u01b0\u1eddng Maxine"},{"@type":"BreadcrumbList","@id":"https:\/\/noithatnhadep.azdigi.shop\/index.php\/san-pham\/ban-dau-giuong-maxine\/#breadcrumb","itemListElement":[{"@type":"ListItem","position":1,"name":"Trang ch\u1ee7","item":"https:\/\/noithatnhadep.azdigi.shop\/"},{"@type":"ListItem","position":2,"name":"C\u1eeda h\u00e0ng","item":"https:\/\/noithatnhadep.azdigi.shop\/index.php\/cua-hang\/"},{"@type":"ListItem","position":3,"name":"B\u00e0n \u0110\u1ea7u Gi\u01b0\u1eddng Maxine"}]},{"@type":"WebSite","@id":"https:\/\/noithatnhadep.azdigi.shop\/#website","url":"https:\/\/noithatnhadep.azdigi.shop\/","name":"noithatnhadep","description":"","potentialAction":[{"@type":"SearchAction","target":{"@type":"EntryPoint","urlTemplate":"https:\/\/noithatnhadep.azdigi.shop\/?s={search_term_string}"},"query-input":{"@type":"PropertyValueSpecification","valueRequired":true,"valueName":"search_term_string"}}],"inLanguage":"vi"}]}},"_links":{"self":[{"href":"https:\/\/noithatnhadep.azdigi.shop\/index.php\/wp-json\/wp\/v2\/product\/300","targetHints":{"allow":["GET"]}}],"collection":[{"href":"https:\/\/noithatnhadep.azdigi.shop\/index.php\/wp-json\/wp\/v2\/product"}],"about":[{"href":"https:\/\/noithatnhadep.azdigi.shop\/index.php\/wp-json\/wp\/v2\/types\/product"}],"replies":[{"embeddable":true,"href":"https:\/\/noithatnhadep.azdigi.shop\/index.php\/wp-json\/wp\/v2\/comments?post=300"}],"wp:featuredmedia":[{"embeddable":true,"href":"https:\/\/noithatnhadep.azdigi.shop\/index.php\/wp-json\/wp\/v2\/media\/303"}],"wp:attachment":[{"href":"https:\/\/noithatnhadep.azdigi.shop\/index.php\/wp-json\/wp\/v2\/media?parent=300"}],"wp:term":[{"taxonomy":"product_brand","embeddable":true,"href":"https:\/\/noithatnhadep.azdigi.shop\/index.php\/wp-json\/wp\/v2\/product_brand?post=300"},{"taxonomy":"product_cat","embeddable":true,"href":"https:\/\/noithatnhadep.azdigi.shop\/index.php\/wp-json\/wp\/v2\/product_cat?post=300"},{"taxonomy":"product_tag","embeddable":true,"href":"https:\/\/noithatnhadep.azdigi.shop\/index.php\/wp-json\/wp\/v2\/product_tag?post=300"}],"curies":[{"name":"wp","href":"https:\/\/api.w.org\/{rel}","templated":true}]}}