{"id":236,"date":"2026-04-28T14:43:48","date_gmt":"2026-04-28T14:43:48","guid":{"rendered":"https:\/\/noithatnhadep.azdigi.shop\/?post_type=product&#038;p=236"},"modified":"2026-04-28T14:43:48","modified_gmt":"2026-04-28T14:43:48","slug":"sofa-moretti-goc-phai-3m3-mau-teal-green-vact10635-6643","status":"publish","type":"product","link":"https:\/\/noithatnhadep.azdigi.shop\/index.php\/san-pham\/sofa-moretti-goc-phai-3m3-mau-teal-green-vact10635-6643\/","title":{"rendered":"Sofa Moretti G\u00f3c Ph\u1ea3i 3M3 (M\u00e0u Teal Green Vact10635\/6643)"},"content":{"rendered":"<h2 class=\"product-title product_title entry-title\" style=\"text-align: center;\"><strong>Sofa Moretti G\u00f3c Ph\u1ea3i 3M3 (M\u00e0u Teal Green Vact10635\/6643)<\/strong><\/h2>\n<p data-start=\"65\" data-end=\"748\">Sofa Moretti g\u00f3c ph\u1ea3i 3M3 mang phong c\u00e1ch hi\u1ec7n \u0111\u1ea1i v\u1edbi thi\u1ebft k\u1ebf r\u1ed9ng r\u00e3i, tinh t\u1ebf v\u00e0 \u0111\u1ea7y t\u00ednh th\u1ea9m m\u1ef9. Gam m\u00e0u Teal Green VACT10635\/6643 n\u1ed5i b\u1eadt nh\u01b0ng v\u1eabn gi\u1eef \u0111\u01b0\u1ee3c n\u00e9t sang tr\u1ecdng, t\u1ea1o \u0111i\u1ec3m nh\u1ea5n \u1ea5n t\u01b0\u1ee3ng cho kh\u00f4ng gian ph\u00f2ng kh\u00e1ch. Ki\u1ec3u d\u00e1ng g\u00f3c ph\u1ea3i gi\u00fap t\u1ed1i \u01b0u di\u1ec7n t\u00edch s\u1eed d\u1ee5ng, mang \u0111\u1ebfn c\u1ea3m gi\u00e1c qu\u00e2y qu\u1ea7n v\u00e0 ti\u1ec7n nghi cho c\u1ea3 gia \u0111\u00ecnh. Ph\u1ea7n \u0111\u1ec7m ng\u1ed3i d\u00e0y d\u1eb7n c\u00f9ng ch\u1ea5t li\u1ec7u v\u1ea3i cao c\u1ea5p m\u1ec1m m\u1ea1i gi\u00fap t\u0103ng s\u1ef1 tho\u1ea3i m\u00e1i trong qu\u00e1 tr\u00ecnh s\u1eed d\u1ee5ng h\u1eb1ng ng\u00e0y. Khung sofa ch\u1eafc ch\u1eafn k\u1ebft h\u1ee3p v\u1edbi c\u00e1c \u0111\u01b0\u1eddng may t\u1ec9 m\u1ec9 t\u1ea1o n\u00ean t\u1ed5ng th\u1ec3 h\u00e0i h\u00f2a v\u00e0 b\u1ec1n b\u1ec9 theo th\u1eddi gian. Sofa Moretti kh\u00f4ng ch\u1ec9 l\u00e0 n\u01a1i th\u01b0 gi\u00e3n l\u00fd t\u01b0\u1edfng m\u00e0 c\u00f2n g\u00f3p ph\u1ea7n n\u00e2ng t\u1ea7m phong c\u00e1ch s\u1ed1ng hi\u1ec7n \u0111\u1ea1i v\u00e0 \u0111\u1eb3ng c\u1ea5p cho ng\u00f4i nh\u00e0.<\/p>\n<hr data-start=\"750\" data-end=\"753\" \/>\n<h4 data-start=\"755\" data-end=\"767\"><strong data-start=\"755\" data-end=\"767\">B\u1ea2O H\u00c0NH<\/strong><\/h4>\n<p data-start=\"769\" data-end=\"1030\">C\u00e1c s\u1ea3n ph\u1ea9m n\u1ed9i th\u1ea5t t\u1ea1i <strong data-start=\"795\" data-end=\"804\">Homie<\/strong> \u0111\u01b0\u1ee3c s\u1ea3n xu\u1ea5t v\u1edbi quy tr\u00ecnh ki\u1ec3m so\u00e1t ch\u1ea5t l\u01b0\u1ee3ng nghi\u00eam ng\u1eb7t, t\u1eeb kh\u00e2u l\u1ef1a ch\u1ecdn nguy\u00ean v\u1eadt li\u1ec7u \u0111\u1ebfn ho\u00e0n thi\u1ec7n s\u1ea3n ph\u1ea9m. M\u1ed7i s\u1ea3n ph\u1ea9m tr\u01b0\u1edbc khi \u0111\u1ebfn tay kh\u00e1ch h\u00e0ng \u0111\u1ec1u \u0111\u01b0\u1ee3c ki\u1ec3m tra k\u1ef9 l\u01b0\u1ee1ng nh\u1eb1m \u0111\u1ea3m b\u1ea3o \u0111\u1ed9 b\u1ec1n v\u00e0 t\u00ednh th\u1ea9m m\u1ef9.<\/p>\n<p data-start=\"1032\" data-end=\"1256\">Homie \u00e1p d\u1ee5ng ch\u00ednh s\u00e1ch b\u1ea3o h\u00e0nh <strong data-start=\"1066\" data-end=\"1078\">12 th\u00e1ng<\/strong> \u0111\u1ed1i v\u1edbi c\u00e1c l\u1ed7i k\u1ef9 thu\u1eadt ph\u00e1t sinh t\u1eeb qu\u00e1 tr\u00ecnh s\u1ea3n xu\u1ea5t ho\u1eb7c l\u1eafp \u0111\u1eb7t. Khi s\u1ea3n ph\u1ea9m g\u1eb7p s\u1ef1 c\u1ed1, qu\u00fd kh\u00e1ch vui l\u00f2ng li\u00ean h\u1ec7 ngay v\u1edbi Homie \u0111\u1ec3 \u0111\u01b0\u1ee3c h\u1ed7 tr\u1ee3, <strong data-start=\"1232\" data-end=\"1255\">kh\u00f4ng t\u1ef1 \u00fd s\u1eeda ch\u1eefa<\/strong>.<\/p>\n<p data-start=\"1258\" data-end=\"1390\">Sau khi h\u1ebft th\u1eddi h\u1ea1n b\u1ea3o h\u00e0nh, n\u1ebfu c\u00f3 nhu c\u1ea7u h\u1ed7 tr\u1ee3 ho\u1eb7c s\u1eeda ch\u1eefa, qu\u00fd kh\u00e1ch v\u1eabn c\u00f3 th\u1ec3 li\u00ean h\u1ec7 Homie \u0111\u1ec3 \u0111\u01b0\u1ee3c t\u01b0 v\u1ea5n v\u00e0 gi\u1ea3i quy\u1ebft.<\/p>\n<p data-start=\"1392\" data-end=\"1431\"><strong data-start=\"1392\" data-end=\"1431\">C\u00e1c tr\u01b0\u1eddng h\u1ee3p kh\u00f4ng \u0111\u01b0\u1ee3c b\u1ea3o h\u00e0nh:<\/strong><\/p>\n<ul data-start=\"1432\" data-end=\"1785\">\n<li data-section-id=\"7rml3c\" data-start=\"1432\" data-end=\"1513\">Kh\u00e1ch h\u00e0ng t\u1ef1 \u00fd s\u1eeda ch\u1eefa khi s\u1ea3n ph\u1ea9m g\u1eb7p s\u1ef1 c\u1ed1 m\u00e0 kh\u00f4ng th\u00f4ng b\u00e1o cho Homie.<\/li>\n<li data-section-id=\"17t3xm\" data-start=\"1514\" data-end=\"1594\">S\u1eed d\u1ee5ng kh\u00f4ng \u0111\u00fang h\u01b0\u1edbng d\u1eabn, g\u00e2y tr\u1ea7y x\u01b0\u1edbc, m\u00f3p m\u00e9o, b\u00e1m b\u1ea9n ho\u1eb7c phai m\u00e0u.<\/li>\n<li data-section-id=\"1g2hlm9\" data-start=\"1595\" data-end=\"1700\">H\u01b0 h\u1ecfng do t\u00e1c \u0111\u1ed9ng m\u00f4i tr\u01b0\u1eddng nh\u01b0 \u1ea9m m\u1ed1c, kh\u00f4 n\u1ee9t, m\u1ed1i m\u1ecdt ho\u1eb7c do h\u00f3a ch\u1ea5t, thi\u1ebft b\u1ecb kh\u00f4ng ph\u00f9 h\u1ee3p.<\/li>\n<li data-section-id=\"1i460ey\" data-start=\"1701\" data-end=\"1739\">S\u1ea3n ph\u1ea9m \u0111\u00e3 h\u1ebft th\u1eddi h\u1ea1n b\u1ea3o h\u00e0nh.<\/li>\n<li data-section-id=\"xyuqhs\" data-start=\"1740\" data-end=\"1785\">Kh\u00f4ng c\u00f3 phi\u1ebfu b\u1ea3o h\u00e0nh h\u1ee3p l\u1ec7 c\u1ee7a Homie.<\/li>\n<\/ul>\n<hr data-start=\"1787\" data-end=\"1790\" \/>\n<h4 data-start=\"1792\" data-end=\"1813\"><strong data-start=\"1792\" data-end=\"1813\">GIAO H\u00c0NG T\u1eacN N\u01a0I<\/strong><\/h4>\n<p data-start=\"1815\" data-end=\"1989\" data-is-last-node=\"\" data-is-only-node=\"\">Homie cung c\u1ea5p d\u1ecbch v\u1ee5 giao h\u00e0ng t\u1eadn n\u01a1i, l\u1eafp r\u00e1p v\u00e0 b\u1ed1 tr\u00ed s\u1ea3n ph\u1ea9m theo y\u00eau c\u1ea7u c\u1ee7a kh\u00e1ch h\u00e0ng.<br data-start=\"1912\" data-end=\"1915\" \/>Chi ph\u00ed giao h\u00e0ng s\u1ebd \u0111\u01b0\u1ee3c th\u00f4ng b\u00e1o c\u1ee5 th\u1ec3 d\u1ef1a tr\u00ean t\u1eebng \u0111\u01a1n h\u00e0ng th\u1ef1c t\u1ebf.<\/p>\n","protected":false},"excerpt":{"rendered":"<div class=\"nx-row\"><strong><span class=\"nx-label\">K\u00edch th\u01b0\u1edbc : <\/span><span class=\"nx-value\">D3300\/1830 &#8211; R950 &#8211; C850 mm<\/span><\/strong><\/div>\n<div class=\"nx-row\"><strong><span class=\"nx-label\">Ch\u1ea5t li\u1ec7u : <\/span><span class=\"nx-value\">Ch\u00e2n kim lo\u1ea1i b\u1ecdc v\u1ea3i cao c\u1ea5p &#8211; bao g\u1ed3m 5 g\u1ed1i trang tr\u00ed, vact10635\/6643<\/span><\/strong><\/div>\n","protected":false},"featured_media":237,"comment_status":"open","ping_status":"closed","template":"","meta":[],"product_brand":[],"product_cat":[39,33],"product_tag":[],"class_list":{"0":"post-236","1":"product","2":"type-product","3":"status-publish","4":"has-post-thumbnail","6":"product_cat-san-pham","7":"product_cat-sofa","9":"first","10":"instock","11":"sale","12":"shipping-taxable","13":"purchasable","14":"product-type-variable"},"yoast_head":"<!-- This site is optimized with the Yoast SEO plugin v27.4 - https:\/\/yoast.com\/product\/yoast-seo-wordpress\/ -->\n<title>Sofa Moretti G\u00f3c Ph\u1ea3i 3M3 (M\u00e0u Teal Green Vact10635\/6643) - noithatnhadep<\/title>\n<meta name=\"description\" content=\"Sofa Moretti g\u00f3c ph\u1ea3i 3M3 mang phong c\u00e1ch hi\u1ec7n \u0111\u1ea1i v\u1edbi thi\u1ebft k\u1ebf r\u1ed9ng r\u00e3i, tinh t\u1ebf v\u00e0 \u0111\u1ea7y t\u00ednh th\u1ea9m m\u1ef9. Gam m\u00e0u Teal Green VACT10635\/6643 n\u1ed5i b\u1eadt\" \/>\n<meta name=\"robots\" content=\"index, follow, max-snippet:-1, max-image-preview:large, max-video-preview:-1\" \/>\n<link rel=\"canonical\" href=\"https:\/\/noithatnhadep.azdigi.shop\/index.php\/san-pham\/sofa-moretti-goc-phai-3m3-mau-teal-green-vact10635-6643\/\" \/>\n<meta property=\"og:locale\" content=\"vi_VN\" \/>\n<meta property=\"og:type\" content=\"article\" \/>\n<meta property=\"og:title\" content=\"Sofa Moretti G\u00f3c Ph\u1ea3i 3M3 (M\u00e0u Teal Green Vact10635\/6643) - noithatnhadep\" \/>\n<meta property=\"og:description\" content=\"Sofa Moretti g\u00f3c ph\u1ea3i 3M3 mang phong c\u00e1ch hi\u1ec7n \u0111\u1ea1i v\u1edbi thi\u1ebft k\u1ebf r\u1ed9ng r\u00e3i, tinh t\u1ebf v\u00e0 \u0111\u1ea7y t\u00ednh th\u1ea9m m\u1ef9. Gam m\u00e0u Teal Green VACT10635\/6643 n\u1ed5i b\u1eadt\" \/>\n<meta property=\"og:url\" content=\"https:\/\/noithatnhadep.azdigi.shop\/index.php\/san-pham\/sofa-moretti-goc-phai-3m3-mau-teal-green-vact10635-6643\/\" \/>\n<meta property=\"og:site_name\" content=\"noithatnhadep\" \/>\n<meta property=\"og:image\" content=\"https:\/\/noithatnhadep.azdigi.shop\/wp-content\/uploads\/2026\/04\/Screenshot-2026-04-28-213902.png\" \/>\n\t<meta property=\"og:image:width\" content=\"543\" \/>\n\t<meta property=\"og:image:height\" content=\"369\" \/>\n\t<meta property=\"og:image:type\" content=\"image\/png\" \/>\n<meta name=\"twitter:card\" content=\"summary_large_image\" \/>\n<meta name=\"twitter:label1\" content=\"\u01af\u1edbc t\u00ednh th\u1eddi gian \u0111\u1ecdc\" \/>\n\t<meta name=\"twitter:data1\" content=\"3 ph\u00fat\" \/>\n<script type=\"application\/ld+json\" class=\"yoast-schema-graph\">{\"@context\":\"https:\\\/\\\/schema.org\",\"@graph\":[{\"@type\":\"WebPage\",\"@id\":\"https:\\\/\\\/noithatnhadep.azdigi.shop\\\/index.php\\\/san-pham\\\/sofa-moretti-goc-phai-3m3-mau-teal-green-vact10635-6643\\\/\",\"url\":\"https:\\\/\\\/noithatnhadep.azdigi.shop\\\/index.php\\\/san-pham\\\/sofa-moretti-goc-phai-3m3-mau-teal-green-vact10635-6643\\\/\",\"name\":\"Sofa Moretti G\u00f3c Ph\u1ea3i 3M3 (M\u00e0u Teal Green Vact10635\\\/6643) - noithatnhadep\",\"isPartOf\":{\"@id\":\"https:\\\/\\\/noithatnhadep.azdigi.shop\\\/#website\"},\"primaryImageOfPage\":{\"@id\":\"https:\\\/\\\/noithatnhadep.azdigi.shop\\\/index.php\\\/san-pham\\\/sofa-moretti-goc-phai-3m3-mau-teal-green-vact10635-6643\\\/#primaryimage\"},\"image\":{\"@id\":\"https:\\\/\\\/noithatnhadep.azdigi.shop\\\/index.php\\\/san-pham\\\/sofa-moretti-goc-phai-3m3-mau-teal-green-vact10635-6643\\\/#primaryimage\"},\"thumbnailUrl\":\"https:\\\/\\\/noithatnhadep.azdigi.shop\\\/wp-content\\\/uploads\\\/2026\\\/04\\\/Screenshot-2026-04-28-213902.png\",\"datePublished\":\"2026-04-28T14:43:48+00:00\",\"description\":\"Sofa Moretti g\u00f3c ph\u1ea3i 3M3 mang phong c\u00e1ch hi\u1ec7n \u0111\u1ea1i v\u1edbi thi\u1ebft k\u1ebf r\u1ed9ng r\u00e3i, tinh t\u1ebf v\u00e0 \u0111\u1ea7y t\u00ednh th\u1ea9m m\u1ef9. Gam m\u00e0u Teal Green VACT10635\\\/6643 n\u1ed5i b\u1eadt\",\"breadcrumb\":{\"@id\":\"https:\\\/\\\/noithatnhadep.azdigi.shop\\\/index.php\\\/san-pham\\\/sofa-moretti-goc-phai-3m3-mau-teal-green-vact10635-6643\\\/#breadcrumb\"},\"inLanguage\":\"vi\",\"potentialAction\":[{\"@type\":\"ReadAction\",\"target\":[\"https:\\\/\\\/noithatnhadep.azdigi.shop\\\/index.php\\\/san-pham\\\/sofa-moretti-goc-phai-3m3-mau-teal-green-vact10635-6643\\\/\"]}]},{\"@type\":\"ImageObject\",\"inLanguage\":\"vi\",\"@id\":\"https:\\\/\\\/noithatnhadep.azdigi.shop\\\/index.php\\\/san-pham\\\/sofa-moretti-goc-phai-3m3-mau-teal-green-vact10635-6643\\\/#primaryimage\",\"url\":\"https:\\\/\\\/noithatnhadep.azdigi.shop\\\/wp-content\\\/uploads\\\/2026\\\/04\\\/Screenshot-2026-04-28-213902.png\",\"contentUrl\":\"https:\\\/\\\/noithatnhadep.azdigi.shop\\\/wp-content\\\/uploads\\\/2026\\\/04\\\/Screenshot-2026-04-28-213902.png\",\"width\":543,\"height\":369},{\"@type\":\"BreadcrumbList\",\"@id\":\"https:\\\/\\\/noithatnhadep.azdigi.shop\\\/index.php\\\/san-pham\\\/sofa-moretti-goc-phai-3m3-mau-teal-green-vact10635-6643\\\/#breadcrumb\",\"itemListElement\":[{\"@type\":\"ListItem\",\"position\":1,\"name\":\"Trang ch\u1ee7\",\"item\":\"https:\\\/\\\/noithatnhadep.azdigi.shop\\\/\"},{\"@type\":\"ListItem\",\"position\":2,\"name\":\"C\u1eeda h\u00e0ng\",\"item\":\"https:\\\/\\\/noithatnhadep.azdigi.shop\\\/index.php\\\/cua-hang\\\/\"},{\"@type\":\"ListItem\",\"position\":3,\"name\":\"Sofa Moretti G\u00f3c Ph\u1ea3i 3M3 (M\u00e0u Teal Green Vact10635\\\/6643)\"}]},{\"@type\":\"WebSite\",\"@id\":\"https:\\\/\\\/noithatnhadep.azdigi.shop\\\/#website\",\"url\":\"https:\\\/\\\/noithatnhadep.azdigi.shop\\\/\",\"name\":\"noithatnhadep\",\"description\":\"\",\"potentialAction\":[{\"@type\":\"SearchAction\",\"target\":{\"@type\":\"EntryPoint\",\"urlTemplate\":\"https:\\\/\\\/noithatnhadep.azdigi.shop\\\/?s={search_term_string}\"},\"query-input\":{\"@type\":\"PropertyValueSpecification\",\"valueRequired\":true,\"valueName\":\"search_term_string\"}}],\"inLanguage\":\"vi\"}]}<\/script>\n<!-- \/ Yoast SEO plugin. -->","yoast_head_json":{"title":"Sofa Moretti G\u00f3c Ph\u1ea3i 3M3 (M\u00e0u Teal Green Vact10635\/6643) - noithatnhadep","description":"Sofa Moretti g\u00f3c ph\u1ea3i 3M3 mang phong c\u00e1ch hi\u1ec7n \u0111\u1ea1i v\u1edbi thi\u1ebft k\u1ebf r\u1ed9ng r\u00e3i, tinh t\u1ebf v\u00e0 \u0111\u1ea7y t\u00ednh th\u1ea9m m\u1ef9. Gam m\u00e0u Teal Green VACT10635\/6643 n\u1ed5i b\u1eadt","robots":{"index":"index","follow":"follow","max-snippet":"max-snippet:-1","max-image-preview":"max-image-preview:large","max-video-preview":"max-video-preview:-1"},"canonical":"https:\/\/noithatnhadep.azdigi.shop\/index.php\/san-pham\/sofa-moretti-goc-phai-3m3-mau-teal-green-vact10635-6643\/","og_locale":"vi_VN","og_type":"article","og_title":"Sofa Moretti G\u00f3c Ph\u1ea3i 3M3 (M\u00e0u Teal Green Vact10635\/6643) - noithatnhadep","og_description":"Sofa Moretti g\u00f3c ph\u1ea3i 3M3 mang phong c\u00e1ch hi\u1ec7n \u0111\u1ea1i v\u1edbi thi\u1ebft k\u1ebf r\u1ed9ng r\u00e3i, tinh t\u1ebf v\u00e0 \u0111\u1ea7y t\u00ednh th\u1ea9m m\u1ef9. Gam m\u00e0u Teal Green VACT10635\/6643 n\u1ed5i b\u1eadt","og_url":"https:\/\/noithatnhadep.azdigi.shop\/index.php\/san-pham\/sofa-moretti-goc-phai-3m3-mau-teal-green-vact10635-6643\/","og_site_name":"noithatnhadep","og_image":[{"width":543,"height":369,"url":"https:\/\/noithatnhadep.azdigi.shop\/wp-content\/uploads\/2026\/04\/Screenshot-2026-04-28-213902.png","type":"image\/png"}],"twitter_card":"summary_large_image","twitter_misc":{"\u01af\u1edbc t\u00ednh th\u1eddi gian \u0111\u1ecdc":"3 ph\u00fat"},"schema":{"@context":"https:\/\/schema.org","@graph":[{"@type":"WebPage","@id":"https:\/\/noithatnhadep.azdigi.shop\/index.php\/san-pham\/sofa-moretti-goc-phai-3m3-mau-teal-green-vact10635-6643\/","url":"https:\/\/noithatnhadep.azdigi.shop\/index.php\/san-pham\/sofa-moretti-goc-phai-3m3-mau-teal-green-vact10635-6643\/","name":"Sofa Moretti G\u00f3c Ph\u1ea3i 3M3 (M\u00e0u Teal Green Vact10635\/6643) - noithatnhadep","isPartOf":{"@id":"https:\/\/noithatnhadep.azdigi.shop\/#website"},"primaryImageOfPage":{"@id":"https:\/\/noithatnhadep.azdigi.shop\/index.php\/san-pham\/sofa-moretti-goc-phai-3m3-mau-teal-green-vact10635-6643\/#primaryimage"},"image":{"@id":"https:\/\/noithatnhadep.azdigi.shop\/index.php\/san-pham\/sofa-moretti-goc-phai-3m3-mau-teal-green-vact10635-6643\/#primaryimage"},"thumbnailUrl":"https:\/\/noithatnhadep.azdigi.shop\/wp-content\/uploads\/2026\/04\/Screenshot-2026-04-28-213902.png","datePublished":"2026-04-28T14:43:48+00:00","description":"Sofa Moretti g\u00f3c ph\u1ea3i 3M3 mang phong c\u00e1ch hi\u1ec7n \u0111\u1ea1i v\u1edbi thi\u1ebft k\u1ebf r\u1ed9ng r\u00e3i, tinh t\u1ebf v\u00e0 \u0111\u1ea7y t\u00ednh th\u1ea9m m\u1ef9. Gam m\u00e0u Teal Green VACT10635\/6643 n\u1ed5i b\u1eadt","breadcrumb":{"@id":"https:\/\/noithatnhadep.azdigi.shop\/index.php\/san-pham\/sofa-moretti-goc-phai-3m3-mau-teal-green-vact10635-6643\/#breadcrumb"},"inLanguage":"vi","potentialAction":[{"@type":"ReadAction","target":["https:\/\/noithatnhadep.azdigi.shop\/index.php\/san-pham\/sofa-moretti-goc-phai-3m3-mau-teal-green-vact10635-6643\/"]}]},{"@type":"ImageObject","inLanguage":"vi","@id":"https:\/\/noithatnhadep.azdigi.shop\/index.php\/san-pham\/sofa-moretti-goc-phai-3m3-mau-teal-green-vact10635-6643\/#primaryimage","url":"https:\/\/noithatnhadep.azdigi.shop\/wp-content\/uploads\/2026\/04\/Screenshot-2026-04-28-213902.png","contentUrl":"https:\/\/noithatnhadep.azdigi.shop\/wp-content\/uploads\/2026\/04\/Screenshot-2026-04-28-213902.png","width":543,"height":369},{"@type":"BreadcrumbList","@id":"https:\/\/noithatnhadep.azdigi.shop\/index.php\/san-pham\/sofa-moretti-goc-phai-3m3-mau-teal-green-vact10635-6643\/#breadcrumb","itemListElement":[{"@type":"ListItem","position":1,"name":"Trang ch\u1ee7","item":"https:\/\/noithatnhadep.azdigi.shop\/"},{"@type":"ListItem","position":2,"name":"C\u1eeda h\u00e0ng","item":"https:\/\/noithatnhadep.azdigi.shop\/index.php\/cua-hang\/"},{"@type":"ListItem","position":3,"name":"Sofa Moretti G\u00f3c Ph\u1ea3i 3M3 (M\u00e0u Teal Green Vact10635\/6643)"}]},{"@type":"WebSite","@id":"https:\/\/noithatnhadep.azdigi.shop\/#website","url":"https:\/\/noithatnhadep.azdigi.shop\/","name":"noithatnhadep","description":"","potentialAction":[{"@type":"SearchAction","target":{"@type":"EntryPoint","urlTemplate":"https:\/\/noithatnhadep.azdigi.shop\/?s={search_term_string}"},"query-input":{"@type":"PropertyValueSpecification","valueRequired":true,"valueName":"search_term_string"}}],"inLanguage":"vi"}]}},"_links":{"self":[{"href":"https:\/\/noithatnhadep.azdigi.shop\/index.php\/wp-json\/wp\/v2\/product\/236","targetHints":{"allow":["GET"]}}],"collection":[{"href":"https:\/\/noithatnhadep.azdigi.shop\/index.php\/wp-json\/wp\/v2\/product"}],"about":[{"href":"https:\/\/noithatnhadep.azdigi.shop\/index.php\/wp-json\/wp\/v2\/types\/product"}],"replies":[{"embeddable":true,"href":"https:\/\/noithatnhadep.azdigi.shop\/index.php\/wp-json\/wp\/v2\/comments?post=236"}],"wp:featuredmedia":[{"embeddable":true,"href":"https:\/\/noithatnhadep.azdigi.shop\/index.php\/wp-json\/wp\/v2\/media\/237"}],"wp:attachment":[{"href":"https:\/\/noithatnhadep.azdigi.shop\/index.php\/wp-json\/wp\/v2\/media?parent=236"}],"wp:term":[{"taxonomy":"product_brand","embeddable":true,"href":"https:\/\/noithatnhadep.azdigi.shop\/index.php\/wp-json\/wp\/v2\/product_brand?post=236"},{"taxonomy":"product_cat","embeddable":true,"href":"https:\/\/noithatnhadep.azdigi.shop\/index.php\/wp-json\/wp\/v2\/product_cat?post=236"},{"taxonomy":"product_tag","embeddable":true,"href":"https:\/\/noithatnhadep.azdigi.shop\/index.php\/wp-json\/wp\/v2\/product_tag?post=236"}],"curies":[{"name":"wp","href":"https:\/\/api.w.org\/{rel}","templated":true}]}}