{"id":223,"date":"2026-04-28T14:28:25","date_gmt":"2026-04-28T14:28:25","guid":{"rendered":"https:\/\/noithatnhadep.azdigi.shop\/?post_type=product&#038;p=223"},"modified":"2026-04-28T14:28:25","modified_gmt":"2026-04-28T14:28:25","slug":"tu-tv-moretti","status":"publish","type":"product","link":"https:\/\/noithatnhadep.azdigi.shop\/index.php\/san-pham\/tu-tv-moretti\/","title":{"rendered":"T\u1ee6 TV MORETTI"},"content":{"rendered":"<section class=\"text-token-text-primary w-full focus:outline-none [--shadow-height:45px] has-data-writing-block:pointer-events-none has-data-writing-block:-mt-(--shadow-height) has-data-writing-block:pt-(--shadow-height) [&amp;:has([data-writing-block])&gt;*]:pointer-events-auto R6Vx5W_threadScrollVars scroll-mb-[calc(var(--scroll-root-safe-area-inset-bottom,0px)+var(--thread-response-height))] scroll-mt-(--header-height)\" dir=\"auto\" data-turn-id=\"56b7b8a4-c863-4acd-802c-af16614339f8\" data-testid=\"conversation-turn-25\" data-scroll-anchor=\"false\" data-turn=\"user\"><\/section>\n<section class=\"text-token-text-primary w-full focus:outline-none [--shadow-height:45px] has-data-writing-block:pointer-events-none has-data-writing-block:-mt-(--shadow-height) has-data-writing-block:pt-(--shadow-height) [&amp;:has([data-writing-block])&gt;*]:pointer-events-auto [content-visibility:auto] supports-[content-visibility:auto]:[contain-intrinsic-size:auto_100lvh] R6Vx5W_threadScrollVars scroll-mb-[calc(var(--scroll-root-safe-area-inset-bottom,0px)+var(--thread-response-height))] scroll-mt-[calc(var(--header-height)+min(200px,max(70px,20svh)))]\" dir=\"auto\" data-turn-id=\"request-69f08568-f198-8398-ae27-9adc09f81038-4\" data-testid=\"conversation-turn-26\" data-scroll-anchor=\"false\" data-turn=\"assistant\">\n<div class=\"text-base my-auto mx-auto pb-10 [--thread-content-margin:var(--thread-content-margin-xs,calc(var(--spacing)*4))] @w-sm\/main:[--thread-content-margin:var(--thread-content-margin-sm,calc(var(--spacing)*6))] @w-lg\/main:[--thread-content-margin:var(--thread-content-margin-lg,calc(var(--spacing)*16))] px-(--thread-content-margin)\">\n<div class=\"[--thread-content-max-width:40rem] @w-lg\/main:[--thread-content-max-width:48rem] mx-auto max-w-(--thread-content-max-width) flex-1 group\/turn-messages focus-visible:outline-hidden relative flex w-full min-w-0 flex-col agent-turn\">\n<div class=\"flex max-w-full flex-col gap-4 grow\">\n<div class=\"min-h-8 text-message relative flex w-full flex-col items-end gap-2 text-start break-words whitespace-normal outline-none keyboard-focused:focus-ring [.text-message+&amp;]:mt-1\" dir=\"auto\" tabindex=\"0\" data-message-author-role=\"assistant\" data-message-id=\"b42cdc37-02db-4a58-bd6a-cd17ee061684\" data-message-model-slug=\"gpt-5-3\" data-turn-start-message=\"true\">\n<div class=\"flex w-full flex-col gap-1 empty:hidden\">\n<div class=\"markdown prose dark:prose-invert w-full wrap-break-word light markdown-new-styling\">\n<h2 style=\"text-align: center;\" data-start=\"0\" data-end=\"19\"><strong data-start=\"0\" data-end=\"17\">T\u1ee6 TV MORETTI<\/strong><\/h2>\n<p data-start=\"21\" data-end=\"760\">T\u1ee7 TV Moretti mang phong c\u00e1ch hi\u1ec7n \u0111\u1ea1i v\u1edbi thi\u1ebft k\u1ebf tinh gi\u1ea3n nh\u01b0ng v\u1eabn to\u00e1t l\u00ean v\u1ebb sang tr\u1ecdng v\u00e0 tinh t\u1ebf cho kh\u00f4ng gian ph\u00f2ng kh\u00e1ch. S\u1ea3n ph\u1ea9m \u0111\u01b0\u1ee3c thi\u1ebft k\u1ebf v\u1edbi c\u00e1c \u0111\u01b0\u1eddng n\u00e9t g\u1ecdn g\u00e0ng, h\u00e0i h\u00f2a c\u00f9ng ch\u1ea5t li\u1ec7u cao c\u1ea5p, t\u1ea1o n\u00ean t\u1ed5ng th\u1ec3 thanh l\u1ecbch v\u00e0 b\u1ec1n b\u1ec9 theo th\u1eddi gian. C\u00e1c ng\u0103n ch\u1ee9a r\u1ed9ng r\u00e3i \u0111\u01b0\u1ee3c b\u1ed1 tr\u00ed khoa h\u1ecdc gi\u00fap t\u1ed1i \u01b0u kh\u00f4ng gian l\u01b0u tr\u1eef, thu\u1eadn ti\u1ec7n cho vi\u1ec7c s\u1eafp x\u1ebfp thi\u1ebft b\u1ecb \u0111i\u1ec7n t\u1eed, s\u00e1ch b\u00e1o hay v\u1eadt d\u1ee5ng trang tr\u00ed. T\u1ee7 TV Moretti kh\u00f4ng ch\u1ec9 \u0111\u00e1p \u1ee9ng nhu c\u1ea7u s\u1eed d\u1ee5ng h\u1eb1ng ng\u00e0y m\u00e0 c\u00f2n g\u00f3p ph\u1ea7n t\u1ea1o \u0111i\u1ec3m nh\u1ea5n th\u1ea9m m\u1ef9, mang \u0111\u1ebfn c\u1ea3m gi\u00e1c hi\u1ec7n \u0111\u1ea1i v\u00e0 \u1ea5m c\u00fang cho ng\u00f4i nh\u00e0. V\u1edbi ki\u1ec3u d\u00e1ng d\u1ec5 ph\u1ed1i h\u1ee3p c\u00f9ng nhi\u1ec1u phong c\u00e1ch n\u1ed9i th\u1ea5t kh\u00e1c nhau, \u0111\u00e2y l\u00e0 l\u1ef1a ch\u1ecdn ph\u00f9 h\u1ee3p cho nh\u1eefng ai y\u00eau th\u00edch s\u1ef1 ti\u1ec7n nghi v\u00e0 \u0111\u1eb3ng c\u1ea5p trong kh\u00f4ng gian s\u1ed1ng.<\/p>\n<hr data-start=\"762\" data-end=\"765\" \/>\n<h4 data-start=\"767\" data-end=\"779\"><strong data-start=\"767\" data-end=\"779\">B\u1ea2O H\u00c0NH<\/strong><\/h4>\n<p data-start=\"781\" data-end=\"1042\">C\u00e1c s\u1ea3n ph\u1ea9m n\u1ed9i th\u1ea5t t\u1ea1i <strong data-start=\"807\" data-end=\"816\">Homie<\/strong> \u0111\u01b0\u1ee3c s\u1ea3n xu\u1ea5t v\u1edbi quy tr\u00ecnh ki\u1ec3m so\u00e1t ch\u1ea5t l\u01b0\u1ee3ng nghi\u00eam ng\u1eb7t, t\u1eeb kh\u00e2u l\u1ef1a ch\u1ecdn nguy\u00ean v\u1eadt li\u1ec7u \u0111\u1ebfn ho\u00e0n thi\u1ec7n s\u1ea3n ph\u1ea9m. M\u1ed7i s\u1ea3n ph\u1ea9m tr\u01b0\u1edbc khi \u0111\u1ebfn tay kh\u00e1ch h\u00e0ng \u0111\u1ec1u \u0111\u01b0\u1ee3c ki\u1ec3m tra k\u1ef9 l\u01b0\u1ee1ng nh\u1eb1m \u0111\u1ea3m b\u1ea3o \u0111\u1ed9 b\u1ec1n v\u00e0 t\u00ednh th\u1ea9m m\u1ef9.<\/p>\n<p data-start=\"1044\" data-end=\"1268\">Homie \u00e1p d\u1ee5ng ch\u00ednh s\u00e1ch b\u1ea3o h\u00e0nh <strong data-start=\"1078\" data-end=\"1090\">12 th\u00e1ng<\/strong> \u0111\u1ed1i v\u1edbi c\u00e1c l\u1ed7i k\u1ef9 thu\u1eadt ph\u00e1t sinh t\u1eeb qu\u00e1 tr\u00ecnh s\u1ea3n xu\u1ea5t ho\u1eb7c l\u1eafp \u0111\u1eb7t. Khi s\u1ea3n ph\u1ea9m g\u1eb7p s\u1ef1 c\u1ed1, qu\u00fd kh\u00e1ch vui l\u00f2ng li\u00ean h\u1ec7 ngay v\u1edbi Homie \u0111\u1ec3 \u0111\u01b0\u1ee3c h\u1ed7 tr\u1ee3, <strong data-start=\"1244\" data-end=\"1267\">kh\u00f4ng t\u1ef1 \u00fd s\u1eeda ch\u1eefa<\/strong>.<\/p>\n<p data-start=\"1270\" data-end=\"1402\">Sau khi h\u1ebft th\u1eddi h\u1ea1n b\u1ea3o h\u00e0nh, n\u1ebfu c\u00f3 nhu c\u1ea7u h\u1ed7 tr\u1ee3 ho\u1eb7c s\u1eeda ch\u1eefa, qu\u00fd kh\u00e1ch v\u1eabn c\u00f3 th\u1ec3 li\u00ean h\u1ec7 Homie \u0111\u1ec3 \u0111\u01b0\u1ee3c t\u01b0 v\u1ea5n v\u00e0 gi\u1ea3i quy\u1ebft.<\/p>\n<p data-start=\"1404\" data-end=\"1443\"><strong data-start=\"1404\" data-end=\"1443\">C\u00e1c tr\u01b0\u1eddng h\u1ee3p kh\u00f4ng \u0111\u01b0\u1ee3c b\u1ea3o h\u00e0nh:<\/strong><\/p>\n<ul data-start=\"1444\" data-end=\"1797\">\n<li data-section-id=\"7rml3c\" data-start=\"1444\" data-end=\"1525\">Kh\u00e1ch h\u00e0ng t\u1ef1 \u00fd s\u1eeda ch\u1eefa khi s\u1ea3n ph\u1ea9m g\u1eb7p s\u1ef1 c\u1ed1 m\u00e0 kh\u00f4ng th\u00f4ng b\u00e1o cho Homie.<\/li>\n<li data-section-id=\"17t3xm\" data-start=\"1526\" data-end=\"1606\">S\u1eed d\u1ee5ng kh\u00f4ng \u0111\u00fang h\u01b0\u1edbng d\u1eabn, g\u00e2y tr\u1ea7y x\u01b0\u1edbc, m\u00f3p m\u00e9o, b\u00e1m b\u1ea9n ho\u1eb7c phai m\u00e0u.<\/li>\n<li data-section-id=\"1g2hlm9\" data-start=\"1607\" data-end=\"1712\">H\u01b0 h\u1ecfng do t\u00e1c \u0111\u1ed9ng m\u00f4i tr\u01b0\u1eddng nh\u01b0 \u1ea9m m\u1ed1c, kh\u00f4 n\u1ee9t, m\u1ed1i m\u1ecdt ho\u1eb7c do h\u00f3a ch\u1ea5t, thi\u1ebft b\u1ecb kh\u00f4ng ph\u00f9 h\u1ee3p.<\/li>\n<li data-section-id=\"1i460ey\" data-start=\"1713\" data-end=\"1751\">S\u1ea3n ph\u1ea9m \u0111\u00e3 h\u1ebft th\u1eddi h\u1ea1n b\u1ea3o h\u00e0nh.<\/li>\n<li data-section-id=\"xyuqhs\" data-start=\"1752\" data-end=\"1797\">Kh\u00f4ng c\u00f3 phi\u1ebfu b\u1ea3o h\u00e0nh h\u1ee3p l\u1ec7 c\u1ee7a Homie.<\/li>\n<\/ul>\n<hr data-start=\"1799\" data-end=\"1802\" \/>\n<h4 data-start=\"1804\" data-end=\"1825\"><strong data-start=\"1804\" data-end=\"1825\">GIAO H\u00c0NG T\u1eacN N\u01a0I<\/strong><\/h4>\n<p data-start=\"1827\" data-end=\"2001\" data-is-last-node=\"\" data-is-only-node=\"\">Homie cung c\u1ea5p d\u1ecbch v\u1ee5 giao h\u00e0ng t\u1eadn n\u01a1i, l\u1eafp r\u00e1p v\u00e0 b\u1ed1 tr\u00ed s\u1ea3n ph\u1ea9m theo y\u00eau c\u1ea7u c\u1ee7a kh\u00e1ch h\u00e0ng.<br data-start=\"1924\" data-end=\"1927\" \/>Chi ph\u00ed giao h\u00e0ng s\u1ebd \u0111\u01b0\u1ee3c th\u00f4ng b\u00e1o c\u1ee5 th\u1ec3 d\u1ef1a tr\u00ean t\u1eebng \u0111\u01a1n h\u00e0ng th\u1ef1c t\u1ebf.<\/p>\n<\/div>\n<\/div>\n<\/div>\n<\/div>\n<\/div>\n<\/div>\n<\/section>\n","protected":false},"excerpt":{"rendered":"<div class=\"product-gallery col large-7\">\n<div class=\"row row-small\"><\/div>\n<\/div>\n<div class=\"product-info summary col-fit col entry-summary product-summary\">\n<div class=\"price-wrapper\">\n<p><strong><span class=\"nx-label\" style=\"color: #333333;\">K\u00edch th\u01b0\u1edbc:<\/span><span class=\"nx-value\" style=\"color: #333333;\">D1800 &#8211; R420 &#8211; C560 mm<\/span><\/strong><\/p>\n<\/div>\n<div id=\"nx-basic-product-info\" class=\"nx-basic-product-info\">\n<div class=\"nx-row\"><strong><span class=\"nx-label\">Ch\u1ea5t li\u1ec7u:<\/span><span class=\"nx-value\">G\u1ed7 White ash, MDF veneer White Ash, ch\u00e2n kim lo\u1ea1i s\u01a1n t\u0129nh \u0111i\u1ec7n<\/span><\/strong><\/div>\n<\/div>\n<\/div>\n","protected":false},"featured_media":225,"comment_status":"open","ping_status":"closed","template":"","meta":[],"product_brand":[],"product_cat":[39,30],"product_tag":[],"class_list":{"0":"post-223","1":"product","2":"type-product","3":"status-publish","4":"has-post-thumbnail","6":"product_cat-san-pham","7":"product_cat-tu-tv","9":"first","10":"instock","11":"sale","12":"shipping-taxable","13":"purchasable","14":"product-type-variable"},"yoast_head":"<!-- This site is optimized with the Yoast SEO plugin v27.4 - https:\/\/yoast.com\/product\/yoast-seo-wordpress\/ -->\n<title>T\u1ee6 TV MORETTI - noithatnhadep<\/title>\n<meta name=\"description\" content=\"T\u1ee7 TV Moretti mang phong c\u00e1ch hi\u1ec7n \u0111\u1ea1i v\u1edbi thi\u1ebft k\u1ebf tinh gi\u1ea3n nh\u01b0ng v\u1eabn to\u00e1t l\u00ean v\u1ebb sang tr\u1ecdng v\u00e0 tinh t\u1ebf cho kh\u00f4ng gian ph\u00f2ng kh\u00e1ch.\" \/>\n<meta name=\"robots\" content=\"index, follow, max-snippet:-1, max-image-preview:large, max-video-preview:-1\" \/>\n<link rel=\"canonical\" href=\"https:\/\/noithatnhadep.azdigi.shop\/index.php\/san-pham\/tu-tv-moretti\/\" \/>\n<meta property=\"og:locale\" content=\"vi_VN\" \/>\n<meta property=\"og:type\" content=\"article\" \/>\n<meta property=\"og:title\" content=\"T\u1ee6 TV MORETTI - noithatnhadep\" \/>\n<meta property=\"og:description\" content=\"T\u1ee7 TV Moretti mang phong c\u00e1ch hi\u1ec7n \u0111\u1ea1i v\u1edbi thi\u1ebft k\u1ebf tinh gi\u1ea3n nh\u01b0ng v\u1eabn to\u00e1t l\u00ean v\u1ebb sang tr\u1ecdng v\u00e0 tinh t\u1ebf cho kh\u00f4ng gian ph\u00f2ng kh\u00e1ch.\" \/>\n<meta property=\"og:url\" content=\"https:\/\/noithatnhadep.azdigi.shop\/index.php\/san-pham\/tu-tv-moretti\/\" \/>\n<meta property=\"og:site_name\" content=\"noithatnhadep\" \/>\n<meta property=\"og:image\" content=\"https:\/\/noithatnhadep.azdigi.shop\/wp-content\/uploads\/2026\/04\/Screenshot-2026-04-28-212234.png\" \/>\n\t<meta property=\"og:image:width\" content=\"692\" \/>\n\t<meta property=\"og:image:height\" content=\"384\" \/>\n\t<meta property=\"og:image:type\" content=\"image\/png\" \/>\n<meta name=\"twitter:card\" content=\"summary_large_image\" \/>\n<meta name=\"twitter:label1\" content=\"\u01af\u1edbc t\u00ednh th\u1eddi gian \u0111\u1ecdc\" \/>\n\t<meta name=\"twitter:data1\" content=\"3 ph\u00fat\" \/>\n<script type=\"application\/ld+json\" class=\"yoast-schema-graph\">{\"@context\":\"https:\\\/\\\/schema.org\",\"@graph\":[{\"@type\":\"WebPage\",\"@id\":\"https:\\\/\\\/noithatnhadep.azdigi.shop\\\/index.php\\\/san-pham\\\/tu-tv-moretti\\\/\",\"url\":\"https:\\\/\\\/noithatnhadep.azdigi.shop\\\/index.php\\\/san-pham\\\/tu-tv-moretti\\\/\",\"name\":\"T\u1ee6 TV MORETTI - noithatnhadep\",\"isPartOf\":{\"@id\":\"https:\\\/\\\/noithatnhadep.azdigi.shop\\\/#website\"},\"primaryImageOfPage\":{\"@id\":\"https:\\\/\\\/noithatnhadep.azdigi.shop\\\/index.php\\\/san-pham\\\/tu-tv-moretti\\\/#primaryimage\"},\"image\":{\"@id\":\"https:\\\/\\\/noithatnhadep.azdigi.shop\\\/index.php\\\/san-pham\\\/tu-tv-moretti\\\/#primaryimage\"},\"thumbnailUrl\":\"https:\\\/\\\/noithatnhadep.azdigi.shop\\\/wp-content\\\/uploads\\\/2026\\\/04\\\/Screenshot-2026-04-28-212234.png\",\"datePublished\":\"2026-04-28T14:28:25+00:00\",\"description\":\"T\u1ee7 TV Moretti mang phong c\u00e1ch hi\u1ec7n \u0111\u1ea1i v\u1edbi thi\u1ebft k\u1ebf tinh gi\u1ea3n nh\u01b0ng v\u1eabn to\u00e1t l\u00ean v\u1ebb sang tr\u1ecdng v\u00e0 tinh t\u1ebf cho kh\u00f4ng gian ph\u00f2ng kh\u00e1ch.\",\"breadcrumb\":{\"@id\":\"https:\\\/\\\/noithatnhadep.azdigi.shop\\\/index.php\\\/san-pham\\\/tu-tv-moretti\\\/#breadcrumb\"},\"inLanguage\":\"vi\",\"potentialAction\":[{\"@type\":\"ReadAction\",\"target\":[\"https:\\\/\\\/noithatnhadep.azdigi.shop\\\/index.php\\\/san-pham\\\/tu-tv-moretti\\\/\"]}]},{\"@type\":\"ImageObject\",\"inLanguage\":\"vi\",\"@id\":\"https:\\\/\\\/noithatnhadep.azdigi.shop\\\/index.php\\\/san-pham\\\/tu-tv-moretti\\\/#primaryimage\",\"url\":\"https:\\\/\\\/noithatnhadep.azdigi.shop\\\/wp-content\\\/uploads\\\/2026\\\/04\\\/Screenshot-2026-04-28-212234.png\",\"contentUrl\":\"https:\\\/\\\/noithatnhadep.azdigi.shop\\\/wp-content\\\/uploads\\\/2026\\\/04\\\/Screenshot-2026-04-28-212234.png\",\"width\":692,\"height\":384},{\"@type\":\"BreadcrumbList\",\"@id\":\"https:\\\/\\\/noithatnhadep.azdigi.shop\\\/index.php\\\/san-pham\\\/tu-tv-moretti\\\/#breadcrumb\",\"itemListElement\":[{\"@type\":\"ListItem\",\"position\":1,\"name\":\"Trang ch\u1ee7\",\"item\":\"https:\\\/\\\/noithatnhadep.azdigi.shop\\\/\"},{\"@type\":\"ListItem\",\"position\":2,\"name\":\"C\u1eeda h\u00e0ng\",\"item\":\"https:\\\/\\\/noithatnhadep.azdigi.shop\\\/index.php\\\/cua-hang\\\/\"},{\"@type\":\"ListItem\",\"position\":3,\"name\":\"T\u1ee6 TV MORETTI\"}]},{\"@type\":\"WebSite\",\"@id\":\"https:\\\/\\\/noithatnhadep.azdigi.shop\\\/#website\",\"url\":\"https:\\\/\\\/noithatnhadep.azdigi.shop\\\/\",\"name\":\"noithatnhadep\",\"description\":\"\",\"potentialAction\":[{\"@type\":\"SearchAction\",\"target\":{\"@type\":\"EntryPoint\",\"urlTemplate\":\"https:\\\/\\\/noithatnhadep.azdigi.shop\\\/?s={search_term_string}\"},\"query-input\":{\"@type\":\"PropertyValueSpecification\",\"valueRequired\":true,\"valueName\":\"search_term_string\"}}],\"inLanguage\":\"vi\"}]}<\/script>\n<!-- \/ Yoast SEO plugin. -->","yoast_head_json":{"title":"T\u1ee6 TV MORETTI - noithatnhadep","description":"T\u1ee7 TV Moretti mang phong c\u00e1ch hi\u1ec7n \u0111\u1ea1i v\u1edbi thi\u1ebft k\u1ebf tinh gi\u1ea3n nh\u01b0ng v\u1eabn to\u00e1t l\u00ean v\u1ebb sang tr\u1ecdng v\u00e0 tinh t\u1ebf cho kh\u00f4ng gian ph\u00f2ng kh\u00e1ch.","robots":{"index":"index","follow":"follow","max-snippet":"max-snippet:-1","max-image-preview":"max-image-preview:large","max-video-preview":"max-video-preview:-1"},"canonical":"https:\/\/noithatnhadep.azdigi.shop\/index.php\/san-pham\/tu-tv-moretti\/","og_locale":"vi_VN","og_type":"article","og_title":"T\u1ee6 TV MORETTI - noithatnhadep","og_description":"T\u1ee7 TV Moretti mang phong c\u00e1ch hi\u1ec7n \u0111\u1ea1i v\u1edbi thi\u1ebft k\u1ebf tinh gi\u1ea3n nh\u01b0ng v\u1eabn to\u00e1t l\u00ean v\u1ebb sang tr\u1ecdng v\u00e0 tinh t\u1ebf cho kh\u00f4ng gian ph\u00f2ng kh\u00e1ch.","og_url":"https:\/\/noithatnhadep.azdigi.shop\/index.php\/san-pham\/tu-tv-moretti\/","og_site_name":"noithatnhadep","og_image":[{"width":692,"height":384,"url":"https:\/\/noithatnhadep.azdigi.shop\/wp-content\/uploads\/2026\/04\/Screenshot-2026-04-28-212234.png","type":"image\/png"}],"twitter_card":"summary_large_image","twitter_misc":{"\u01af\u1edbc t\u00ednh th\u1eddi gian \u0111\u1ecdc":"3 ph\u00fat"},"schema":{"@context":"https:\/\/schema.org","@graph":[{"@type":"WebPage","@id":"https:\/\/noithatnhadep.azdigi.shop\/index.php\/san-pham\/tu-tv-moretti\/","url":"https:\/\/noithatnhadep.azdigi.shop\/index.php\/san-pham\/tu-tv-moretti\/","name":"T\u1ee6 TV MORETTI - noithatnhadep","isPartOf":{"@id":"https:\/\/noithatnhadep.azdigi.shop\/#website"},"primaryImageOfPage":{"@id":"https:\/\/noithatnhadep.azdigi.shop\/index.php\/san-pham\/tu-tv-moretti\/#primaryimage"},"image":{"@id":"https:\/\/noithatnhadep.azdigi.shop\/index.php\/san-pham\/tu-tv-moretti\/#primaryimage"},"thumbnailUrl":"https:\/\/noithatnhadep.azdigi.shop\/wp-content\/uploads\/2026\/04\/Screenshot-2026-04-28-212234.png","datePublished":"2026-04-28T14:28:25+00:00","description":"T\u1ee7 TV Moretti mang phong c\u00e1ch hi\u1ec7n \u0111\u1ea1i v\u1edbi thi\u1ebft k\u1ebf tinh gi\u1ea3n nh\u01b0ng v\u1eabn to\u00e1t l\u00ean v\u1ebb sang tr\u1ecdng v\u00e0 tinh t\u1ebf cho kh\u00f4ng gian ph\u00f2ng kh\u00e1ch.","breadcrumb":{"@id":"https:\/\/noithatnhadep.azdigi.shop\/index.php\/san-pham\/tu-tv-moretti\/#breadcrumb"},"inLanguage":"vi","potentialAction":[{"@type":"ReadAction","target":["https:\/\/noithatnhadep.azdigi.shop\/index.php\/san-pham\/tu-tv-moretti\/"]}]},{"@type":"ImageObject","inLanguage":"vi","@id":"https:\/\/noithatnhadep.azdigi.shop\/index.php\/san-pham\/tu-tv-moretti\/#primaryimage","url":"https:\/\/noithatnhadep.azdigi.shop\/wp-content\/uploads\/2026\/04\/Screenshot-2026-04-28-212234.png","contentUrl":"https:\/\/noithatnhadep.azdigi.shop\/wp-content\/uploads\/2026\/04\/Screenshot-2026-04-28-212234.png","width":692,"height":384},{"@type":"BreadcrumbList","@id":"https:\/\/noithatnhadep.azdigi.shop\/index.php\/san-pham\/tu-tv-moretti\/#breadcrumb","itemListElement":[{"@type":"ListItem","position":1,"name":"Trang ch\u1ee7","item":"https:\/\/noithatnhadep.azdigi.shop\/"},{"@type":"ListItem","position":2,"name":"C\u1eeda h\u00e0ng","item":"https:\/\/noithatnhadep.azdigi.shop\/index.php\/cua-hang\/"},{"@type":"ListItem","position":3,"name":"T\u1ee6 TV MORETTI"}]},{"@type":"WebSite","@id":"https:\/\/noithatnhadep.azdigi.shop\/#website","url":"https:\/\/noithatnhadep.azdigi.shop\/","name":"noithatnhadep","description":"","potentialAction":[{"@type":"SearchAction","target":{"@type":"EntryPoint","urlTemplate":"https:\/\/noithatnhadep.azdigi.shop\/?s={search_term_string}"},"query-input":{"@type":"PropertyValueSpecification","valueRequired":true,"valueName":"search_term_string"}}],"inLanguage":"vi"}]}},"_links":{"self":[{"href":"https:\/\/noithatnhadep.azdigi.shop\/index.php\/wp-json\/wp\/v2\/product\/223","targetHints":{"allow":["GET"]}}],"collection":[{"href":"https:\/\/noithatnhadep.azdigi.shop\/index.php\/wp-json\/wp\/v2\/product"}],"about":[{"href":"https:\/\/noithatnhadep.azdigi.shop\/index.php\/wp-json\/wp\/v2\/types\/product"}],"replies":[{"embeddable":true,"href":"https:\/\/noithatnhadep.azdigi.shop\/index.php\/wp-json\/wp\/v2\/comments?post=223"}],"wp:featuredmedia":[{"embeddable":true,"href":"https:\/\/noithatnhadep.azdigi.shop\/index.php\/wp-json\/wp\/v2\/media\/225"}],"wp:attachment":[{"href":"https:\/\/noithatnhadep.azdigi.shop\/index.php\/wp-json\/wp\/v2\/media?parent=223"}],"wp:term":[{"taxonomy":"product_brand","embeddable":true,"href":"https:\/\/noithatnhadep.azdigi.shop\/index.php\/wp-json\/wp\/v2\/product_brand?post=223"},{"taxonomy":"product_cat","embeddable":true,"href":"https:\/\/noithatnhadep.azdigi.shop\/index.php\/wp-json\/wp\/v2\/product_cat?post=223"},{"taxonomy":"product_tag","embeddable":true,"href":"https:\/\/noithatnhadep.azdigi.shop\/index.php\/wp-json\/wp\/v2\/product_tag?post=223"}],"curies":[{"name":"wp","href":"https:\/\/api.w.org\/{rel}","templated":true}]}}