{"id":200,"date":"2026-04-28T14:05:42","date_gmt":"2026-04-28T14:05:42","guid":{"rendered":"https:\/\/noithatnhadep.azdigi.shop\/?post_type=product&#038;p=200"},"modified":"2026-04-28T14:05:42","modified_gmt":"2026-04-28T14:05:42","slug":"sofa-daybed-nest","status":"publish","type":"product","link":"https:\/\/noithatnhadep.azdigi.shop\/index.php\/san-pham\/sofa-daybed-nest\/","title":{"rendered":"Sofa Daybed Nest"},"content":{"rendered":"<section class=\"text-token-text-primary w-full focus:outline-none [--shadow-height:45px] has-data-writing-block:pointer-events-none has-data-writing-block:-mt-(--shadow-height) has-data-writing-block:pt-(--shadow-height) [&amp;:has([data-writing-block])&gt;*]:pointer-events-auto R6Vx5W_threadScrollVars scroll-mb-[calc(var(--scroll-root-safe-area-inset-bottom,0px)+var(--thread-response-height))] scroll-mt-(--header-height)\" dir=\"auto\" data-turn-id=\"cfedcb00-d8a2-4055-b414-ee84a398bf76\" data-testid=\"conversation-turn-21\" data-scroll-anchor=\"false\" data-turn=\"user\"><\/section>\n<section class=\"text-token-text-primary w-full focus:outline-none [--shadow-height:45px] has-data-writing-block:pointer-events-none has-data-writing-block:-mt-(--shadow-height) has-data-writing-block:pt-(--shadow-height) [&amp;:has([data-writing-block])&gt;*]:pointer-events-auto [content-visibility:auto] supports-[content-visibility:auto]:[contain-intrinsic-size:auto_100lvh] R6Vx5W_threadScrollVars scroll-mb-[calc(var(--scroll-root-safe-area-inset-bottom,0px)+var(--thread-response-height))] scroll-mt-[calc(var(--header-height)+min(200px,max(70px,20svh)))]\" dir=\"auto\" data-turn-id=\"request-69f08568-f198-8398-ae27-9adc09f81038-2\" data-testid=\"conversation-turn-22\" data-scroll-anchor=\"false\" data-turn=\"assistant\">\n<div class=\"text-base my-auto mx-auto pb-10 [--thread-content-margin:var(--thread-content-margin-xs,calc(var(--spacing)*4))] @w-sm\/main:[--thread-content-margin:var(--thread-content-margin-sm,calc(var(--spacing)*6))] @w-lg\/main:[--thread-content-margin:var(--thread-content-margin-lg,calc(var(--spacing)*16))] px-(--thread-content-margin)\">\n<div class=\"[--thread-content-max-width:40rem] @w-lg\/main:[--thread-content-max-width:48rem] mx-auto max-w-(--thread-content-max-width) flex-1 group\/turn-messages focus-visible:outline-hidden relative flex w-full min-w-0 flex-col agent-turn\">\n<div class=\"flex max-w-full flex-col gap-4 grow\">\n<div class=\"min-h-8 text-message relative flex w-full flex-col items-end gap-2 text-start break-words whitespace-normal outline-none keyboard-focused:focus-ring [.text-message+&amp;]:mt-1\" dir=\"auto\" tabindex=\"0\" data-message-author-role=\"assistant\" data-message-id=\"c4da6a62-cf05-46e8-b6b8-64a32793e9d1\" data-message-model-slug=\"gpt-5-3\" data-turn-start-message=\"true\">\n<div class=\"flex w-full flex-col gap-1 empty:hidden\">\n<div class=\"markdown prose dark:prose-invert w-full wrap-break-word light markdown-new-styling\">\n<h2 style=\"text-align: center;\" data-start=\"0\" data-end=\"22\"><strong data-start=\"0\" data-end=\"20\">SOFA DAYBED NEST<\/strong><\/h2>\n<p data-start=\"24\" data-end=\"715\">Sofa Daybed Nest l\u00e0 s\u1ef1 k\u1ebft h\u1ee3p ho\u00e0n h\u1ea3o gi\u1eefa t\u00ednh th\u1ea9m m\u1ef9 hi\u1ec7n \u0111\u1ea1i v\u00e0 c\u00f4ng n\u0103ng ti\u1ec7n nghi, mang \u0111\u1ebfn kh\u00f4ng gian th\u01b0 gi\u00e3n l\u00fd t\u01b0\u1edfng cho ng\u00f4i nh\u00e0. V\u1edbi thi\u1ebft k\u1ebf daybed r\u1ed9ng r\u00e3i c\u00f9ng c\u00e1c \u0111\u01b0\u1eddng n\u00e9t m\u1ec1m m\u1ea1i, s\u1ea3n ph\u1ea9m t\u1ea1o c\u1ea3m gi\u00e1c tho\u1ea3i m\u00e1i v\u00e0 \u1ea5m c\u00fang ngay t\u1eeb c\u00e1i nh\u00ecn \u0111\u1ea7u ti\u00ean. Ph\u1ea7n \u0111\u1ec7m d\u00e0y \u00eam \u00e1i k\u1ebft h\u1ee3p c\u00f9ng ch\u1ea5t li\u1ec7u cao c\u1ea5p gi\u00fap n\u00e2ng cao tr\u1ea3i nghi\u1ec7m s\u1eed d\u1ee5ng, ph\u00f9 h\u1ee3p cho vi\u1ec7c ngh\u1ec9 ng\u01a1i, \u0111\u1ecdc s\u00e1ch hay th\u01b0 gi\u00e3n sau m\u1ed9t ng\u00e0y d\u00e0i. Ki\u1ec3u d\u00e1ng tinh gi\u1ea3n nh\u01b0ng sang tr\u1ecdng gi\u00fap Sofa Daybed Nest d\u1ec5 d\u00e0ng h\u00f2a h\u1ee3p v\u1edbi nhi\u1ec1u phong c\u00e1ch n\u1ed9i th\u1ea5t kh\u00e1c nhau, t\u1eeb hi\u1ec7n \u0111\u1ea1i \u0111\u1ebfn t\u1ed1i gi\u1ea3n. Kh\u00f4ng ch\u1ec9 l\u00e0 m\u00f3n \u0111\u1ed3 n\u1ed9i th\u1ea5t ti\u1ec7n d\u1ee5ng, s\u1ea3n ph\u1ea9m c\u00f2n g\u00f3p ph\u1ea7n t\u1ea1o \u0111i\u1ec3m nh\u1ea5n tinh t\u1ebf v\u00e0 n\u00e2ng t\u1ea7m kh\u00f4ng gian s\u1ed1ng c\u1ee7a gia ch\u1ee7.<\/p>\n<hr data-start=\"717\" data-end=\"720\" \/>\n<h4 data-start=\"722\" data-end=\"734\"><strong data-start=\"722\" data-end=\"734\">B\u1ea2O H\u00c0NH<\/strong><\/h4>\n<p data-start=\"736\" data-end=\"997\">C\u00e1c s\u1ea3n ph\u1ea9m n\u1ed9i th\u1ea5t t\u1ea1i <strong data-start=\"762\" data-end=\"771\">Homie<\/strong> \u0111\u01b0\u1ee3c s\u1ea3n xu\u1ea5t v\u1edbi quy tr\u00ecnh ki\u1ec3m so\u00e1t ch\u1ea5t l\u01b0\u1ee3ng nghi\u00eam ng\u1eb7t, t\u1eeb kh\u00e2u l\u1ef1a ch\u1ecdn nguy\u00ean v\u1eadt li\u1ec7u \u0111\u1ebfn ho\u00e0n thi\u1ec7n s\u1ea3n ph\u1ea9m. M\u1ed7i s\u1ea3n ph\u1ea9m tr\u01b0\u1edbc khi \u0111\u1ebfn tay kh\u00e1ch h\u00e0ng \u0111\u1ec1u \u0111\u01b0\u1ee3c ki\u1ec3m tra k\u1ef9 l\u01b0\u1ee1ng nh\u1eb1m \u0111\u1ea3m b\u1ea3o \u0111\u1ed9 b\u1ec1n v\u00e0 t\u00ednh th\u1ea9m m\u1ef9.<\/p>\n<p data-start=\"999\" data-end=\"1223\">Homie \u00e1p d\u1ee5ng ch\u00ednh s\u00e1ch b\u1ea3o h\u00e0nh <strong data-start=\"1033\" data-end=\"1045\">12 th\u00e1ng<\/strong> \u0111\u1ed1i v\u1edbi c\u00e1c l\u1ed7i k\u1ef9 thu\u1eadt ph\u00e1t sinh t\u1eeb qu\u00e1 tr\u00ecnh s\u1ea3n xu\u1ea5t ho\u1eb7c l\u1eafp \u0111\u1eb7t. Khi s\u1ea3n ph\u1ea9m g\u1eb7p s\u1ef1 c\u1ed1, qu\u00fd kh\u00e1ch vui l\u00f2ng li\u00ean h\u1ec7 ngay v\u1edbi Homie \u0111\u1ec3 \u0111\u01b0\u1ee3c h\u1ed7 tr\u1ee3, <strong data-start=\"1199\" data-end=\"1222\">kh\u00f4ng t\u1ef1 \u00fd s\u1eeda ch\u1eefa<\/strong>.<\/p>\n<p data-start=\"1225\" data-end=\"1357\">Sau khi h\u1ebft th\u1eddi h\u1ea1n b\u1ea3o h\u00e0nh, n\u1ebfu c\u00f3 nhu c\u1ea7u h\u1ed7 tr\u1ee3 ho\u1eb7c s\u1eeda ch\u1eefa, qu\u00fd kh\u00e1ch v\u1eabn c\u00f3 th\u1ec3 li\u00ean h\u1ec7 Homie \u0111\u1ec3 \u0111\u01b0\u1ee3c t\u01b0 v\u1ea5n v\u00e0 gi\u1ea3i quy\u1ebft.<\/p>\n<p data-start=\"1359\" data-end=\"1398\"><strong data-start=\"1359\" data-end=\"1398\">C\u00e1c tr\u01b0\u1eddng h\u1ee3p kh\u00f4ng \u0111\u01b0\u1ee3c b\u1ea3o h\u00e0nh:<\/strong><\/p>\n<ul data-start=\"1399\" data-end=\"1752\">\n<li data-section-id=\"7rml3c\" data-start=\"1399\" data-end=\"1480\">Kh\u00e1ch h\u00e0ng t\u1ef1 \u00fd s\u1eeda ch\u1eefa khi s\u1ea3n ph\u1ea9m g\u1eb7p s\u1ef1 c\u1ed1 m\u00e0 kh\u00f4ng th\u00f4ng b\u00e1o cho Homie.<\/li>\n<li data-section-id=\"17t3xm\" data-start=\"1481\" data-end=\"1561\">S\u1eed d\u1ee5ng kh\u00f4ng \u0111\u00fang h\u01b0\u1edbng d\u1eabn, g\u00e2y tr\u1ea7y x\u01b0\u1edbc, m\u00f3p m\u00e9o, b\u00e1m b\u1ea9n ho\u1eb7c phai m\u00e0u.<\/li>\n<li data-section-id=\"1g2hlm9\" data-start=\"1562\" data-end=\"1667\">H\u01b0 h\u1ecfng do t\u00e1c \u0111\u1ed9ng m\u00f4i tr\u01b0\u1eddng nh\u01b0 \u1ea9m m\u1ed1c, kh\u00f4 n\u1ee9t, m\u1ed1i m\u1ecdt ho\u1eb7c do h\u00f3a ch\u1ea5t, thi\u1ebft b\u1ecb kh\u00f4ng ph\u00f9 h\u1ee3p.<\/li>\n<li data-section-id=\"1i460ey\" data-start=\"1668\" data-end=\"1706\">S\u1ea3n ph\u1ea9m \u0111\u00e3 h\u1ebft th\u1eddi h\u1ea1n b\u1ea3o h\u00e0nh.<\/li>\n<li data-section-id=\"xyuqhs\" data-start=\"1707\" data-end=\"1752\">Kh\u00f4ng c\u00f3 phi\u1ebfu b\u1ea3o h\u00e0nh h\u1ee3p l\u1ec7 c\u1ee7a Homie.<\/li>\n<\/ul>\n<hr data-start=\"1754\" data-end=\"1757\" \/>\n<h4 data-start=\"1759\" data-end=\"1780\"><strong data-start=\"1759\" data-end=\"1780\">GIAO H\u00c0NG T\u1eacN N\u01a0I<\/strong><\/h4>\n<p data-start=\"1782\" data-end=\"1956\" data-is-last-node=\"\" data-is-only-node=\"\">Homie cung c\u1ea5p d\u1ecbch v\u1ee5 giao h\u00e0ng t\u1eadn n\u01a1i, l\u1eafp r\u00e1p v\u00e0 b\u1ed1 tr\u00ed s\u1ea3n ph\u1ea9m theo y\u00eau c\u1ea7u c\u1ee7a kh\u00e1ch h\u00e0ng.<br data-start=\"1879\" data-end=\"1882\" \/>Chi ph\u00ed giao h\u00e0ng s\u1ebd \u0111\u01b0\u1ee3c th\u00f4ng b\u00e1o c\u1ee5 th\u1ec3 d\u1ef1a tr\u00ean t\u1eebng \u0111\u01a1n h\u00e0ng th\u1ef1c t\u1ebf.<\/p>\n<\/div>\n<\/div>\n<\/div>\n<\/div>\n<\/div>\n<\/div>\n<\/section>\n","protected":false},"excerpt":{"rendered":"<div class=\"nx-row\"><strong><span class=\"nx-label\">K\u00edch th\u01b0\u1edbc : <\/span><span class=\"nx-value\">D1480 &#8211; R1480 -C900 mm. Chi\u1ec1u cao m\u1eb7t ng\u1ed3i: 420 mm. Chi\u1ec1u cao ch\u00e2n: 75 mm<\/span><\/strong><\/div>\n<div class=\"nx-row\"><strong><span class=\"nx-label\">Ch\u1ea5t li\u1ec7u : <\/span><span class=\"nx-value\">V\u1ea3i ho\u1ea1 ti\u1ebft nh\u1eadp kh\u1ea9u; khung g\u1ed7 th\u00f4ng + plywood ch\u1ed1ng \u1ea9m; n\u1ec7m l\u00f2 xo t\u00fai + foam; ch\u00e2n g\u1ed7 beech b\u1ecdc v\u1ea3i.<\/span><\/strong><\/div>\n","protected":false},"featured_media":209,"comment_status":"open","ping_status":"closed","template":"","meta":[],"product_brand":[],"product_cat":[39,33],"product_tag":[],"class_list":{"0":"post-200","1":"product","2":"type-product","3":"status-publish","4":"has-post-thumbnail","6":"product_cat-san-pham","7":"product_cat-sofa","9":"first","10":"instock","11":"sale","12":"shipping-taxable","13":"purchasable","14":"product-type-variable"},"yoast_head":"<!-- This site is optimized with the Yoast SEO plugin v27.4 - https:\/\/yoast.com\/product\/yoast-seo-wordpress\/ -->\n<title>Sofa Daybed Nest - noithatnhadep<\/title>\n<meta name=\"description\" content=\"Sofa Daybed Nest l\u00e0 s\u1ef1 k\u1ebft h\u1ee3p ho\u00e0n h\u1ea3o gi\u1eefa t\u00ednh th\u1ea9m m\u1ef9 hi\u1ec7n \u0111\u1ea1i v\u00e0 c\u00f4ng n\u0103ng ti\u1ec7n nghi, mang \u0111\u1ebfn kh\u00f4ng gian th\u01b0 gi\u00e3n l\u00fd t\u01b0\u1edfng cho ng\u00f4i nh\u00e0\" \/>\n<meta name=\"robots\" content=\"index, follow, max-snippet:-1, max-image-preview:large, max-video-preview:-1\" \/>\n<link rel=\"canonical\" href=\"https:\/\/noithatnhadep.azdigi.shop\/index.php\/san-pham\/sofa-daybed-nest\/\" \/>\n<meta property=\"og:locale\" content=\"vi_VN\" \/>\n<meta property=\"og:type\" content=\"article\" \/>\n<meta property=\"og:title\" content=\"Sofa Daybed Nest - noithatnhadep\" \/>\n<meta property=\"og:description\" content=\"Sofa Daybed Nest l\u00e0 s\u1ef1 k\u1ebft h\u1ee3p ho\u00e0n h\u1ea3o gi\u1eefa t\u00ednh th\u1ea9m m\u1ef9 hi\u1ec7n \u0111\u1ea1i v\u00e0 c\u00f4ng n\u0103ng ti\u1ec7n nghi, mang \u0111\u1ebfn kh\u00f4ng gian th\u01b0 gi\u00e3n l\u00fd t\u01b0\u1edfng cho ng\u00f4i nh\u00e0\" \/>\n<meta property=\"og:url\" content=\"https:\/\/noithatnhadep.azdigi.shop\/index.php\/san-pham\/sofa-daybed-nest\/\" \/>\n<meta property=\"og:site_name\" content=\"noithatnhadep\" \/>\n<meta property=\"og:image\" content=\"https:\/\/noithatnhadep.azdigi.shop\/wp-content\/uploads\/2026\/04\/Screenshot-2026-04-28-205448.png\" \/>\n\t<meta property=\"og:image:width\" content=\"301\" \/>\n\t<meta property=\"og:image:height\" content=\"264\" \/>\n\t<meta property=\"og:image:type\" content=\"image\/png\" \/>\n<meta name=\"twitter:card\" content=\"summary_large_image\" \/>\n<meta name=\"twitter:label1\" content=\"\u01af\u1edbc t\u00ednh th\u1eddi gian \u0111\u1ecdc\" \/>\n\t<meta name=\"twitter:data1\" content=\"3 ph\u00fat\" \/>\n<script type=\"application\/ld+json\" class=\"yoast-schema-graph\">{\"@context\":\"https:\\\/\\\/schema.org\",\"@graph\":[{\"@type\":\"WebPage\",\"@id\":\"https:\\\/\\\/noithatnhadep.azdigi.shop\\\/index.php\\\/san-pham\\\/sofa-daybed-nest\\\/\",\"url\":\"https:\\\/\\\/noithatnhadep.azdigi.shop\\\/index.php\\\/san-pham\\\/sofa-daybed-nest\\\/\",\"name\":\"Sofa Daybed Nest - noithatnhadep\",\"isPartOf\":{\"@id\":\"https:\\\/\\\/noithatnhadep.azdigi.shop\\\/#website\"},\"primaryImageOfPage\":{\"@id\":\"https:\\\/\\\/noithatnhadep.azdigi.shop\\\/index.php\\\/san-pham\\\/sofa-daybed-nest\\\/#primaryimage\"},\"image\":{\"@id\":\"https:\\\/\\\/noithatnhadep.azdigi.shop\\\/index.php\\\/san-pham\\\/sofa-daybed-nest\\\/#primaryimage\"},\"thumbnailUrl\":\"https:\\\/\\\/noithatnhadep.azdigi.shop\\\/wp-content\\\/uploads\\\/2026\\\/04\\\/Screenshot-2026-04-28-205448.png\",\"datePublished\":\"2026-04-28T14:05:42+00:00\",\"description\":\"Sofa Daybed Nest l\u00e0 s\u1ef1 k\u1ebft h\u1ee3p ho\u00e0n h\u1ea3o gi\u1eefa t\u00ednh th\u1ea9m m\u1ef9 hi\u1ec7n \u0111\u1ea1i v\u00e0 c\u00f4ng n\u0103ng ti\u1ec7n nghi, mang \u0111\u1ebfn kh\u00f4ng gian th\u01b0 gi\u00e3n l\u00fd t\u01b0\u1edfng cho ng\u00f4i nh\u00e0\",\"breadcrumb\":{\"@id\":\"https:\\\/\\\/noithatnhadep.azdigi.shop\\\/index.php\\\/san-pham\\\/sofa-daybed-nest\\\/#breadcrumb\"},\"inLanguage\":\"vi\",\"potentialAction\":[{\"@type\":\"ReadAction\",\"target\":[\"https:\\\/\\\/noithatnhadep.azdigi.shop\\\/index.php\\\/san-pham\\\/sofa-daybed-nest\\\/\"]}]},{\"@type\":\"ImageObject\",\"inLanguage\":\"vi\",\"@id\":\"https:\\\/\\\/noithatnhadep.azdigi.shop\\\/index.php\\\/san-pham\\\/sofa-daybed-nest\\\/#primaryimage\",\"url\":\"https:\\\/\\\/noithatnhadep.azdigi.shop\\\/wp-content\\\/uploads\\\/2026\\\/04\\\/Screenshot-2026-04-28-205448.png\",\"contentUrl\":\"https:\\\/\\\/noithatnhadep.azdigi.shop\\\/wp-content\\\/uploads\\\/2026\\\/04\\\/Screenshot-2026-04-28-205448.png\",\"width\":301,\"height\":264},{\"@type\":\"BreadcrumbList\",\"@id\":\"https:\\\/\\\/noithatnhadep.azdigi.shop\\\/index.php\\\/san-pham\\\/sofa-daybed-nest\\\/#breadcrumb\",\"itemListElement\":[{\"@type\":\"ListItem\",\"position\":1,\"name\":\"Trang ch\u1ee7\",\"item\":\"https:\\\/\\\/noithatnhadep.azdigi.shop\\\/\"},{\"@type\":\"ListItem\",\"position\":2,\"name\":\"C\u1eeda h\u00e0ng\",\"item\":\"https:\\\/\\\/noithatnhadep.azdigi.shop\\\/index.php\\\/cua-hang\\\/\"},{\"@type\":\"ListItem\",\"position\":3,\"name\":\"Sofa Daybed Nest\"}]},{\"@type\":\"WebSite\",\"@id\":\"https:\\\/\\\/noithatnhadep.azdigi.shop\\\/#website\",\"url\":\"https:\\\/\\\/noithatnhadep.azdigi.shop\\\/\",\"name\":\"noithatnhadep\",\"description\":\"\",\"potentialAction\":[{\"@type\":\"SearchAction\",\"target\":{\"@type\":\"EntryPoint\",\"urlTemplate\":\"https:\\\/\\\/noithatnhadep.azdigi.shop\\\/?s={search_term_string}\"},\"query-input\":{\"@type\":\"PropertyValueSpecification\",\"valueRequired\":true,\"valueName\":\"search_term_string\"}}],\"inLanguage\":\"vi\"}]}<\/script>\n<!-- \/ Yoast SEO plugin. -->","yoast_head_json":{"title":"Sofa Daybed Nest - noithatnhadep","description":"Sofa Daybed Nest l\u00e0 s\u1ef1 k\u1ebft h\u1ee3p ho\u00e0n h\u1ea3o gi\u1eefa t\u00ednh th\u1ea9m m\u1ef9 hi\u1ec7n \u0111\u1ea1i v\u00e0 c\u00f4ng n\u0103ng ti\u1ec7n nghi, mang \u0111\u1ebfn kh\u00f4ng gian th\u01b0 gi\u00e3n l\u00fd t\u01b0\u1edfng cho ng\u00f4i nh\u00e0","robots":{"index":"index","follow":"follow","max-snippet":"max-snippet:-1","max-image-preview":"max-image-preview:large","max-video-preview":"max-video-preview:-1"},"canonical":"https:\/\/noithatnhadep.azdigi.shop\/index.php\/san-pham\/sofa-daybed-nest\/","og_locale":"vi_VN","og_type":"article","og_title":"Sofa Daybed Nest - noithatnhadep","og_description":"Sofa Daybed Nest l\u00e0 s\u1ef1 k\u1ebft h\u1ee3p ho\u00e0n h\u1ea3o gi\u1eefa t\u00ednh th\u1ea9m m\u1ef9 hi\u1ec7n \u0111\u1ea1i v\u00e0 c\u00f4ng n\u0103ng ti\u1ec7n nghi, mang \u0111\u1ebfn kh\u00f4ng gian th\u01b0 gi\u00e3n l\u00fd t\u01b0\u1edfng cho ng\u00f4i nh\u00e0","og_url":"https:\/\/noithatnhadep.azdigi.shop\/index.php\/san-pham\/sofa-daybed-nest\/","og_site_name":"noithatnhadep","og_image":[{"width":301,"height":264,"url":"https:\/\/noithatnhadep.azdigi.shop\/wp-content\/uploads\/2026\/04\/Screenshot-2026-04-28-205448.png","type":"image\/png"}],"twitter_card":"summary_large_image","twitter_misc":{"\u01af\u1edbc t\u00ednh th\u1eddi gian \u0111\u1ecdc":"3 ph\u00fat"},"schema":{"@context":"https:\/\/schema.org","@graph":[{"@type":"WebPage","@id":"https:\/\/noithatnhadep.azdigi.shop\/index.php\/san-pham\/sofa-daybed-nest\/","url":"https:\/\/noithatnhadep.azdigi.shop\/index.php\/san-pham\/sofa-daybed-nest\/","name":"Sofa Daybed Nest - noithatnhadep","isPartOf":{"@id":"https:\/\/noithatnhadep.azdigi.shop\/#website"},"primaryImageOfPage":{"@id":"https:\/\/noithatnhadep.azdigi.shop\/index.php\/san-pham\/sofa-daybed-nest\/#primaryimage"},"image":{"@id":"https:\/\/noithatnhadep.azdigi.shop\/index.php\/san-pham\/sofa-daybed-nest\/#primaryimage"},"thumbnailUrl":"https:\/\/noithatnhadep.azdigi.shop\/wp-content\/uploads\/2026\/04\/Screenshot-2026-04-28-205448.png","datePublished":"2026-04-28T14:05:42+00:00","description":"Sofa Daybed Nest l\u00e0 s\u1ef1 k\u1ebft h\u1ee3p ho\u00e0n h\u1ea3o gi\u1eefa t\u00ednh th\u1ea9m m\u1ef9 hi\u1ec7n \u0111\u1ea1i v\u00e0 c\u00f4ng n\u0103ng ti\u1ec7n nghi, mang \u0111\u1ebfn kh\u00f4ng gian th\u01b0 gi\u00e3n l\u00fd t\u01b0\u1edfng cho ng\u00f4i nh\u00e0","breadcrumb":{"@id":"https:\/\/noithatnhadep.azdigi.shop\/index.php\/san-pham\/sofa-daybed-nest\/#breadcrumb"},"inLanguage":"vi","potentialAction":[{"@type":"ReadAction","target":["https:\/\/noithatnhadep.azdigi.shop\/index.php\/san-pham\/sofa-daybed-nest\/"]}]},{"@type":"ImageObject","inLanguage":"vi","@id":"https:\/\/noithatnhadep.azdigi.shop\/index.php\/san-pham\/sofa-daybed-nest\/#primaryimage","url":"https:\/\/noithatnhadep.azdigi.shop\/wp-content\/uploads\/2026\/04\/Screenshot-2026-04-28-205448.png","contentUrl":"https:\/\/noithatnhadep.azdigi.shop\/wp-content\/uploads\/2026\/04\/Screenshot-2026-04-28-205448.png","width":301,"height":264},{"@type":"BreadcrumbList","@id":"https:\/\/noithatnhadep.azdigi.shop\/index.php\/san-pham\/sofa-daybed-nest\/#breadcrumb","itemListElement":[{"@type":"ListItem","position":1,"name":"Trang ch\u1ee7","item":"https:\/\/noithatnhadep.azdigi.shop\/"},{"@type":"ListItem","position":2,"name":"C\u1eeda h\u00e0ng","item":"https:\/\/noithatnhadep.azdigi.shop\/index.php\/cua-hang\/"},{"@type":"ListItem","position":3,"name":"Sofa Daybed Nest"}]},{"@type":"WebSite","@id":"https:\/\/noithatnhadep.azdigi.shop\/#website","url":"https:\/\/noithatnhadep.azdigi.shop\/","name":"noithatnhadep","description":"","potentialAction":[{"@type":"SearchAction","target":{"@type":"EntryPoint","urlTemplate":"https:\/\/noithatnhadep.azdigi.shop\/?s={search_term_string}"},"query-input":{"@type":"PropertyValueSpecification","valueRequired":true,"valueName":"search_term_string"}}],"inLanguage":"vi"}]}},"_links":{"self":[{"href":"https:\/\/noithatnhadep.azdigi.shop\/index.php\/wp-json\/wp\/v2\/product\/200","targetHints":{"allow":["GET"]}}],"collection":[{"href":"https:\/\/noithatnhadep.azdigi.shop\/index.php\/wp-json\/wp\/v2\/product"}],"about":[{"href":"https:\/\/noithatnhadep.azdigi.shop\/index.php\/wp-json\/wp\/v2\/types\/product"}],"replies":[{"embeddable":true,"href":"https:\/\/noithatnhadep.azdigi.shop\/index.php\/wp-json\/wp\/v2\/comments?post=200"}],"wp:featuredmedia":[{"embeddable":true,"href":"https:\/\/noithatnhadep.azdigi.shop\/index.php\/wp-json\/wp\/v2\/media\/209"}],"wp:attachment":[{"href":"https:\/\/noithatnhadep.azdigi.shop\/index.php\/wp-json\/wp\/v2\/media?parent=200"}],"wp:term":[{"taxonomy":"product_brand","embeddable":true,"href":"https:\/\/noithatnhadep.azdigi.shop\/index.php\/wp-json\/wp\/v2\/product_brand?post=200"},{"taxonomy":"product_cat","embeddable":true,"href":"https:\/\/noithatnhadep.azdigi.shop\/index.php\/wp-json\/wp\/v2\/product_cat?post=200"},{"taxonomy":"product_tag","embeddable":true,"href":"https:\/\/noithatnhadep.azdigi.shop\/index.php\/wp-json\/wp\/v2\/product_tag?post=200"}],"curies":[{"name":"wp","href":"https:\/\/api.w.org\/{rel}","templated":true}]}}