{"id":180,"date":"2026-04-28T13:43:56","date_gmt":"2026-04-28T13:43:56","guid":{"rendered":"https:\/\/noithatnhadep.azdigi.shop\/?post_type=product&#038;p=180"},"modified":"2026-04-29T01:14:30","modified_gmt":"2026-04-29T01:14:30","slug":"nem-luxury-golden-black-noithatnhadep","status":"publish","type":"product","link":"https:\/\/noithatnhadep.azdigi.shop\/index.php\/san-pham\/nem-luxury-golden-black-noithatnhadep\/","title":{"rendered":"N\u1ec7m Luxury Golden Black-NoiThatNhaDep"},"content":{"rendered":"<h1 class=\"product-title product_title entry-title\"><strong>N\u1ec7m Luxury Golden Black\u00a0<\/strong><\/h1>\n<p data-path-to-node=\"3\">B\u1ea1n \u0111ang t\u00ecm ki\u1ebfm m\u1ed9t chi\u1ebfc n\u1ec7m kh\u00f4ng ch\u1ec9 sang tr\u1ecdng m\u00e0 c\u00f2n ph\u1ea3i b\u1ea3o v\u1ec7 c\u1ed9t s\u1ed1ng t\u1ed1i \u0111a? <b data-path-to-node=\"3\" data-index-in-node=\"89\">N\u1ec7m Colmol Luxury Golden Black<\/b> \u2013 d\u00f2ng n\u1ec7m l\u00f2 xo t\u00fai cao c\u1ea5p t\u1eeb th\u01b0\u01a1ng hi\u1ec7u Colmol (B\u1ed3 \u0110\u00e0o Nha) \u2013 ch\u00ednh l\u00e0 s\u1ef1 l\u1ef1a ch\u1ecdn h\u00e0ng \u0111\u1ea7u cho kh\u00f4ng gian ph\u00f2ng ng\u1ee7 th\u01b0\u1ee3ng l\u01b0u. V\u1edbi s\u1ef1 k\u1ebft h\u1ee3p ho\u00e0n h\u1ea3o gi\u1eefa c\u00f4ng ngh\u1ec7 l\u00f2 xo t\u00fai \u0111\u1ed9c l\u1eadp v\u00e0 ch\u1ea5t li\u1ec7u cao c\u1ea5p, Colmol h\u1ee9a h\u1eb9n mang \u0111\u1ebfn gi\u1ea5c ng\u1ee7 s\u00e2u v\u00e0 tr\u1ecdn v\u1eb9n nh\u1ea5t.<\/p>\n<h2 data-path-to-node=\"4\"><strong>1. C\u00f4ng ngh\u1ec7 l\u00f2 xo t\u00fai \u0111\u1ed9c l\u1eadp (Pocket Springs) hi\u1ec7n \u0111\u1ea1i<\/strong><\/h2>\n<p data-path-to-node=\"5\">\u0110i\u1ec3m nh\u1ea5n gi\u00e1 tr\u1ecb nh\u1ea5t c\u1ee7a n\u1ec7m Colmol ch\u00ednh l\u00e0 h\u1ec7 th\u1ed1ng <b data-path-to-node=\"5\" data-index-in-node=\"56\">l\u00f2 xo t\u00fai \u0111\u1ed9c l\u1eadp<\/b> (nh\u01b0 h\u00ecnh \u1ea3nh c\u1ea5u t\u1ea1o). M\u1ed7i con l\u00f2 xo \u0111\u01b0\u1ee3c b\u1ecdc trong m\u1ed9t t\u00fai v\u1ea3i ri\u00eang bi\u1ec7t, mang l\u1ea1i nh\u1eefng l\u1ee3i \u00edch v\u01b0\u1ee3t tr\u1ed9i:<\/p>\n<ul data-path-to-node=\"6\">\n<li>\n<p data-path-to-node=\"6,0,0\"><b data-path-to-node=\"6,0,0\" data-index-in-node=\"0\">N\u00e2ng \u0111\u1ee1 \u0111a \u0111i\u1ec3m:<\/b> H\u1ec7 th\u1ed1ng l\u00f2 xo ph\u1ea3n h\u1ed3i chu\u1ea9n x\u00e1c theo t\u1eebng \u0111\u01b0\u1eddng cong c\u1ee7a c\u01a1 th\u1ec3, gi\u00fap ph\u00e2n b\u1ed5 \u00e1p l\u1ef1c \u0111\u1ed3ng \u0111\u1ec1u l\u00ean vai, l\u01b0ng v\u00e0 h\u00f4ng.<\/p>\n<\/li>\n<li>\n<p data-path-to-node=\"6,1,0\"><b data-path-to-node=\"6,1,0\" data-index-in-node=\"0\">Kh\u00f4ng g\u00e2y ti\u1ebfng \u0111\u1ed9ng:<\/b> Nh\u1edd c\u00e1c t\u00fai v\u1ea3i c\u00e1ch ly, n\u1ec7m ho\u00e0n to\u00e0n kh\u00f4ng g\u00e2y ti\u1ebfng besch s\u1ed9t so\u1ea1t hay rung \u0111\u1ed9ng khi b\u1ea1n xoay ng\u01b0\u1eddi, \u0111\u1ea3m b\u1ea3o kh\u00f4ng l\u00e0m \u1ea3nh h\u01b0\u1edfng \u0111\u1ebfn ng\u01b0\u1eddi n\u1eb1m c\u1ea1nh.<\/p>\n<\/li>\n<\/ul>\n<h2 data-path-to-node=\"7\"><strong>2. C\u1ea5u tr\u00fac \u0111a l\u1edbp Luxury cho s\u1ef1 \u00eam \u00e1i tuy\u1ec7t \u0111\u1ed1i<\/strong><\/h2>\n<p data-path-to-node=\"8\">Nh\u00ecn v\u00e0o m\u1eb7t c\u1eaft c\u1ee7a n\u1ec7m, ch\u00fang ta c\u00f3 th\u1ec3 th\u1ea5y s\u1ef1 \u0111\u1ea7u t\u01b0 k\u1ef9 l\u01b0\u1ee1ng trong l\u1edbp \u0111\u1ec7m l\u00f3t:<\/p>\n<ul data-path-to-node=\"9\">\n<li>\n<p data-path-to-node=\"9,0,0\"><b data-path-to-node=\"9,0,0\" data-index-in-node=\"0\">L\u1edbp Foam cao c\u1ea5p:<\/b> Bao ph\u1ee7 ph\u00eda tr\u00ean h\u1ec7 th\u1ed1ng l\u00f2 xo l\u00e0 c\u00e1c l\u1edbp foam t\u1ef7 tr\u1ecdng cao, t\u1ea1o \u0111\u1ed9 \u00eam \u00e1i nh\u01b0 \u0111ang ngh\u1ec9 ng\u01a1i t\u1ea1i c\u00e1c kh\u00e1ch s\u1ea1n 5 sao.<\/p>\n<\/li>\n<li>\n<p data-path-to-node=\"9,1,0\"><b data-path-to-node=\"9,1,0\" data-index-in-node=\"0\">V\u1ea3i b\u1ecdc th\u01b0\u1ee3ng h\u1ea1ng:<\/b> B\u1ec1 m\u1eb7t n\u1ec7m \u0111\u01b0\u1ee3c ch\u1ea7n h\u1ecda ti\u1ebft g\u1ee3n s\u00f3ng tinh t\u1ebf, s\u1eed d\u1ee5ng v\u1ea3i d\u1ec7t kim c\u00f3 kh\u1ea3 n\u0103ng kh\u00e1ng khu\u1ea9n, tho\u00e1t \u1ea9m t\u1ed1t, c\u1ef1c k\u1ef3 an to\u00e0n cho l\u00e0n da nh\u1ea1y c\u1ea3m.<\/p>\n<\/li>\n<\/ul>\n<h2 data-path-to-node=\"10\"><strong>3. Thi\u1ebft k\u1ebf Golden Black \u2013 Sang tr\u1ecdng trong t\u1eebng \u0111\u01b0\u1eddng n\u00e9t<\/strong><\/h2>\n<p data-path-to-node=\"11\">V\u1edbi tone m\u00e0u \u0111en \u2013 v\u00e0ng \u0111\u1ed3ng ch\u1ee7 \u0111\u1ea1o \u1edf ph\u1ea7n th\u00e0nh n\u1ec7m, <b data-path-to-node=\"11\" data-index-in-node=\"55\">Colmol Luxury Golden Black<\/b> kh\u00f4ng ch\u1ec9 l\u00e0 m\u1ed9t t\u1ea5m n\u1ec7m m\u00e0 c\u00f2n l\u00e0 m\u1ed9t m\u00f3n \u0111\u1ed3 n\u1ed9i th\u1ea5t \u0111\u1eb3ng c\u1ea5p:<\/p>\n<ul data-path-to-node=\"12\">\n<li>\n<p data-path-to-node=\"12,0,0\"><b data-path-to-node=\"12,0,0\" data-index-in-node=\"0\">Th\u00e0nh n\u1ec7m ki\u00ean c\u1ed1:<\/b> \u0110\u01b0\u1ee3c gia c\u1ed1 ch\u1eafc ch\u1eafn gi\u00fap n\u1ec7m kh\u00f4ng b\u1ecb m\u1ea5t form hay x\u1eb9p l\u00fan \u1edf c\u00e1c c\u1ea1nh sau th\u1eddi gian d\u00e0i s\u1eed d\u1ee5ng.<\/p>\n<\/li>\n<li>\n<p data-path-to-node=\"12,1,0\"><b data-path-to-node=\"12,1,0\" data-index-in-node=\"0\">Ch\u1ee9ng nh\u1eadn Ch\u00e2u \u00c2u:<\/b> S\u1ea3n ph\u1ea9m \u0111\u1ea1t c\u00e1c ti\u00eau chu\u1ea9n kh\u1eaft khe v\u1ec1 an to\u00e0n s\u1ee9c kh\u1ecfe v\u00e0 m\u00f4i tr\u01b0\u1eddng c\u1ee7a Li\u00ean minh Ch\u00e2u \u00c2u (Made in Europe).<\/p>\n<\/li>\n<\/ul>\n<h2 data-path-to-node=\"13\"><strong>4. T\u1ea1i sao n\u00ean \u0111\u1ea7u t\u01b0 n\u1ec7m Colmol Luxury Golden Black?<\/strong><\/h2>\n<ol start=\"1\" data-path-to-node=\"14\">\n<li>\n<p data-path-to-node=\"14,0,0\"><b data-path-to-node=\"14,0,0\" data-index-in-node=\"0\">B\u1ea3o v\u1ec7 c\u1ed9t s\u1ed1ng:<\/b> \u0110\u1eb7c bi\u1ec7t ph\u00f9 h\u1ee3p cho ng\u01b0\u1eddi hay \u0111au l\u01b0ng, m\u1ecfi vai g\u00e1y nh\u1edd kh\u1ea3 n\u0103ng \u0111\u1ecbnh h\u00ecnh t\u01b0 th\u1ebf ng\u1ee7 chu\u1ea9n.<\/p>\n<\/li>\n<li>\n<p data-path-to-node=\"14,1,0\"><b data-path-to-node=\"14,1,0\" data-index-in-node=\"0\">\u0110\u1ed9 b\u1ec1n v\u01b0\u1ee3t th\u1eddi gian:<\/b> L\u00f2 xo t\u00fai l\u00e0m t\u1eeb th\u00e9p t\u00f4i luy\u1ec7n ch\u1ecbu l\u1ef1c cao, \u0111\u1ea3m b\u1ea3o tu\u1ed5i th\u1ecd tr\u00ean 10-15 n\u0103m.<\/p>\n<\/li>\n<li>\n<p data-path-to-node=\"14,2,0\"><b data-path-to-node=\"14,2,0\" data-index-in-node=\"0\">Kh\u00e1ng khu\u1ea9n t\u1ed1i \u01b0u:<\/b> C\u00f4ng ngh\u1ec7 x\u1eed l\u00fd v\u1ea3i gi\u00fap ng\u0103n ch\u1eb7n m\u1ea1t b\u1ee5i v\u00e0 vi khu\u1ea9n ph\u00e1t tri\u1ec3n, ph\u00f9 h\u1ee3p v\u1edbi kh\u00ed h\u1eadu n\u00f3ng \u1ea9m.<\/p>\n<\/li>\n<\/ol>\n","protected":false},"excerpt":{"rendered":"<h3 data-path-to-node=\"4\"><strong>1. C\u00f4ng ngh\u1ec7 l\u00f2 xo t\u00fai \u0111\u1ed9c l\u1eadp (Pocket Springs) hi\u1ec7n \u0111\u1ea1i<\/strong><\/h3>\n<h3 data-path-to-node=\"7\"><strong>2. C\u1ea5u tr\u00fac \u0111a l\u1edbp Luxury cho s\u1ef1 \u00eam \u00e1i tuy\u1ec7t \u0111\u1ed1i<\/strong><\/h3>\n<h3 data-path-to-node=\"10\"><strong>3. Thi\u1ebft k\u1ebf Golden Black \u2013 Sang tr\u1ecdng trong t\u1eebng \u0111\u01b0\u1eddng n\u00e9t<\/strong><\/h3>\n<p>&nbsp;<\/p>\n","protected":false},"featured_media":187,"comment_status":"open","ping_status":"closed","template":"","meta":[],"product_brand":[],"product_cat":[38,39],"product_tag":[],"class_list":{"0":"post-180","1":"product","2":"type-product","3":"status-publish","4":"has-post-thumbnail","6":"product_cat-nem","7":"product_cat-san-pham","9":"first","10":"instock","11":"shipping-taxable","12":"purchasable","13":"product-type-variable"},"yoast_head":"<!-- This site is optimized with the Yoast SEO plugin v27.4 - https:\/\/yoast.com\/product\/yoast-seo-wordpress\/ -->\n<title>N\u1ec7m Luxury Golden Black-NoiThatNhaDep - noithatnhadep<\/title>\n<meta name=\"description\" content=\"N\u1ec7m Luxury Golden Black-NoiThatNhaDep. V\u1edbi s\u1ef1 k\u1ebft h\u1ee3p ho\u00e0n h\u1ea3o gi\u1eefa c\u00f4ng ngh\u1ec7 l\u00f2 xo t\u00fai \u0111\u1ed9c l\u1eadp v\u00e0 ch\u1ea5t li\u1ec7u cao c\u1ea5p, Colmol h\u1ee9a h\u1eb9n mang \u0111\u1ebfn gi\u1ea5c ng\u1ee7 s\u00e2u v\u00e0 tr\u1ecdn v\u1eb9n nh\u1ea5t.\" \/>\n<meta name=\"robots\" content=\"index, follow, max-snippet:-1, max-image-preview:large, max-video-preview:-1\" \/>\n<link rel=\"canonical\" href=\"https:\/\/noithatnhadep.azdigi.shop\/index.php\/san-pham\/nem-luxury-golden-black-noithatnhadep\/\" \/>\n<meta property=\"og:locale\" content=\"vi_VN\" \/>\n<meta property=\"og:type\" content=\"article\" \/>\n<meta property=\"og:title\" content=\"N\u1ec7m Luxury Golden Black-NoiThatNhaDep - noithatnhadep\" \/>\n<meta property=\"og:description\" content=\"N\u1ec7m Luxury Golden Black-NoiThatNhaDep. V\u1edbi s\u1ef1 k\u1ebft h\u1ee3p ho\u00e0n h\u1ea3o gi\u1eefa c\u00f4ng ngh\u1ec7 l\u00f2 xo t\u00fai \u0111\u1ed9c l\u1eadp v\u00e0 ch\u1ea5t li\u1ec7u cao c\u1ea5p, Colmol h\u1ee9a h\u1eb9n mang \u0111\u1ebfn gi\u1ea5c ng\u1ee7 s\u00e2u v\u00e0 tr\u1ecdn v\u1eb9n nh\u1ea5t.\" \/>\n<meta property=\"og:url\" content=\"https:\/\/noithatnhadep.azdigi.shop\/index.php\/san-pham\/nem-luxury-golden-black-noithatnhadep\/\" \/>\n<meta property=\"og:site_name\" content=\"noithatnhadep\" \/>\n<meta property=\"article:modified_time\" content=\"2026-04-29T01:14:30+00:00\" \/>\n<meta property=\"og:image\" content=\"https:\/\/noithatnhadep.azdigi.shop\/wp-content\/uploads\/2026\/04\/nem-luxury-golden-black5.jpg\" \/>\n\t<meta property=\"og:image:width\" content=\"1000\" \/>\n\t<meta property=\"og:image:height\" content=\"666\" \/>\n\t<meta property=\"og:image:type\" content=\"image\/jpeg\" \/>\n<meta name=\"twitter:card\" content=\"summary_large_image\" \/>\n<meta name=\"twitter:label1\" content=\"\u01af\u1edbc t\u00ednh th\u1eddi gian \u0111\u1ecdc\" \/>\n\t<meta name=\"twitter:data1\" content=\"3 ph\u00fat\" \/>\n<script type=\"application\/ld+json\" class=\"yoast-schema-graph\">{\"@context\":\"https:\\\/\\\/schema.org\",\"@graph\":[{\"@type\":\"WebPage\",\"@id\":\"https:\\\/\\\/noithatnhadep.azdigi.shop\\\/index.php\\\/san-pham\\\/nem-luxury-golden-black-noithatnhadep\\\/\",\"url\":\"https:\\\/\\\/noithatnhadep.azdigi.shop\\\/index.php\\\/san-pham\\\/nem-luxury-golden-black-noithatnhadep\\\/\",\"name\":\"N\u1ec7m Luxury Golden Black-NoiThatNhaDep - noithatnhadep\",\"isPartOf\":{\"@id\":\"https:\\\/\\\/noithatnhadep.azdigi.shop\\\/#website\"},\"primaryImageOfPage\":{\"@id\":\"https:\\\/\\\/noithatnhadep.azdigi.shop\\\/index.php\\\/san-pham\\\/nem-luxury-golden-black-noithatnhadep\\\/#primaryimage\"},\"image\":{\"@id\":\"https:\\\/\\\/noithatnhadep.azdigi.shop\\\/index.php\\\/san-pham\\\/nem-luxury-golden-black-noithatnhadep\\\/#primaryimage\"},\"thumbnailUrl\":\"https:\\\/\\\/noithatnhadep.azdigi.shop\\\/wp-content\\\/uploads\\\/2026\\\/04\\\/nem-luxury-golden-black5.jpg\",\"datePublished\":\"2026-04-28T13:43:56+00:00\",\"dateModified\":\"2026-04-29T01:14:30+00:00\",\"description\":\"N\u1ec7m Luxury Golden Black-NoiThatNhaDep. V\u1edbi s\u1ef1 k\u1ebft h\u1ee3p ho\u00e0n h\u1ea3o gi\u1eefa c\u00f4ng ngh\u1ec7 l\u00f2 xo t\u00fai \u0111\u1ed9c l\u1eadp v\u00e0 ch\u1ea5t li\u1ec7u cao c\u1ea5p, Colmol h\u1ee9a h\u1eb9n mang \u0111\u1ebfn gi\u1ea5c ng\u1ee7 s\u00e2u v\u00e0 tr\u1ecdn v\u1eb9n nh\u1ea5t.\",\"breadcrumb\":{\"@id\":\"https:\\\/\\\/noithatnhadep.azdigi.shop\\\/index.php\\\/san-pham\\\/nem-luxury-golden-black-noithatnhadep\\\/#breadcrumb\"},\"inLanguage\":\"vi\",\"potentialAction\":[{\"@type\":\"ReadAction\",\"target\":[\"https:\\\/\\\/noithatnhadep.azdigi.shop\\\/index.php\\\/san-pham\\\/nem-luxury-golden-black-noithatnhadep\\\/\"]}]},{\"@type\":\"ImageObject\",\"inLanguage\":\"vi\",\"@id\":\"https:\\\/\\\/noithatnhadep.azdigi.shop\\\/index.php\\\/san-pham\\\/nem-luxury-golden-black-noithatnhadep\\\/#primaryimage\",\"url\":\"https:\\\/\\\/noithatnhadep.azdigi.shop\\\/wp-content\\\/uploads\\\/2026\\\/04\\\/nem-luxury-golden-black5.jpg\",\"contentUrl\":\"https:\\\/\\\/noithatnhadep.azdigi.shop\\\/wp-content\\\/uploads\\\/2026\\\/04\\\/nem-luxury-golden-black5.jpg\",\"width\":1000,\"height\":666,\"caption\":\"N\u1ec7m Luxury Golden Black-NoiThatNhaDep\"},{\"@type\":\"BreadcrumbList\",\"@id\":\"https:\\\/\\\/noithatnhadep.azdigi.shop\\\/index.php\\\/san-pham\\\/nem-luxury-golden-black-noithatnhadep\\\/#breadcrumb\",\"itemListElement\":[{\"@type\":\"ListItem\",\"position\":1,\"name\":\"Trang ch\u1ee7\",\"item\":\"https:\\\/\\\/noithatnhadep.azdigi.shop\\\/\"},{\"@type\":\"ListItem\",\"position\":2,\"name\":\"C\u1eeda h\u00e0ng\",\"item\":\"https:\\\/\\\/noithatnhadep.azdigi.shop\\\/index.php\\\/cua-hang\\\/\"},{\"@type\":\"ListItem\",\"position\":3,\"name\":\"N\u1ec7m Luxury Golden Black-NoiThatNhaDep\"}]},{\"@type\":\"WebSite\",\"@id\":\"https:\\\/\\\/noithatnhadep.azdigi.shop\\\/#website\",\"url\":\"https:\\\/\\\/noithatnhadep.azdigi.shop\\\/\",\"name\":\"noithatnhadep\",\"description\":\"\",\"potentialAction\":[{\"@type\":\"SearchAction\",\"target\":{\"@type\":\"EntryPoint\",\"urlTemplate\":\"https:\\\/\\\/noithatnhadep.azdigi.shop\\\/?s={search_term_string}\"},\"query-input\":{\"@type\":\"PropertyValueSpecification\",\"valueRequired\":true,\"valueName\":\"search_term_string\"}}],\"inLanguage\":\"vi\"}]}<\/script>\n<!-- \/ Yoast SEO plugin. -->","yoast_head_json":{"title":"N\u1ec7m Luxury Golden Black-NoiThatNhaDep - noithatnhadep","description":"N\u1ec7m Luxury Golden Black-NoiThatNhaDep. V\u1edbi s\u1ef1 k\u1ebft h\u1ee3p ho\u00e0n h\u1ea3o gi\u1eefa c\u00f4ng ngh\u1ec7 l\u00f2 xo t\u00fai \u0111\u1ed9c l\u1eadp v\u00e0 ch\u1ea5t li\u1ec7u cao c\u1ea5p, Colmol h\u1ee9a h\u1eb9n mang \u0111\u1ebfn gi\u1ea5c ng\u1ee7 s\u00e2u v\u00e0 tr\u1ecdn v\u1eb9n nh\u1ea5t.","robots":{"index":"index","follow":"follow","max-snippet":"max-snippet:-1","max-image-preview":"max-image-preview:large","max-video-preview":"max-video-preview:-1"},"canonical":"https:\/\/noithatnhadep.azdigi.shop\/index.php\/san-pham\/nem-luxury-golden-black-noithatnhadep\/","og_locale":"vi_VN","og_type":"article","og_title":"N\u1ec7m Luxury Golden Black-NoiThatNhaDep - noithatnhadep","og_description":"N\u1ec7m Luxury Golden Black-NoiThatNhaDep. V\u1edbi s\u1ef1 k\u1ebft h\u1ee3p ho\u00e0n h\u1ea3o gi\u1eefa c\u00f4ng ngh\u1ec7 l\u00f2 xo t\u00fai \u0111\u1ed9c l\u1eadp v\u00e0 ch\u1ea5t li\u1ec7u cao c\u1ea5p, Colmol h\u1ee9a h\u1eb9n mang \u0111\u1ebfn gi\u1ea5c ng\u1ee7 s\u00e2u v\u00e0 tr\u1ecdn v\u1eb9n nh\u1ea5t.","og_url":"https:\/\/noithatnhadep.azdigi.shop\/index.php\/san-pham\/nem-luxury-golden-black-noithatnhadep\/","og_site_name":"noithatnhadep","article_modified_time":"2026-04-29T01:14:30+00:00","og_image":[{"width":1000,"height":666,"url":"https:\/\/noithatnhadep.azdigi.shop\/wp-content\/uploads\/2026\/04\/nem-luxury-golden-black5.jpg","type":"image\/jpeg"}],"twitter_card":"summary_large_image","twitter_misc":{"\u01af\u1edbc t\u00ednh th\u1eddi gian \u0111\u1ecdc":"3 ph\u00fat"},"schema":{"@context":"https:\/\/schema.org","@graph":[{"@type":"WebPage","@id":"https:\/\/noithatnhadep.azdigi.shop\/index.php\/san-pham\/nem-luxury-golden-black-noithatnhadep\/","url":"https:\/\/noithatnhadep.azdigi.shop\/index.php\/san-pham\/nem-luxury-golden-black-noithatnhadep\/","name":"N\u1ec7m Luxury Golden Black-NoiThatNhaDep - noithatnhadep","isPartOf":{"@id":"https:\/\/noithatnhadep.azdigi.shop\/#website"},"primaryImageOfPage":{"@id":"https:\/\/noithatnhadep.azdigi.shop\/index.php\/san-pham\/nem-luxury-golden-black-noithatnhadep\/#primaryimage"},"image":{"@id":"https:\/\/noithatnhadep.azdigi.shop\/index.php\/san-pham\/nem-luxury-golden-black-noithatnhadep\/#primaryimage"},"thumbnailUrl":"https:\/\/noithatnhadep.azdigi.shop\/wp-content\/uploads\/2026\/04\/nem-luxury-golden-black5.jpg","datePublished":"2026-04-28T13:43:56+00:00","dateModified":"2026-04-29T01:14:30+00:00","description":"N\u1ec7m Luxury Golden Black-NoiThatNhaDep. V\u1edbi s\u1ef1 k\u1ebft h\u1ee3p ho\u00e0n h\u1ea3o gi\u1eefa c\u00f4ng ngh\u1ec7 l\u00f2 xo t\u00fai \u0111\u1ed9c l\u1eadp v\u00e0 ch\u1ea5t li\u1ec7u cao c\u1ea5p, Colmol h\u1ee9a h\u1eb9n mang \u0111\u1ebfn gi\u1ea5c ng\u1ee7 s\u00e2u v\u00e0 tr\u1ecdn v\u1eb9n nh\u1ea5t.","breadcrumb":{"@id":"https:\/\/noithatnhadep.azdigi.shop\/index.php\/san-pham\/nem-luxury-golden-black-noithatnhadep\/#breadcrumb"},"inLanguage":"vi","potentialAction":[{"@type":"ReadAction","target":["https:\/\/noithatnhadep.azdigi.shop\/index.php\/san-pham\/nem-luxury-golden-black-noithatnhadep\/"]}]},{"@type":"ImageObject","inLanguage":"vi","@id":"https:\/\/noithatnhadep.azdigi.shop\/index.php\/san-pham\/nem-luxury-golden-black-noithatnhadep\/#primaryimage","url":"https:\/\/noithatnhadep.azdigi.shop\/wp-content\/uploads\/2026\/04\/nem-luxury-golden-black5.jpg","contentUrl":"https:\/\/noithatnhadep.azdigi.shop\/wp-content\/uploads\/2026\/04\/nem-luxury-golden-black5.jpg","width":1000,"height":666,"caption":"N\u1ec7m Luxury Golden Black-NoiThatNhaDep"},{"@type":"BreadcrumbList","@id":"https:\/\/noithatnhadep.azdigi.shop\/index.php\/san-pham\/nem-luxury-golden-black-noithatnhadep\/#breadcrumb","itemListElement":[{"@type":"ListItem","position":1,"name":"Trang ch\u1ee7","item":"https:\/\/noithatnhadep.azdigi.shop\/"},{"@type":"ListItem","position":2,"name":"C\u1eeda h\u00e0ng","item":"https:\/\/noithatnhadep.azdigi.shop\/index.php\/cua-hang\/"},{"@type":"ListItem","position":3,"name":"N\u1ec7m Luxury Golden Black-NoiThatNhaDep"}]},{"@type":"WebSite","@id":"https:\/\/noithatnhadep.azdigi.shop\/#website","url":"https:\/\/noithatnhadep.azdigi.shop\/","name":"noithatnhadep","description":"","potentialAction":[{"@type":"SearchAction","target":{"@type":"EntryPoint","urlTemplate":"https:\/\/noithatnhadep.azdigi.shop\/?s={search_term_string}"},"query-input":{"@type":"PropertyValueSpecification","valueRequired":true,"valueName":"search_term_string"}}],"inLanguage":"vi"}]}},"_links":{"self":[{"href":"https:\/\/noithatnhadep.azdigi.shop\/index.php\/wp-json\/wp\/v2\/product\/180","targetHints":{"allow":["GET"]}}],"collection":[{"href":"https:\/\/noithatnhadep.azdigi.shop\/index.php\/wp-json\/wp\/v2\/product"}],"about":[{"href":"https:\/\/noithatnhadep.azdigi.shop\/index.php\/wp-json\/wp\/v2\/types\/product"}],"replies":[{"embeddable":true,"href":"https:\/\/noithatnhadep.azdigi.shop\/index.php\/wp-json\/wp\/v2\/comments?post=180"}],"wp:featuredmedia":[{"embeddable":true,"href":"https:\/\/noithatnhadep.azdigi.shop\/index.php\/wp-json\/wp\/v2\/media\/187"}],"wp:attachment":[{"href":"https:\/\/noithatnhadep.azdigi.shop\/index.php\/wp-json\/wp\/v2\/media?parent=180"}],"wp:term":[{"taxonomy":"product_brand","embeddable":true,"href":"https:\/\/noithatnhadep.azdigi.shop\/index.php\/wp-json\/wp\/v2\/product_brand?post=180"},{"taxonomy":"product_cat","embeddable":true,"href":"https:\/\/noithatnhadep.azdigi.shop\/index.php\/wp-json\/wp\/v2\/product_cat?post=180"},{"taxonomy":"product_tag","embeddable":true,"href":"https:\/\/noithatnhadep.azdigi.shop\/index.php\/wp-json\/wp\/v2\/product_tag?post=180"}],"curies":[{"name":"wp","href":"https:\/\/api.w.org\/{rel}","templated":true}]}}