{"id":178,"date":"2026-04-28T13:39:45","date_gmt":"2026-04-28T13:39:45","guid":{"rendered":"https:\/\/noithatnhadep.azdigi.shop\/?post_type=product&#038;p=178"},"modified":"2026-04-28T13:39:45","modified_gmt":"2026-04-28T13:39:45","slug":"sofa-motion-mars-3-cho-2m7-da-l-coffee","status":"publish","type":"product","link":"https:\/\/noithatnhadep.azdigi.shop\/index.php\/san-pham\/sofa-motion-mars-3-cho-2m7-da-l-coffee\/","title":{"rendered":"Sofa Motion Mars 3 Ch\u1ed7 2M7 (Da L.Coffee)"},"content":{"rendered":"<h2 style=\"text-align: center;\" data-start=\"0\" data-end=\"46\"><strong data-start=\"0\" data-end=\"44\">SOFA MOTION MARS 3 CH\u1ed6 2M7 (DA L.COFFEE)<\/strong><\/h2>\n<p data-start=\"48\" data-end=\"790\">Sofa Motion Mars 3 ch\u1ed7 2M7 l\u00e0 d\u00f2ng sofa hi\u1ec7n \u0111\u1ea1i mang \u0111\u1ebfn s\u1ef1 ti\u1ec7n nghi v\u00e0 \u0111\u1eb3ng c\u1ea5p cho kh\u00f4ng gian s\u1ed1ng. V\u1edbi thi\u1ebft k\u1ebf r\u1ed9ng r\u00e3i c\u00f9ng gam m\u00e0u da L.Coffee sang tr\u1ecdng, s\u1ea3n ph\u1ea9m t\u1ea1o c\u1ea3m gi\u00e1c \u1ea5m c\u00fang nh\u01b0ng v\u1eabn \u0111\u1ea7y tinh t\u1ebf cho ph\u00f2ng kh\u00e1ch. \u0110i\u1ec3m n\u1ed5i b\u1eadt c\u1ee7a Motion Mars n\u1eb1m \u1edf c\u01a1 ch\u1ebf chuy\u1ec3n \u0111\u1ed9ng th\u00f4ng minh, gi\u00fap ng\u01b0\u1eddi d\u00f9ng d\u1ec5 d\u00e0ng \u0111i\u1ec1u ch\u1ec9nh t\u01b0 th\u1ebf ng\u1ed3i ho\u1eb7c th\u01b0 gi\u00e3n m\u1ed9t c\u00e1ch tho\u1ea3i m\u00e1i. Ch\u1ea5t li\u1ec7u da cao c\u1ea5p m\u1ec1m m\u1ea1i, d\u1ec5 v\u1ec7 sinh v\u00e0 c\u00f3 \u0111\u1ed9 b\u1ec1n cao, k\u1ebft h\u1ee3p c\u00f9ng ph\u1ea7n \u0111\u1ec7m \u00eam \u00e1i gi\u00fap n\u00e2ng cao tr\u1ea3i nghi\u1ec7m s\u1eed d\u1ee5ng h\u1eb1ng ng\u00e0y. Khung sofa ch\u1eafc ch\u1eafn c\u00f9ng ki\u1ec3u d\u00e1ng hi\u1ec7n \u0111\u1ea1i gi\u00fap s\u1ea3n ph\u1ea9m ph\u00f9 h\u1ee3p v\u1edbi nhi\u1ec1u phong c\u00e1ch n\u1ed9i th\u1ea5t kh\u00e1c nhau. Sofa Motion Mars kh\u00f4ng ch\u1ec9 l\u00e0 n\u01a1i ngh\u1ec9 ng\u01a1i l\u00fd t\u01b0\u1edfng m\u00e0 c\u00f2n g\u00f3p ph\u1ea7n t\u1ea1o n\u00ean kh\u00f4ng gian s\u1ed1ng ti\u1ec7n nghi v\u00e0 sang tr\u1ecdng h\u01a1n.<\/p>\n<hr data-start=\"792\" data-end=\"795\" \/>\n<h4 data-start=\"797\" data-end=\"809\"><strong data-start=\"797\" data-end=\"809\">B\u1ea2O H\u00c0NH<\/strong><\/h4>\n<p data-start=\"811\" data-end=\"1072\">C\u00e1c s\u1ea3n ph\u1ea9m n\u1ed9i th\u1ea5t t\u1ea1i <strong data-start=\"837\" data-end=\"846\">Homie<\/strong> \u0111\u01b0\u1ee3c s\u1ea3n xu\u1ea5t v\u1edbi quy tr\u00ecnh ki\u1ec3m so\u00e1t ch\u1ea5t l\u01b0\u1ee3ng nghi\u00eam ng\u1eb7t, t\u1eeb kh\u00e2u l\u1ef1a ch\u1ecdn nguy\u00ean v\u1eadt li\u1ec7u \u0111\u1ebfn ho\u00e0n thi\u1ec7n s\u1ea3n ph\u1ea9m. M\u1ed7i s\u1ea3n ph\u1ea9m tr\u01b0\u1edbc khi \u0111\u1ebfn tay kh\u00e1ch h\u00e0ng \u0111\u1ec1u \u0111\u01b0\u1ee3c ki\u1ec3m tra k\u1ef9 l\u01b0\u1ee1ng nh\u1eb1m \u0111\u1ea3m b\u1ea3o \u0111\u1ed9 b\u1ec1n v\u00e0 t\u00ednh th\u1ea9m m\u1ef9.<\/p>\n<p data-start=\"1074\" data-end=\"1298\">Homie \u00e1p d\u1ee5ng ch\u00ednh s\u00e1ch b\u1ea3o h\u00e0nh <strong data-start=\"1108\" data-end=\"1120\">12 th\u00e1ng<\/strong> \u0111\u1ed1i v\u1edbi c\u00e1c l\u1ed7i k\u1ef9 thu\u1eadt ph\u00e1t sinh t\u1eeb qu\u00e1 tr\u00ecnh s\u1ea3n xu\u1ea5t ho\u1eb7c l\u1eafp \u0111\u1eb7t. Khi s\u1ea3n ph\u1ea9m g\u1eb7p s\u1ef1 c\u1ed1, qu\u00fd kh\u00e1ch vui l\u00f2ng li\u00ean h\u1ec7 ngay v\u1edbi Homie \u0111\u1ec3 \u0111\u01b0\u1ee3c h\u1ed7 tr\u1ee3, <strong data-start=\"1274\" data-end=\"1297\">kh\u00f4ng t\u1ef1 \u00fd s\u1eeda ch\u1eefa<\/strong>.<\/p>\n<p data-start=\"1300\" data-end=\"1432\">Sau khi h\u1ebft th\u1eddi h\u1ea1n b\u1ea3o h\u00e0nh, n\u1ebfu c\u00f3 nhu c\u1ea7u h\u1ed7 tr\u1ee3 ho\u1eb7c s\u1eeda ch\u1eefa, qu\u00fd kh\u00e1ch v\u1eabn c\u00f3 th\u1ec3 li\u00ean h\u1ec7 Homie \u0111\u1ec3 \u0111\u01b0\u1ee3c t\u01b0 v\u1ea5n v\u00e0 gi\u1ea3i quy\u1ebft.<\/p>\n<p data-start=\"1434\" data-end=\"1473\"><strong data-start=\"1434\" data-end=\"1473\">C\u00e1c tr\u01b0\u1eddng h\u1ee3p kh\u00f4ng \u0111\u01b0\u1ee3c b\u1ea3o h\u00e0nh:<\/strong><\/p>\n<ul data-start=\"1474\" data-end=\"1827\">\n<li data-section-id=\"7rml3c\" data-start=\"1474\" data-end=\"1555\">Kh\u00e1ch h\u00e0ng t\u1ef1 \u00fd s\u1eeda ch\u1eefa khi s\u1ea3n ph\u1ea9m g\u1eb7p s\u1ef1 c\u1ed1 m\u00e0 kh\u00f4ng th\u00f4ng b\u00e1o cho Homie.<\/li>\n<li data-section-id=\"17t3xm\" data-start=\"1556\" data-end=\"1636\">S\u1eed d\u1ee5ng kh\u00f4ng \u0111\u00fang h\u01b0\u1edbng d\u1eabn, g\u00e2y tr\u1ea7y x\u01b0\u1edbc, m\u00f3p m\u00e9o, b\u00e1m b\u1ea9n ho\u1eb7c phai m\u00e0u.<\/li>\n<li data-section-id=\"1g2hlm9\" data-start=\"1637\" data-end=\"1742\">H\u01b0 h\u1ecfng do t\u00e1c \u0111\u1ed9ng m\u00f4i tr\u01b0\u1eddng nh\u01b0 \u1ea9m m\u1ed1c, kh\u00f4 n\u1ee9t, m\u1ed1i m\u1ecdt ho\u1eb7c do h\u00f3a ch\u1ea5t, thi\u1ebft b\u1ecb kh\u00f4ng ph\u00f9 h\u1ee3p.<\/li>\n<li data-section-id=\"1i460ey\" data-start=\"1743\" data-end=\"1781\">S\u1ea3n ph\u1ea9m \u0111\u00e3 h\u1ebft th\u1eddi h\u1ea1n b\u1ea3o h\u00e0nh.<\/li>\n<li data-section-id=\"xyuqhs\" data-start=\"1782\" data-end=\"1827\">Kh\u00f4ng c\u00f3 phi\u1ebfu b\u1ea3o h\u00e0nh h\u1ee3p l\u1ec7 c\u1ee7a Homie.<\/li>\n<\/ul>\n<hr data-start=\"1829\" data-end=\"1832\" \/>\n<h4 data-start=\"1834\" data-end=\"1855\"><strong data-start=\"1834\" data-end=\"1855\">GIAO H\u00c0NG T\u1eacN N\u01a0I<\/strong><\/h4>\n<p data-start=\"1857\" data-end=\"2031\" data-is-last-node=\"\" data-is-only-node=\"\">Homie cung c\u1ea5p d\u1ecbch v\u1ee5 giao h\u00e0ng t\u1eadn n\u01a1i, l\u1eafp r\u00e1p v\u00e0 b\u1ed1 tr\u00ed s\u1ea3n ph\u1ea9m theo y\u00eau c\u1ea7u c\u1ee7a kh\u00e1ch h\u00e0ng.<br data-start=\"1954\" data-end=\"1957\" \/>Chi ph\u00ed giao h\u00e0ng s\u1ebd \u0111\u01b0\u1ee3c th\u00f4ng b\u00e1o c\u1ee5 th\u1ec3 d\u1ef1a tr\u00ean t\u1eebng \u0111\u01a1n h\u00e0ng th\u1ef1c t\u1ebf.<\/p>\n","protected":false},"excerpt":{"rendered":"<div class=\"nx-row\"><strong><span class=\"nx-label\">K\u00edch th\u01b0\u1edbc : <\/span><span class=\"nx-value\">D2770 &#8211; R1050 &#8211; C1000 mm<\/span><\/strong><\/div>\n<div class=\"nx-row\"><strong><span class=\"nx-label\">Ch\u1ea5t li\u1ec7u : <\/span><span class=\"nx-value\">B\u1ecdc da b\u00f2 t\u1ef1 nhi\u00ean &#8211; Sofa t\u1ef1 \u0111\u1ed9ng \u0111i\u1ec1u ch\u1ec9nh t\u1ef1a \u0111\u1ea7u v\u00e0 \u0111\u1ec3 ch\u00e2n b\u1eb1ng \u0111i\u1ec7n<\/span><\/strong><\/div>\n","protected":false},"featured_media":181,"comment_status":"open","ping_status":"closed","template":"","meta":[],"product_brand":[],"product_cat":[39,33],"product_tag":[],"class_list":{"0":"post-178","1":"product","2":"type-product","3":"status-publish","4":"has-post-thumbnail","6":"product_cat-san-pham","7":"product_cat-sofa","9":"first","10":"instock","11":"shipping-taxable","12":"purchasable","13":"product-type-variable"},"yoast_head":"<!-- This site is optimized with the Yoast SEO plugin v27.4 - https:\/\/yoast.com\/product\/yoast-seo-wordpress\/ -->\n<title>Sofa Motion Mars 3 Ch\u1ed7 2M7 (Da L.Coffee) - noithatnhadep<\/title>\n<meta name=\"description\" content=\"Sofa Motion Mars 3 ch\u1ed7 2M7 l\u00e0 d\u00f2ng sofa hi\u1ec7n \u0111\u1ea1i mang \u0111\u1ebfn s\u1ef1 ti\u1ec7n nghi v\u00e0 \u0111\u1eb3ng c\u1ea5p cho kh\u00f4ng gian s\u1ed1ng. V\u1edbi thi\u1ebft k\u1ebf r\u1ed9ng r\u00e3i c\u00f9ng gam m\u00e0u da\" \/>\n<meta name=\"robots\" content=\"index, follow, max-snippet:-1, max-image-preview:large, max-video-preview:-1\" \/>\n<link rel=\"canonical\" href=\"https:\/\/noithatnhadep.azdigi.shop\/index.php\/san-pham\/sofa-motion-mars-3-cho-2m7-da-l-coffee\/\" \/>\n<meta property=\"og:locale\" content=\"vi_VN\" \/>\n<meta property=\"og:type\" content=\"article\" \/>\n<meta property=\"og:title\" content=\"Sofa Motion Mars 3 Ch\u1ed7 2M7 (Da L.Coffee) - noithatnhadep\" \/>\n<meta property=\"og:description\" content=\"Sofa Motion Mars 3 ch\u1ed7 2M7 l\u00e0 d\u00f2ng sofa hi\u1ec7n \u0111\u1ea1i mang \u0111\u1ebfn s\u1ef1 ti\u1ec7n nghi v\u00e0 \u0111\u1eb3ng c\u1ea5p cho kh\u00f4ng gian s\u1ed1ng. V\u1edbi thi\u1ebft k\u1ebf r\u1ed9ng r\u00e3i c\u00f9ng gam m\u00e0u da\" \/>\n<meta property=\"og:url\" content=\"https:\/\/noithatnhadep.azdigi.shop\/index.php\/san-pham\/sofa-motion-mars-3-cho-2m7-da-l-coffee\/\" \/>\n<meta property=\"og:site_name\" content=\"noithatnhadep\" \/>\n<meta property=\"og:image\" content=\"https:\/\/noithatnhadep.azdigi.shop\/wp-content\/uploads\/2026\/04\/Screenshot-2026-04-28-203528.png\" \/>\n\t<meta property=\"og:image:width\" content=\"576\" \/>\n\t<meta property=\"og:image:height\" content=\"272\" \/>\n\t<meta property=\"og:image:type\" content=\"image\/png\" \/>\n<meta name=\"twitter:card\" content=\"summary_large_image\" \/>\n<meta name=\"twitter:label1\" content=\"\u01af\u1edbc t\u00ednh th\u1eddi gian \u0111\u1ecdc\" \/>\n\t<meta name=\"twitter:data1\" content=\"3 ph\u00fat\" \/>\n<script type=\"application\/ld+json\" class=\"yoast-schema-graph\">{\"@context\":\"https:\\\/\\\/schema.org\",\"@graph\":[{\"@type\":\"WebPage\",\"@id\":\"https:\\\/\\\/noithatnhadep.azdigi.shop\\\/index.php\\\/san-pham\\\/sofa-motion-mars-3-cho-2m7-da-l-coffee\\\/\",\"url\":\"https:\\\/\\\/noithatnhadep.azdigi.shop\\\/index.php\\\/san-pham\\\/sofa-motion-mars-3-cho-2m7-da-l-coffee\\\/\",\"name\":\"Sofa Motion Mars 3 Ch\u1ed7 2M7 (Da L.Coffee) - noithatnhadep\",\"isPartOf\":{\"@id\":\"https:\\\/\\\/noithatnhadep.azdigi.shop\\\/#website\"},\"primaryImageOfPage\":{\"@id\":\"https:\\\/\\\/noithatnhadep.azdigi.shop\\\/index.php\\\/san-pham\\\/sofa-motion-mars-3-cho-2m7-da-l-coffee\\\/#primaryimage\"},\"image\":{\"@id\":\"https:\\\/\\\/noithatnhadep.azdigi.shop\\\/index.php\\\/san-pham\\\/sofa-motion-mars-3-cho-2m7-da-l-coffee\\\/#primaryimage\"},\"thumbnailUrl\":\"https:\\\/\\\/noithatnhadep.azdigi.shop\\\/wp-content\\\/uploads\\\/2026\\\/04\\\/Screenshot-2026-04-28-203528.png\",\"datePublished\":\"2026-04-28T13:39:45+00:00\",\"description\":\"Sofa Motion Mars 3 ch\u1ed7 2M7 l\u00e0 d\u00f2ng sofa hi\u1ec7n \u0111\u1ea1i mang \u0111\u1ebfn s\u1ef1 ti\u1ec7n nghi v\u00e0 \u0111\u1eb3ng c\u1ea5p cho kh\u00f4ng gian s\u1ed1ng. V\u1edbi thi\u1ebft k\u1ebf r\u1ed9ng r\u00e3i c\u00f9ng gam m\u00e0u da\",\"breadcrumb\":{\"@id\":\"https:\\\/\\\/noithatnhadep.azdigi.shop\\\/index.php\\\/san-pham\\\/sofa-motion-mars-3-cho-2m7-da-l-coffee\\\/#breadcrumb\"},\"inLanguage\":\"vi\",\"potentialAction\":[{\"@type\":\"ReadAction\",\"target\":[\"https:\\\/\\\/noithatnhadep.azdigi.shop\\\/index.php\\\/san-pham\\\/sofa-motion-mars-3-cho-2m7-da-l-coffee\\\/\"]}]},{\"@type\":\"ImageObject\",\"inLanguage\":\"vi\",\"@id\":\"https:\\\/\\\/noithatnhadep.azdigi.shop\\\/index.php\\\/san-pham\\\/sofa-motion-mars-3-cho-2m7-da-l-coffee\\\/#primaryimage\",\"url\":\"https:\\\/\\\/noithatnhadep.azdigi.shop\\\/wp-content\\\/uploads\\\/2026\\\/04\\\/Screenshot-2026-04-28-203528.png\",\"contentUrl\":\"https:\\\/\\\/noithatnhadep.azdigi.shop\\\/wp-content\\\/uploads\\\/2026\\\/04\\\/Screenshot-2026-04-28-203528.png\",\"width\":576,\"height\":272,\"caption\":\"sf\"},{\"@type\":\"BreadcrumbList\",\"@id\":\"https:\\\/\\\/noithatnhadep.azdigi.shop\\\/index.php\\\/san-pham\\\/sofa-motion-mars-3-cho-2m7-da-l-coffee\\\/#breadcrumb\",\"itemListElement\":[{\"@type\":\"ListItem\",\"position\":1,\"name\":\"Trang ch\u1ee7\",\"item\":\"https:\\\/\\\/noithatnhadep.azdigi.shop\\\/\"},{\"@type\":\"ListItem\",\"position\":2,\"name\":\"C\u1eeda h\u00e0ng\",\"item\":\"https:\\\/\\\/noithatnhadep.azdigi.shop\\\/index.php\\\/cua-hang\\\/\"},{\"@type\":\"ListItem\",\"position\":3,\"name\":\"Sofa Motion Mars 3 Ch\u1ed7 2M7 (Da L.Coffee)\"}]},{\"@type\":\"WebSite\",\"@id\":\"https:\\\/\\\/noithatnhadep.azdigi.shop\\\/#website\",\"url\":\"https:\\\/\\\/noithatnhadep.azdigi.shop\\\/\",\"name\":\"noithatnhadep\",\"description\":\"\",\"potentialAction\":[{\"@type\":\"SearchAction\",\"target\":{\"@type\":\"EntryPoint\",\"urlTemplate\":\"https:\\\/\\\/noithatnhadep.azdigi.shop\\\/?s={search_term_string}\"},\"query-input\":{\"@type\":\"PropertyValueSpecification\",\"valueRequired\":true,\"valueName\":\"search_term_string\"}}],\"inLanguage\":\"vi\"}]}<\/script>\n<!-- \/ Yoast SEO plugin. -->","yoast_head_json":{"title":"Sofa Motion Mars 3 Ch\u1ed7 2M7 (Da L.Coffee) - noithatnhadep","description":"Sofa Motion Mars 3 ch\u1ed7 2M7 l\u00e0 d\u00f2ng sofa hi\u1ec7n \u0111\u1ea1i mang \u0111\u1ebfn s\u1ef1 ti\u1ec7n nghi v\u00e0 \u0111\u1eb3ng c\u1ea5p cho kh\u00f4ng gian s\u1ed1ng. V\u1edbi thi\u1ebft k\u1ebf r\u1ed9ng r\u00e3i c\u00f9ng gam m\u00e0u da","robots":{"index":"index","follow":"follow","max-snippet":"max-snippet:-1","max-image-preview":"max-image-preview:large","max-video-preview":"max-video-preview:-1"},"canonical":"https:\/\/noithatnhadep.azdigi.shop\/index.php\/san-pham\/sofa-motion-mars-3-cho-2m7-da-l-coffee\/","og_locale":"vi_VN","og_type":"article","og_title":"Sofa Motion Mars 3 Ch\u1ed7 2M7 (Da L.Coffee) - noithatnhadep","og_description":"Sofa Motion Mars 3 ch\u1ed7 2M7 l\u00e0 d\u00f2ng sofa hi\u1ec7n \u0111\u1ea1i mang \u0111\u1ebfn s\u1ef1 ti\u1ec7n nghi v\u00e0 \u0111\u1eb3ng c\u1ea5p cho kh\u00f4ng gian s\u1ed1ng. V\u1edbi thi\u1ebft k\u1ebf r\u1ed9ng r\u00e3i c\u00f9ng gam m\u00e0u da","og_url":"https:\/\/noithatnhadep.azdigi.shop\/index.php\/san-pham\/sofa-motion-mars-3-cho-2m7-da-l-coffee\/","og_site_name":"noithatnhadep","og_image":[{"width":576,"height":272,"url":"https:\/\/noithatnhadep.azdigi.shop\/wp-content\/uploads\/2026\/04\/Screenshot-2026-04-28-203528.png","type":"image\/png"}],"twitter_card":"summary_large_image","twitter_misc":{"\u01af\u1edbc t\u00ednh th\u1eddi gian \u0111\u1ecdc":"3 ph\u00fat"},"schema":{"@context":"https:\/\/schema.org","@graph":[{"@type":"WebPage","@id":"https:\/\/noithatnhadep.azdigi.shop\/index.php\/san-pham\/sofa-motion-mars-3-cho-2m7-da-l-coffee\/","url":"https:\/\/noithatnhadep.azdigi.shop\/index.php\/san-pham\/sofa-motion-mars-3-cho-2m7-da-l-coffee\/","name":"Sofa Motion Mars 3 Ch\u1ed7 2M7 (Da L.Coffee) - noithatnhadep","isPartOf":{"@id":"https:\/\/noithatnhadep.azdigi.shop\/#website"},"primaryImageOfPage":{"@id":"https:\/\/noithatnhadep.azdigi.shop\/index.php\/san-pham\/sofa-motion-mars-3-cho-2m7-da-l-coffee\/#primaryimage"},"image":{"@id":"https:\/\/noithatnhadep.azdigi.shop\/index.php\/san-pham\/sofa-motion-mars-3-cho-2m7-da-l-coffee\/#primaryimage"},"thumbnailUrl":"https:\/\/noithatnhadep.azdigi.shop\/wp-content\/uploads\/2026\/04\/Screenshot-2026-04-28-203528.png","datePublished":"2026-04-28T13:39:45+00:00","description":"Sofa Motion Mars 3 ch\u1ed7 2M7 l\u00e0 d\u00f2ng sofa hi\u1ec7n \u0111\u1ea1i mang \u0111\u1ebfn s\u1ef1 ti\u1ec7n nghi v\u00e0 \u0111\u1eb3ng c\u1ea5p cho kh\u00f4ng gian s\u1ed1ng. V\u1edbi thi\u1ebft k\u1ebf r\u1ed9ng r\u00e3i c\u00f9ng gam m\u00e0u da","breadcrumb":{"@id":"https:\/\/noithatnhadep.azdigi.shop\/index.php\/san-pham\/sofa-motion-mars-3-cho-2m7-da-l-coffee\/#breadcrumb"},"inLanguage":"vi","potentialAction":[{"@type":"ReadAction","target":["https:\/\/noithatnhadep.azdigi.shop\/index.php\/san-pham\/sofa-motion-mars-3-cho-2m7-da-l-coffee\/"]}]},{"@type":"ImageObject","inLanguage":"vi","@id":"https:\/\/noithatnhadep.azdigi.shop\/index.php\/san-pham\/sofa-motion-mars-3-cho-2m7-da-l-coffee\/#primaryimage","url":"https:\/\/noithatnhadep.azdigi.shop\/wp-content\/uploads\/2026\/04\/Screenshot-2026-04-28-203528.png","contentUrl":"https:\/\/noithatnhadep.azdigi.shop\/wp-content\/uploads\/2026\/04\/Screenshot-2026-04-28-203528.png","width":576,"height":272,"caption":"sf"},{"@type":"BreadcrumbList","@id":"https:\/\/noithatnhadep.azdigi.shop\/index.php\/san-pham\/sofa-motion-mars-3-cho-2m7-da-l-coffee\/#breadcrumb","itemListElement":[{"@type":"ListItem","position":1,"name":"Trang ch\u1ee7","item":"https:\/\/noithatnhadep.azdigi.shop\/"},{"@type":"ListItem","position":2,"name":"C\u1eeda h\u00e0ng","item":"https:\/\/noithatnhadep.azdigi.shop\/index.php\/cua-hang\/"},{"@type":"ListItem","position":3,"name":"Sofa Motion Mars 3 Ch\u1ed7 2M7 (Da L.Coffee)"}]},{"@type":"WebSite","@id":"https:\/\/noithatnhadep.azdigi.shop\/#website","url":"https:\/\/noithatnhadep.azdigi.shop\/","name":"noithatnhadep","description":"","potentialAction":[{"@type":"SearchAction","target":{"@type":"EntryPoint","urlTemplate":"https:\/\/noithatnhadep.azdigi.shop\/?s={search_term_string}"},"query-input":{"@type":"PropertyValueSpecification","valueRequired":true,"valueName":"search_term_string"}}],"inLanguage":"vi"}]}},"_links":{"self":[{"href":"https:\/\/noithatnhadep.azdigi.shop\/index.php\/wp-json\/wp\/v2\/product\/178","targetHints":{"allow":["GET"]}}],"collection":[{"href":"https:\/\/noithatnhadep.azdigi.shop\/index.php\/wp-json\/wp\/v2\/product"}],"about":[{"href":"https:\/\/noithatnhadep.azdigi.shop\/index.php\/wp-json\/wp\/v2\/types\/product"}],"replies":[{"embeddable":true,"href":"https:\/\/noithatnhadep.azdigi.shop\/index.php\/wp-json\/wp\/v2\/comments?post=178"}],"wp:featuredmedia":[{"embeddable":true,"href":"https:\/\/noithatnhadep.azdigi.shop\/index.php\/wp-json\/wp\/v2\/media\/181"}],"wp:attachment":[{"href":"https:\/\/noithatnhadep.azdigi.shop\/index.php\/wp-json\/wp\/v2\/media?parent=178"}],"wp:term":[{"taxonomy":"product_brand","embeddable":true,"href":"https:\/\/noithatnhadep.azdigi.shop\/index.php\/wp-json\/wp\/v2\/product_brand?post=178"},{"taxonomy":"product_cat","embeddable":true,"href":"https:\/\/noithatnhadep.azdigi.shop\/index.php\/wp-json\/wp\/v2\/product_cat?post=178"},{"taxonomy":"product_tag","embeddable":true,"href":"https:\/\/noithatnhadep.azdigi.shop\/index.php\/wp-json\/wp\/v2\/product_tag?post=178"}],"curies":[{"name":"wp","href":"https:\/\/api.w.org\/{rel}","templated":true}]}}