{"id":153,"date":"2026-04-28T12:35:15","date_gmt":"2026-04-28T12:35:15","guid":{"rendered":"https:\/\/noithatnhadep.azdigi.shop\/?post_type=product&#038;p=153"},"modified":"2026-04-29T01:09:33","modified_gmt":"2026-04-29T01:09:33","slug":"giuong-jose-hoc-keo-vai-stone-015-1a-noithatnhadep","status":"publish","type":"product","link":"https:\/\/noithatnhadep.azdigi.shop\/index.php\/san-pham\/giuong-jose-hoc-keo-vai-stone-015-1a-noithatnhadep\/","title":{"rendered":"Gi\u01b0\u1eddng Jose H\u1ed9c K\u00e9o V\u1ea3i Stone 015-1A-NoiThatNhaDep"},"content":{"rendered":"<h1 class=\"product-title product_title entry-title\"><strong>Gi\u01b0\u1eddng Jose H\u1ed9c K\u00e9o V\u1ea3i Stone 015-1A<\/strong><\/h1>\n<p data-path-to-node=\"7\">Trong nh\u1eefng kh\u00f4ng gian s\u1ed1ng hi\u1ec7n \u0111\u1ea1i nh\u01b0 c\u0103n h\u1ed9 studio hay chung c\u01b0 nh\u1ecf, vi\u1ec7c s\u1eafp x\u1ebfp \u0111\u1ed3 \u0111\u1ea1c sao cho g\u1ecdn g\u00e0ng lu\u00f4n l\u00e0 b\u00e0i to\u00e1n kh\u00f3. M\u1eabu <b data-path-to-node=\"7\" data-index-in-node=\"136\">gi\u01b0\u1eddng ng\u1ee7 c\u00f3 h\u1ed9c k\u00e9o<\/b> b\u1ecdc n\u1ec9 cao c\u1ea5p d\u01b0\u1edbi \u0111\u00e2y kh\u00f4ng ch\u1ec9 mang l\u1ea1i gi\u1ea5c ng\u1ee7 ngon m\u00e0 c\u00f2n l\u00e0 m\u1ed9t &#8220;kho l\u01b0u tr\u1eef&#8221; b\u00ed m\u1eadt ngay trong ph\u00f2ng ng\u1ee7 c\u1ee7a b\u1ea1n.<\/p>\n<h2 data-path-to-node=\"8\"><strong>1. Thi\u1ebft k\u1ebf t\u00edch h\u1ee3p h\u1ed9c l\u01b0u tr\u1eef th\u00f4ng minh<\/strong><\/h2>\n<p data-path-to-node=\"9\">\u0110i\u1ec3m \u0111\u1eaft gi\u00e1 nh\u1ea5t c\u1ee7a m\u1eabu gi\u01b0\u1eddng n\u00e0y ch\u00ednh l\u00e0 h\u1ec7 th\u1ed1ng h\u1ed9c k\u00e9o \u0111\u01b0\u1ee3c t\u00edch h\u1ee3p kh\u00e9o l\u00e9o \u1edf hai b\u00ean h\u00f4ng gi\u01b0\u1eddng. Thay v\u00ec b\u1ecf tr\u1ed1ng kho\u1ea3ng kh\u00f4ng d\u01b0\u1edbi g\u1ea7m gi\u01b0\u1eddng m\u1ed9t c\u00e1ch l\u00e3ng ph\u00ed, thi\u1ebft k\u1ebf n\u00e0y t\u1eadn d\u1ee5ng t\u1ed1i \u0111a di\u1ec7n t\u00edch \u0111\u1ec3 b\u1ea1n c\u1ea5t gi\u1eef \u0111\u1ed3 \u0111\u1ea1c.<\/p>\n<h3 data-path-to-node=\"10\">L\u01b0u tr\u1eef \u0111\u1ed3 d\u00f9ng c\u00e1 nh\u00e2n g\u1ecdn g\u00e0ng<\/h3>\n<p data-path-to-node=\"11\">B\u1ea1n c\u00f3 th\u1ec3 s\u1eed d\u1ee5ng c\u00e1c h\u1ed9c k\u00e9o n\u00e0y \u0111\u1ec3 \u0111\u1ef1ng ch\u0103n ga, g\u1ed1i d\u1ef1 ph\u00f2ng, qu\u1ea7n \u00e1o tr\u00e1i m\u00f9a ho\u1eb7c th\u1eadm ch\u00ed l\u00e0 s\u00e1ch v\u1edf v\u00e0 ph\u1ee5 ki\u1ec7n c\u00e1 nh\u00e2n. Vi\u1ec7c n\u00e0y gi\u00fap c\u0103n ph\u00f2ng lu\u00f4n s\u1ea1ch s\u1ebd, ng\u0103n n\u1eafp m\u00e0 kh\u00f4ng c\u1ea7n ph\u1ea3i mua th\u00eam qu\u00e1 nhi\u1ec1u t\u1ee7 k\u1ec7 c\u1ed3ng k\u1ec1nh.<\/p>\n<h3 data-path-to-node=\"12\">C\u01a1 ch\u1ebf v\u1eadn h\u00e0nh \u00eam \u00e1i<\/h3>\n<p data-path-to-node=\"13\">C\u00e1c h\u1ed9c k\u00e9o th\u01b0\u1eddng \u0111\u01b0\u1ee3c trang b\u1ecb h\u1ec7 th\u1ed1ng ray tr\u01b0\u1ee3t ho\u1eb7c b\u00e1nh xe gi\u1ea3m ch\u1ea5n, gi\u00fap vi\u1ec7c \u0111\u00f3ng m\u1edf tr\u1edf n\u00ean nh\u1eb9 nh\u00e0ng, kh\u00f4ng g\u00e2y ti\u1ebfng \u0111\u1ed9ng \u1ea3nh h\u01b0\u1edfng \u0111\u1ebfn ng\u01b0\u1eddi b\u00ean c\u1ea1nh.<\/p>\n<h2 data-path-to-node=\"14\"><strong>2. Ch\u1ea5t li\u1ec7u b\u1ecdc n\u1ec9 cao c\u1ea5p v\u00e0 phong c\u00e1ch hi\u1ec7n \u0111\u1ea1i<\/strong><\/h2>\n<p data-path-to-node=\"15\">Kh\u00e1c v\u1edbi c\u00e1c d\u00f2ng gi\u01b0\u1eddng g\u1ed7 truy\u1ec1n th\u1ed1ng, m\u1eabu gi\u01b0\u1eddng n\u00e0y \u0111\u01b0\u1ee3c bao ph\u1ee7 to\u00e0n b\u1ed9 b\u1edfi l\u1edbp n\u1ec9 m\u1ec1m m\u1ea1i v\u1edbi t\u00f4ng m\u00e0u x\u00e1m trung t\u00ednh (Light Grey), mang l\u1ea1i c\u1ea3m gi\u00e1c c\u1ef1c k\u1ef3 sang tr\u1ecdng v\u00e0 \u1ea5m c\u00fang.<\/p>\n<h3 data-path-to-node=\"16\">\u0110\u1ea7u gi\u01b0\u1eddng thi\u1ebft k\u1ebf s\u1ecdc \u0111\u1ee9ng tinh t\u1ebf<\/h3>\n<p data-path-to-node=\"17\">Ph\u1ea7n \u0111\u1ea7u gi\u01b0\u1eddng v\u00e0 \u0111u\u00f4i gi\u01b0\u1eddng \u0111\u01b0\u1ee3c t\u1ea1o \u0111i\u1ec3m nh\u1ea5n b\u1eb1ng c\u00e1c \u0111\u01b0\u1eddng ch\u1ea7n s\u1ecdc \u0111\u1ee9ng \u0111\u1ec1u \u0111\u1eb7n. Chi ti\u1ebft n\u00e0y kh\u00f4ng ch\u1ec9 t\u0103ng t\u00ednh th\u1ea9m m\u1ef9 m\u00e0 c\u00f2n t\u1ea1o hi\u1ec7u \u1ee9ng &#8220;k\u00e9o d\u00e0i&#8221; chi\u1ec1u cao, gi\u00fap kh\u00f4ng gian ph\u00f2ng ng\u1ee7 tr\u00f4ng cao r\u00e1o v\u00e0 tho\u00e1ng \u0111\u00e3ng h\u01a1n.<\/p>\n<h3 data-path-to-node=\"18\">S\u1ef1 tho\u1ea3i m\u00e1i tuy\u1ec7t \u0111\u1ed1i khi s\u1eed d\u1ee5ng<\/h3>\n<p data-path-to-node=\"19\">L\u1edbp \u0111\u1ec7m b\u1ecdc xung quanh khung gi\u01b0\u1eddng gi\u00fap gi\u1ea3m thi\u1ec3u va ch\u1ea1m \u0111au \u0111\u1edbn khi v\u00f4 t\u00ecnh \u0111\u1ee5ng ph\u1ea3i g\u00f3c gi\u01b0\u1eddng \u2013 m\u1ed9t \u01b0u \u0111i\u1ec3m l\u1edbn \u0111\u1ed1i v\u1edbi c\u00e1c gia \u0111\u00ecnh c\u00f3 tr\u1ebb nh\u1ecf \u0111ang trong \u0111\u1ed9 tu\u1ed5i t\u1eadp \u0111i.<\/p>\n<h2 data-path-to-node=\"20\"><strong>3. T\u1ea1i sao gi\u01b0\u1eddng c\u00f3 h\u1ed9c k\u00e9o l\u00e0 xu h\u01b0\u1edbng n\u1ed9i th\u1ea5t 2026?<\/strong><\/h2>\n<p data-path-to-node=\"21\">Xu h\u01b0\u1edbng s\u1ed1ng t\u1ed1i gi\u1ea3n (Minimalism) \u0111ang ng\u00e0y c\u00e0ng ph\u1ed5 bi\u1ebfn. M\u1ed9t chi\u1ebfc gi\u01b0\u1eddng \u0111a n\u0103ng (All-in-one) v\u1eeba \u0111\u1ec3 ng\u1ee7, v\u1eeba \u0111\u1ec3 ch\u1ee9a \u0111\u1ed3 l\u00e0 l\u1ef1a ch\u1ecdn kh\u00f4ng th\u1ec3 b\u1ecf qua cho ng\u01b0\u1eddi d\u00f9ng hi\u1ec7n \u0111\u1ea1i.<\/p>\n<h3 data-path-to-node=\"22\">Ti\u1ebft ki\u1ec7m chi ph\u00ed mua s\u1eafm<\/h3>\n<p data-path-to-node=\"23\">Thay v\u00ec ph\u1ea3i mua m\u1ed9t chi\u1ebfc gi\u01b0\u1eddng th\u00f4ng th\u01b0\u1eddng v\u00e0 m\u1ed9t chi\u1ebfc t\u1ee7 ch\u1ee9a \u0111\u1ed3 ri\u00eang bi\u1ec7t, b\u1ea1n ch\u1ec9 c\u1ea7n \u0111\u1ea7u t\u01b0 v\u00e0o m\u1ed9t m\u1eabu gi\u01b0\u1eddng t\u00edch h\u1ee3p. \u0110i\u1ec1u n\u00e0y gi\u00fap ti\u1ebft ki\u1ec7m m\u1ed9t kho\u1ea3n chi ph\u00ed \u0111\u00e1ng k\u1ec3 v\u00e0 gi\u1ea3i ph\u00f3ng di\u1ec7n t\u00edch s\u00e0n nh\u00e0.<\/p>\n<h3 data-path-to-node=\"24\">\u0110\u1ed9 b\u1ec1n v\u00e0 t\u00ednh th\u1ea9m m\u1ef9 cao<\/h3>\n<p data-path-to-node=\"25\">M\u1eabu gi\u01b0\u1eddng trong \u1ea3nh s\u1eed d\u1ee5ng khung x\u01b0\u01a1ng ch\u1eafc ch\u1eafn, k\u1ebft h\u1ee3p v\u1edbi v\u1ea3i b\u1ecdc cao c\u1ea5p ch\u1ed1ng b\u00e1m b\u1ee5i v\u00e0 d\u1ec5 d\u00e0ng v\u1ec7 sinh. \u0110\u00e2y l\u00e0 m\u00f3n n\u1ed9i th\u1ea5t x\u1ee9ng \u0111\u00e1ng c\u00f3 m\u1eb7t trong ph\u00f2ng ng\u1ee7 c\u1ee7a b\u1ea5t k\u1ef3 ai y\u00eau th\u00edch s\u1ef1 ng\u0103n n\u1eafp v\u00e0 hi\u1ec7n \u0111\u1ea1i.<\/p>\n","protected":false},"excerpt":{"rendered":"<h3 data-path-to-node=\"8\"><strong>1. Thi\u1ebft k\u1ebf t\u00edch h\u1ee3p h\u1ed9c l\u01b0u tr\u1eef th\u00f4ng minh<\/strong><\/h3>\n<h3 data-path-to-node=\"10\">L\u01b0u tr\u1eef \u0111\u1ed3 d\u00f9ng c\u00e1 nh\u00e2n g\u1ecdn g\u00e0ng<\/h3>\n<h3 data-path-to-node=\"12\">C\u01a1 ch\u1ebf v\u1eadn h\u00e0nh \u00eam \u00e1i<\/h3>\n<h3 data-path-to-node=\"14\"><strong>2. Ch\u1ea5t li\u1ec7u b\u1ecdc n\u1ec9 cao c\u1ea5p v\u00e0 phong c\u00e1ch hi\u1ec7n \u0111\u1ea1i<\/strong><\/h3>\n<h3 data-path-to-node=\"16\">\u0110\u1ea7u gi\u01b0\u1eddng thi\u1ebft k\u1ebf s\u1ecdc \u0111\u1ee9ng tinh t\u1ebf<\/h3>\n<h3 data-path-to-node=\"18\">S\u1ef1 tho\u1ea3i m\u00e1i tuy\u1ec7t \u0111\u1ed1i khi s\u1eed d\u1ee5ng<\/h3>\n<p>&nbsp;<\/p>\n<p>&nbsp;<\/p>\n","protected":false},"featured_media":155,"comment_status":"open","ping_status":"closed","template":"","meta":[],"product_brand":[],"product_cat":[37,39],"product_tag":[],"class_list":{"0":"post-153","1":"product","2":"type-product","3":"status-publish","4":"has-post-thumbnail","6":"product_cat-giuong","7":"product_cat-san-pham","9":"first","10":"instock","11":"shipping-taxable","12":"purchasable","13":"product-type-variable"},"yoast_head":"<!-- This site is optimized with the Yoast SEO plugin v27.4 - https:\/\/yoast.com\/product\/yoast-seo-wordpress\/ -->\n<title>Gi\u01b0\u1eddng Jose H\u1ed9c K\u00e9o V\u1ea3i Stone 015-1A-NoiThatNhaDep - noithatnhadep<\/title>\n<meta name=\"description\" content=\"Gi\u01b0\u1eddng Jose H\u1ed9c K\u00e9o V\u1ea3i Stone 015-1A-NoiThatNhaDep. M\u1eabu gi\u01b0\u1eddng ng\u1ee7 c\u00f3 h\u1ed9c k\u00e9o b\u1ecdc n\u1ec9 cao c\u1ea5p d\u01b0\u1edbi \u0111\u00e2y kh\u00f4ng ch\u1ec9 mang l\u1ea1i gi\u1ea5c ng\u1ee7 ngon m\u00e0 c\u00f2n l\u00e0 m\u1ed9t &quot;kho l\u01b0u tr\u1eef&quot; b\u00ed m\u1eadt c\u1ee7a b\u1ea1n.\" \/>\n<meta name=\"robots\" content=\"index, follow, max-snippet:-1, max-image-preview:large, max-video-preview:-1\" \/>\n<link rel=\"canonical\" href=\"https:\/\/noithatnhadep.azdigi.shop\/index.php\/san-pham\/giuong-jose-hoc-keo-vai-stone-015-1a-noithatnhadep\/\" \/>\n<meta property=\"og:locale\" content=\"vi_VN\" \/>\n<meta property=\"og:type\" content=\"article\" \/>\n<meta property=\"og:title\" content=\"Gi\u01b0\u1eddng Jose H\u1ed9c K\u00e9o V\u1ea3i Stone 015-1A-NoiThatNhaDep - noithatnhadep\" \/>\n<meta property=\"og:description\" content=\"Gi\u01b0\u1eddng Jose H\u1ed9c K\u00e9o V\u1ea3i Stone 015-1A-NoiThatNhaDep. M\u1eabu gi\u01b0\u1eddng ng\u1ee7 c\u00f3 h\u1ed9c k\u00e9o b\u1ecdc n\u1ec9 cao c\u1ea5p d\u01b0\u1edbi \u0111\u00e2y kh\u00f4ng ch\u1ec9 mang l\u1ea1i gi\u1ea5c ng\u1ee7 ngon m\u00e0 c\u00f2n l\u00e0 m\u1ed9t &quot;kho l\u01b0u tr\u1eef&quot; b\u00ed m\u1eadt c\u1ee7a b\u1ea1n.\" \/>\n<meta property=\"og:url\" content=\"https:\/\/noithatnhadep.azdigi.shop\/index.php\/san-pham\/giuong-jose-hoc-keo-vai-stone-015-1a-noithatnhadep\/\" \/>\n<meta property=\"og:site_name\" content=\"noithatnhadep\" \/>\n<meta property=\"article:modified_time\" content=\"2026-04-29T01:09:33+00:00\" \/>\n<meta property=\"og:image\" content=\"https:\/\/noithatnhadep.azdigi.shop\/wp-content\/uploads\/2026\/04\/Giuong-hoc-keo-storn.jpg\" \/>\n\t<meta property=\"og:image:width\" content=\"1000\" \/>\n\t<meta property=\"og:image:height\" content=\"666\" \/>\n\t<meta property=\"og:image:type\" content=\"image\/jpeg\" \/>\n<meta name=\"twitter:card\" content=\"summary_large_image\" \/>\n<meta name=\"twitter:label1\" content=\"\u01af\u1edbc t\u00ednh th\u1eddi gian \u0111\u1ecdc\" \/>\n\t<meta name=\"twitter:data1\" content=\"4 ph\u00fat\" \/>\n<script type=\"application\/ld+json\" class=\"yoast-schema-graph\">{\"@context\":\"https:\\\/\\\/schema.org\",\"@graph\":[{\"@type\":\"WebPage\",\"@id\":\"https:\\\/\\\/noithatnhadep.azdigi.shop\\\/index.php\\\/san-pham\\\/giuong-jose-hoc-keo-vai-stone-015-1a-noithatnhadep\\\/\",\"url\":\"https:\\\/\\\/noithatnhadep.azdigi.shop\\\/index.php\\\/san-pham\\\/giuong-jose-hoc-keo-vai-stone-015-1a-noithatnhadep\\\/\",\"name\":\"Gi\u01b0\u1eddng Jose H\u1ed9c K\u00e9o V\u1ea3i Stone 015-1A-NoiThatNhaDep - noithatnhadep\",\"isPartOf\":{\"@id\":\"https:\\\/\\\/noithatnhadep.azdigi.shop\\\/#website\"},\"primaryImageOfPage\":{\"@id\":\"https:\\\/\\\/noithatnhadep.azdigi.shop\\\/index.php\\\/san-pham\\\/giuong-jose-hoc-keo-vai-stone-015-1a-noithatnhadep\\\/#primaryimage\"},\"image\":{\"@id\":\"https:\\\/\\\/noithatnhadep.azdigi.shop\\\/index.php\\\/san-pham\\\/giuong-jose-hoc-keo-vai-stone-015-1a-noithatnhadep\\\/#primaryimage\"},\"thumbnailUrl\":\"https:\\\/\\\/noithatnhadep.azdigi.shop\\\/wp-content\\\/uploads\\\/2026\\\/04\\\/Giuong-hoc-keo-storn.jpg\",\"datePublished\":\"2026-04-28T12:35:15+00:00\",\"dateModified\":\"2026-04-29T01:09:33+00:00\",\"description\":\"Gi\u01b0\u1eddng Jose H\u1ed9c K\u00e9o V\u1ea3i Stone 015-1A-NoiThatNhaDep. M\u1eabu gi\u01b0\u1eddng ng\u1ee7 c\u00f3 h\u1ed9c k\u00e9o b\u1ecdc n\u1ec9 cao c\u1ea5p d\u01b0\u1edbi \u0111\u00e2y kh\u00f4ng ch\u1ec9 mang l\u1ea1i gi\u1ea5c ng\u1ee7 ngon m\u00e0 c\u00f2n l\u00e0 m\u1ed9t \\\"kho l\u01b0u tr\u1eef\\\" b\u00ed m\u1eadt c\u1ee7a b\u1ea1n.\",\"breadcrumb\":{\"@id\":\"https:\\\/\\\/noithatnhadep.azdigi.shop\\\/index.php\\\/san-pham\\\/giuong-jose-hoc-keo-vai-stone-015-1a-noithatnhadep\\\/#breadcrumb\"},\"inLanguage\":\"vi\",\"potentialAction\":[{\"@type\":\"ReadAction\",\"target\":[\"https:\\\/\\\/noithatnhadep.azdigi.shop\\\/index.php\\\/san-pham\\\/giuong-jose-hoc-keo-vai-stone-015-1a-noithatnhadep\\\/\"]}]},{\"@type\":\"ImageObject\",\"inLanguage\":\"vi\",\"@id\":\"https:\\\/\\\/noithatnhadep.azdigi.shop\\\/index.php\\\/san-pham\\\/giuong-jose-hoc-keo-vai-stone-015-1a-noithatnhadep\\\/#primaryimage\",\"url\":\"https:\\\/\\\/noithatnhadep.azdigi.shop\\\/wp-content\\\/uploads\\\/2026\\\/04\\\/Giuong-hoc-keo-storn.jpg\",\"contentUrl\":\"https:\\\/\\\/noithatnhadep.azdigi.shop\\\/wp-content\\\/uploads\\\/2026\\\/04\\\/Giuong-hoc-keo-storn.jpg\",\"width\":1000,\"height\":666,\"caption\":\"Gi\u01b0\u1eddng Jose H\u1ed9c K\u00e9o V\u1ea3i Stone 015-1A-NoiThatNhaDep\"},{\"@type\":\"BreadcrumbList\",\"@id\":\"https:\\\/\\\/noithatnhadep.azdigi.shop\\\/index.php\\\/san-pham\\\/giuong-jose-hoc-keo-vai-stone-015-1a-noithatnhadep\\\/#breadcrumb\",\"itemListElement\":[{\"@type\":\"ListItem\",\"position\":1,\"name\":\"Trang ch\u1ee7\",\"item\":\"https:\\\/\\\/noithatnhadep.azdigi.shop\\\/\"},{\"@type\":\"ListItem\",\"position\":2,\"name\":\"C\u1eeda h\u00e0ng\",\"item\":\"https:\\\/\\\/noithatnhadep.azdigi.shop\\\/index.php\\\/cua-hang\\\/\"},{\"@type\":\"ListItem\",\"position\":3,\"name\":\"Gi\u01b0\u1eddng Jose H\u1ed9c K\u00e9o V\u1ea3i Stone 015-1A-NoiThatNhaDep\"}]},{\"@type\":\"WebSite\",\"@id\":\"https:\\\/\\\/noithatnhadep.azdigi.shop\\\/#website\",\"url\":\"https:\\\/\\\/noithatnhadep.azdigi.shop\\\/\",\"name\":\"noithatnhadep\",\"description\":\"\",\"potentialAction\":[{\"@type\":\"SearchAction\",\"target\":{\"@type\":\"EntryPoint\",\"urlTemplate\":\"https:\\\/\\\/noithatnhadep.azdigi.shop\\\/?s={search_term_string}\"},\"query-input\":{\"@type\":\"PropertyValueSpecification\",\"valueRequired\":true,\"valueName\":\"search_term_string\"}}],\"inLanguage\":\"vi\"}]}<\/script>\n<!-- \/ Yoast SEO plugin. -->","yoast_head_json":{"title":"Gi\u01b0\u1eddng Jose H\u1ed9c K\u00e9o V\u1ea3i Stone 015-1A-NoiThatNhaDep - noithatnhadep","description":"Gi\u01b0\u1eddng Jose H\u1ed9c K\u00e9o V\u1ea3i Stone 015-1A-NoiThatNhaDep. M\u1eabu gi\u01b0\u1eddng ng\u1ee7 c\u00f3 h\u1ed9c k\u00e9o b\u1ecdc n\u1ec9 cao c\u1ea5p d\u01b0\u1edbi \u0111\u00e2y kh\u00f4ng ch\u1ec9 mang l\u1ea1i gi\u1ea5c ng\u1ee7 ngon m\u00e0 c\u00f2n l\u00e0 m\u1ed9t \"kho l\u01b0u tr\u1eef\" b\u00ed m\u1eadt c\u1ee7a b\u1ea1n.","robots":{"index":"index","follow":"follow","max-snippet":"max-snippet:-1","max-image-preview":"max-image-preview:large","max-video-preview":"max-video-preview:-1"},"canonical":"https:\/\/noithatnhadep.azdigi.shop\/index.php\/san-pham\/giuong-jose-hoc-keo-vai-stone-015-1a-noithatnhadep\/","og_locale":"vi_VN","og_type":"article","og_title":"Gi\u01b0\u1eddng Jose H\u1ed9c K\u00e9o V\u1ea3i Stone 015-1A-NoiThatNhaDep - noithatnhadep","og_description":"Gi\u01b0\u1eddng Jose H\u1ed9c K\u00e9o V\u1ea3i Stone 015-1A-NoiThatNhaDep. M\u1eabu gi\u01b0\u1eddng ng\u1ee7 c\u00f3 h\u1ed9c k\u00e9o b\u1ecdc n\u1ec9 cao c\u1ea5p d\u01b0\u1edbi \u0111\u00e2y kh\u00f4ng ch\u1ec9 mang l\u1ea1i gi\u1ea5c ng\u1ee7 ngon m\u00e0 c\u00f2n l\u00e0 m\u1ed9t \"kho l\u01b0u tr\u1eef\" b\u00ed m\u1eadt c\u1ee7a b\u1ea1n.","og_url":"https:\/\/noithatnhadep.azdigi.shop\/index.php\/san-pham\/giuong-jose-hoc-keo-vai-stone-015-1a-noithatnhadep\/","og_site_name":"noithatnhadep","article_modified_time":"2026-04-29T01:09:33+00:00","og_image":[{"width":1000,"height":666,"url":"https:\/\/noithatnhadep.azdigi.shop\/wp-content\/uploads\/2026\/04\/Giuong-hoc-keo-storn.jpg","type":"image\/jpeg"}],"twitter_card":"summary_large_image","twitter_misc":{"\u01af\u1edbc t\u00ednh th\u1eddi gian \u0111\u1ecdc":"4 ph\u00fat"},"schema":{"@context":"https:\/\/schema.org","@graph":[{"@type":"WebPage","@id":"https:\/\/noithatnhadep.azdigi.shop\/index.php\/san-pham\/giuong-jose-hoc-keo-vai-stone-015-1a-noithatnhadep\/","url":"https:\/\/noithatnhadep.azdigi.shop\/index.php\/san-pham\/giuong-jose-hoc-keo-vai-stone-015-1a-noithatnhadep\/","name":"Gi\u01b0\u1eddng Jose H\u1ed9c K\u00e9o V\u1ea3i Stone 015-1A-NoiThatNhaDep - noithatnhadep","isPartOf":{"@id":"https:\/\/noithatnhadep.azdigi.shop\/#website"},"primaryImageOfPage":{"@id":"https:\/\/noithatnhadep.azdigi.shop\/index.php\/san-pham\/giuong-jose-hoc-keo-vai-stone-015-1a-noithatnhadep\/#primaryimage"},"image":{"@id":"https:\/\/noithatnhadep.azdigi.shop\/index.php\/san-pham\/giuong-jose-hoc-keo-vai-stone-015-1a-noithatnhadep\/#primaryimage"},"thumbnailUrl":"https:\/\/noithatnhadep.azdigi.shop\/wp-content\/uploads\/2026\/04\/Giuong-hoc-keo-storn.jpg","datePublished":"2026-04-28T12:35:15+00:00","dateModified":"2026-04-29T01:09:33+00:00","description":"Gi\u01b0\u1eddng Jose H\u1ed9c K\u00e9o V\u1ea3i Stone 015-1A-NoiThatNhaDep. M\u1eabu gi\u01b0\u1eddng ng\u1ee7 c\u00f3 h\u1ed9c k\u00e9o b\u1ecdc n\u1ec9 cao c\u1ea5p d\u01b0\u1edbi \u0111\u00e2y kh\u00f4ng ch\u1ec9 mang l\u1ea1i gi\u1ea5c ng\u1ee7 ngon m\u00e0 c\u00f2n l\u00e0 m\u1ed9t \"kho l\u01b0u tr\u1eef\" b\u00ed m\u1eadt c\u1ee7a b\u1ea1n.","breadcrumb":{"@id":"https:\/\/noithatnhadep.azdigi.shop\/index.php\/san-pham\/giuong-jose-hoc-keo-vai-stone-015-1a-noithatnhadep\/#breadcrumb"},"inLanguage":"vi","potentialAction":[{"@type":"ReadAction","target":["https:\/\/noithatnhadep.azdigi.shop\/index.php\/san-pham\/giuong-jose-hoc-keo-vai-stone-015-1a-noithatnhadep\/"]}]},{"@type":"ImageObject","inLanguage":"vi","@id":"https:\/\/noithatnhadep.azdigi.shop\/index.php\/san-pham\/giuong-jose-hoc-keo-vai-stone-015-1a-noithatnhadep\/#primaryimage","url":"https:\/\/noithatnhadep.azdigi.shop\/wp-content\/uploads\/2026\/04\/Giuong-hoc-keo-storn.jpg","contentUrl":"https:\/\/noithatnhadep.azdigi.shop\/wp-content\/uploads\/2026\/04\/Giuong-hoc-keo-storn.jpg","width":1000,"height":666,"caption":"Gi\u01b0\u1eddng Jose H\u1ed9c K\u00e9o V\u1ea3i Stone 015-1A-NoiThatNhaDep"},{"@type":"BreadcrumbList","@id":"https:\/\/noithatnhadep.azdigi.shop\/index.php\/san-pham\/giuong-jose-hoc-keo-vai-stone-015-1a-noithatnhadep\/#breadcrumb","itemListElement":[{"@type":"ListItem","position":1,"name":"Trang ch\u1ee7","item":"https:\/\/noithatnhadep.azdigi.shop\/"},{"@type":"ListItem","position":2,"name":"C\u1eeda h\u00e0ng","item":"https:\/\/noithatnhadep.azdigi.shop\/index.php\/cua-hang\/"},{"@type":"ListItem","position":3,"name":"Gi\u01b0\u1eddng Jose H\u1ed9c K\u00e9o V\u1ea3i Stone 015-1A-NoiThatNhaDep"}]},{"@type":"WebSite","@id":"https:\/\/noithatnhadep.azdigi.shop\/#website","url":"https:\/\/noithatnhadep.azdigi.shop\/","name":"noithatnhadep","description":"","potentialAction":[{"@type":"SearchAction","target":{"@type":"EntryPoint","urlTemplate":"https:\/\/noithatnhadep.azdigi.shop\/?s={search_term_string}"},"query-input":{"@type":"PropertyValueSpecification","valueRequired":true,"valueName":"search_term_string"}}],"inLanguage":"vi"}]}},"_links":{"self":[{"href":"https:\/\/noithatnhadep.azdigi.shop\/index.php\/wp-json\/wp\/v2\/product\/153","targetHints":{"allow":["GET"]}}],"collection":[{"href":"https:\/\/noithatnhadep.azdigi.shop\/index.php\/wp-json\/wp\/v2\/product"}],"about":[{"href":"https:\/\/noithatnhadep.azdigi.shop\/index.php\/wp-json\/wp\/v2\/types\/product"}],"replies":[{"embeddable":true,"href":"https:\/\/noithatnhadep.azdigi.shop\/index.php\/wp-json\/wp\/v2\/comments?post=153"}],"wp:featuredmedia":[{"embeddable":true,"href":"https:\/\/noithatnhadep.azdigi.shop\/index.php\/wp-json\/wp\/v2\/media\/155"}],"wp:attachment":[{"href":"https:\/\/noithatnhadep.azdigi.shop\/index.php\/wp-json\/wp\/v2\/media?parent=153"}],"wp:term":[{"taxonomy":"product_brand","embeddable":true,"href":"https:\/\/noithatnhadep.azdigi.shop\/index.php\/wp-json\/wp\/v2\/product_brand?post=153"},{"taxonomy":"product_cat","embeddable":true,"href":"https:\/\/noithatnhadep.azdigi.shop\/index.php\/wp-json\/wp\/v2\/product_cat?post=153"},{"taxonomy":"product_tag","embeddable":true,"href":"https:\/\/noithatnhadep.azdigi.shop\/index.php\/wp-json\/wp\/v2\/product_tag?post=153"}],"curies":[{"name":"wp","href":"https:\/\/api.w.org\/{rel}","templated":true}]}}