{"id":102,"date":"2026-04-28T10:32:40","date_gmt":"2026-04-28T10:32:40","guid":{"rendered":"https:\/\/noithatnhadep.azdigi.shop\/?post_type=product&#038;p=102"},"modified":"2026-04-30T01:09:32","modified_gmt":"2026-04-30T01:09:32","slug":"ban-nuoc-hung-king","status":"publish","type":"product","link":"https:\/\/noithatnhadep.azdigi.shop\/index.php\/san-pham\/ban-nuoc-hung-king\/","title":{"rendered":"B\u00e0n N\u01b0\u1edbc H\u00f9ng King"},"content":{"rendered":"<h1 style=\"text-align: center;\"><strong><span style=\"font-size: 25.92px; color: #333333;\">B\u00e0n N\u01b0\u1edbc H\u00f9ng King<\/span><\/strong><\/h1>\n<section class=\"text-token-text-primary w-full focus:outline-none [--shadow-height:45px] has-data-writing-block:pointer-events-none has-data-writing-block:-mt-(--shadow-height) has-data-writing-block:pt-(--shadow-height) [&amp;:has([data-writing-block])&gt;*]:pointer-events-auto [content-visibility:auto] supports-[content-visibility:auto]:[contain-intrinsic-size:auto_100lvh] R6Vx5W_threadScrollVars scroll-mb-[calc(var(--scroll-root-safe-area-inset-bottom,0px)+var(--thread-response-height))] scroll-mt-[calc(var(--header-height)+min(200px,max(70px,20svh)))]\" dir=\"auto\" data-turn-id=\"request-WEB:f5eccf8b-4fe3-43c9-b717-d2577a8951f5-0\" data-testid=\"conversation-turn-2\" data-scroll-anchor=\"false\" data-turn=\"assistant\">\n<div class=\"text-base my-auto mx-auto pb-10 [--thread-content-margin:var(--thread-content-margin-xs,calc(var(--spacing)*4))] @w-sm\/main:[--thread-content-margin:var(--thread-content-margin-sm,calc(var(--spacing)*6))] @w-lg\/main:[--thread-content-margin:var(--thread-content-margin-lg,calc(var(--spacing)*16))] px-(--thread-content-margin)\">\n<div class=\"[--thread-content-max-width:40rem] @w-lg\/main:[--thread-content-max-width:48rem] mx-auto max-w-(--thread-content-max-width) flex-1 group\/turn-messages focus-visible:outline-hidden relative flex w-full min-w-0 flex-col agent-turn\">\n<div class=\"flex max-w-full flex-col gap-4 grow\">\n<div class=\"min-h-8 text-message relative flex w-full flex-col items-end gap-2 text-start break-words whitespace-normal outline-none keyboard-focused:focus-ring [.text-message+&amp;]:mt-1\" dir=\"auto\" tabindex=\"0\" data-message-author-role=\"assistant\" data-message-id=\"872c474a-ae47-4a19-8cd7-822d2aa4977b\" data-message-model-slug=\"gpt-5-3\" data-turn-start-message=\"true\">\n<div class=\"flex w-full flex-col gap-1 empty:hidden\">\n<div class=\"markdown prose dark:prose-invert w-full wrap-break-word light markdown-new-styling\">\n<h4 data-start=\"0\" data-end=\"819\"><strong>M\u00f4 t\u1ea3<\/strong><\/h4>\n<p data-start=\"0\" data-end=\"819\" data-is-last-node=\"\" data-is-only-node=\"\">B\u00e0n N\u01b0\u1edbc H\u00f9ng King l\u00e0 s\u1ea3n ph\u1ea9m n\u1ed9i th\u1ea5t mang \u0111\u1eadm phong c\u00e1ch hi\u1ec7n \u0111\u1ea1i, tinh t\u1ebf v\u00e0 \u0111\u1ea7y t\u00ednh \u1ee9ng d\u1ee5ng trong kh\u00f4ng gian s\u1ed1ng. V\u1edbi thi\u1ebft k\u1ebf t\u1ed1i gi\u1ea3n nh\u01b0ng kh\u00f4ng k\u00e9m ph\u1ea7n sang tr\u1ecdng, chi\u1ebfc b\u00e0n n\u01b0\u1edbc n\u00e0y d\u1ec5 d\u00e0ng h\u00f2a h\u1ee3p v\u1edbi nhi\u1ec1u ki\u1ec3u ph\u00f2ng kh\u00e1ch kh\u00e1c nhau, t\u1eeb c\u1ed5 \u0111i\u1ec3n \u0111\u1ebfn hi\u1ec7n \u0111\u1ea1i. Ch\u1ea5t li\u1ec7u \u0111\u01b0\u1ee3c l\u1ef1a ch\u1ecdn k\u1ef9 l\u01b0\u1ee1ng, th\u01b0\u1eddng l\u00e0 g\u1ed7 cao c\u1ea5p k\u1ebft h\u1ee3p v\u1edbi m\u1eb7t k\u00ednh ho\u1eb7c \u0111\u00e1, gi\u00fap s\u1ea3n ph\u1ea9m kh\u00f4ng ch\u1ec9 b\u1ec1n b\u1ec9 theo th\u1eddi gian m\u00e0 c\u00f2n t\u1ea1o \u0111i\u1ec3m nh\u1ea5n th\u1ea9m m\u1ef9 n\u1ed5i b\u1eadt. C\u00e1c \u0111\u01b0\u1eddng n\u00e9t \u0111\u01b0\u1ee3c gia c\u00f4ng t\u1ec9 m\u1ec9, g\u00f3c c\u1ea1nh bo tr\u00f2n nh\u1eb9 nh\u00e0ng mang l\u1ea1i c\u1ea3m gi\u00e1c an to\u00e0n v\u00e0 thanh l\u1ecbch. Ngo\u00e0i c\u00f4ng n\u0103ng ch\u00ednh l\u00e0 \u0111\u1eb7t tr\u00e0, c\u00e0 ph\u00ea hay v\u1eadt d\u1ee5ng trang tr\u00ed, B\u00e0n N\u01b0\u1edbc H\u00f9ng King c\u00f2n g\u00f3p ph\u1ea7n th\u1ec3 hi\u1ec7n gu th\u1ea9m m\u1ef9 v\u00e0 phong c\u00e1ch s\u1ed1ng c\u1ee7a gia ch\u1ee7. \u0110\u00e2y kh\u00f4ng ch\u1ec9 l\u00e0 m\u1ed9t m\u00f3n \u0111\u1ed3 n\u1ed9i th\u1ea5t \u0111\u01a1n thu\u1ea7n m\u00e0 c\u00f2n l\u00e0 y\u1ebfu t\u1ed1 gi\u00fap kh\u00f4ng gian tr\u1edf n\u00ean \u1ea5m c\u00fang, ti\u1ec7n nghi v\u00e0 \u0111\u1eb3ng c\u1ea5p h\u01a1n.<\/p>\n<h4 data-start=\"0\" data-end=\"819\"><strong>B\u1ea3o h\u00e0nh<\/strong><\/h4>\n<p><img decoding=\"async\" src=\"https:\/\/nhaxinh.com\/image\/check.png\" \/> C\u00e1c s\u1ea3n ph\u1ea9m n\u1ed9i th\u1ea5t t\u1ea1i Homie \u0111a s\u1ed1 \u0111\u1ec1u \u0111\u01b0\u1ee3c s\u1ea3n xu\u1ea5t t\u1ea1i nh\u00e0 m\u00e1y c\u1ee7a c\u00f4ng ty c\u1ed5 ph\u1ea7n x\u00e2y d\u1ef1ng ki\u1ebfn tr\u00fac AA v\u1edbi \u0111\u1ed9i ng\u0169 nh\u00e2n vi\u00ean v\u00e0 c\u00f4ng nh\u00e2n \u01b0u t\u00fa c\u00f9ng c\u01a1 s\u1edf v\u1eadt ch\u1ea5t hi\u1ec7n \u0111\u1ea1i <a href=\"http:\/\/www.aacorporation.com\/\">(http:\/\/www.aacorporation.com\/)<\/a>. Nh\u00e0 Xinh \u0111\u00e3 ki\u1ec3m tra k\u1ef9 l\u01b0\u1ee1ng t\u1eeb ngu\u1ed3n nguy\u00ean li\u1ec7u cho \u0111\u1ebfn s\u1ea3n ph\u1ea9m ho\u00e0n thi\u1ec7n cu\u1ed1i c\u00f9ng.<\/p>\n<p><img decoding=\"async\" src=\"https:\/\/nhaxinh.com\/image\/check.png\" \/> Homie b\u1ea3o h\u00e0nh m\u1ed9t n\u0103m cho c\u00e1c tr\u01b0\u1eddng h\u1ee3p c\u00f3 l\u1ed7i v\u1ec1 k\u1ef9 thu\u1eadt trong qu\u00e1 tr\u00ecnh s\u1ea3n xu\u1ea5t hay l\u1eafp \u0111\u1eb7t.<\/p>\n<p><img decoding=\"async\" src=\"https:\/\/nhaxinh.com\/image\/check.png\" \/> Qu\u00fd kh\u00e1ch kh\u00f4ng n\u00ean t\u1ef1 s\u1eeda ch\u1eefa m\u00e0 h\u00e3y b\u00e1o ngay cho Homie<\/p>\n<p><img decoding=\"async\" src=\"https:\/\/nhaxinh.com\/image\/check.png\" \/>\u00a0Sau th\u1eddi gian h\u1ebft h\u1ea1n b\u1ea3o h\u00e0nh, n\u1ebfu qu\u00fd kh\u00e1ch c\u00f3 b\u1ea5t k\u1ef3 y\u00eau c\u1ea7u hay th\u1eafc m\u1eafc th\u00ec vui l\u00f2ng li\u00ean h\u1ec7 v\u1edbi Nh\u00e0 Xinh \u0111\u1ec3 \u0111\u01b0\u1ee3c h\u01b0\u1edbng d\u1eabn v\u00e0 gi\u1ea3i quy\u1ebft c\u00e1c v\u1ea5n \u0111\u1ec1 g\u1eb7p ph\u1ea3i.<\/p>\n<p><strong>TUY NHI\u00caN NH\u00c0 XINH KH\u00d4NG B\u1ea2O H\u00c0NH CHO C\u00c1C TR\u01af\u1edcNG H\u1ee2P SAU:<\/strong><\/p>\n<p><img decoding=\"async\" src=\"https:\/\/nhaxinh.com\/image\/check.png\" \/> Kh\u00e1ch h\u00e0ng t\u1ef1 \u00fd s\u1eeda ch\u1eefa khi s\u1ea3n ph\u1ea9m b\u1ecb tr\u1ee5c tr\u1eb7c m\u00e0 kh\u00f4ng b\u00e1o cho Homie.<\/p>\n<p><img decoding=\"async\" src=\"https:\/\/nhaxinh.com\/image\/check.png\" \/>\u00a0S\u1ea3n ph\u1ea9m \u0111\u01b0\u1ee3c s\u1eed d\u1ee5ng kh\u00f4ng \u0111\u00fang quy c\u00e1ch c\u1ee7a s\u1ed5 b\u1ea3o h\u00e0nh (\u0111\u01b0\u1ee3c trao g\u1eedi khi qu\u00fd kh\u00e1ch mua s\u1ea3n ph\u1ea9m) g\u00e2y n\u00ean tr\u1ea7y x\u01b0\u1edbc, m\u00f3p, d\u01a1 b\u1ea9n hay m\u1ea5t m\u00e0u.<\/p>\n<p><img decoding=\"async\" src=\"https:\/\/nhaxinh.com\/image\/check.png\" \/>\u00a0S\u1ea3n ph\u1ea9m b\u1ecb bi\u1ebfn d\u1ea1ng do m\u00f4i tr\u01b0\u1eddng b\u00ean ngo\u00e0i b\u1ea5t b\u00ecnh th\u01b0\u1eddng (qu\u00e1 \u1ea9m, qu\u00e1 kh\u00f4, m\u1ed1i hay do t\u00e1c \u0111\u1ed9ng t\u1eeb c\u00e1c thi\u1ebft b\u1ecb \u0111i\u1ec7n n\u01b0\u1edbc, c\u00e1c h\u00f3a ch\u1ea5t hay dung m\u00f4i kh\u00e1ch h\u00e0ng s\u1eed d\u1ee5ng kh\u00f4ng ph\u00f9 h\u1ee3p).<\/p>\n<p><img decoding=\"async\" src=\"https:\/\/nhaxinh.com\/image\/check.png\" \/>\u00a0S\u1ea3n ph\u1ea9m h\u1ebft h\u1ea1n b\u1ea3o h\u00e0nh.<\/p>\n<p><img decoding=\"async\" src=\"https:\/\/nhaxinh.com\/image\/check.png\" \/> S\u1ea3n ph\u1ea9m kh\u00f4ng c\u00f3 phi\u1ebfu b\u1ea3o h\u00e0nh c\u1ee7a Homie.<\/p>\n<h4 class=\"big_title_store\"><strong>GIAO H\u00c0NG T\u1eacN N\u01a0I<\/strong><\/h4>\n<div>\n<div>\n<p align=\"justify\">Nh\u00e0 Xinh cung c\u1ea5p d\u1ecbch v\u1ee5 giao h\u00e0ng t\u1eadn n\u01a1i, l\u1eafp r\u00e1p v\u00e0 s\u1eafp x\u1ebfp v\u1ecb tr\u00ed theo \u0111\u00fang \u00fd mu\u1ed1n c\u1ee7a qu\u00fd kh\u00e1ch:<\/p>\n<p align=\"justify\">&#8211; Ph\u00ed giao h\u00e0ng s\u1ebd \u0111\u01b0\u1ee3c ch\u00fang t\u00f4i b\u00e1o theo th\u1ef1c t\u1ebf.<\/p>\n<\/div>\n<\/div>\n<p>Xem ngay b\u1ed9 s\u01b0u t\u1eadp <a href=\"https:\/\/noithatnhadep.azdigi.shop\/index.php\/2026\/04\/28\/noi-that-hung-king\/\" target=\"_blank\" rel=\"noopener\">H\u00f9ng King\u00a0<\/a><\/p>\n<\/div>\n<\/div>\n<\/div>\n<\/div>\n<\/div>\n<\/div>\n<\/section>\n","protected":false},"excerpt":{"rendered":"<div class=\"nx-row\"><span class=\"nx-label\">K\u00edch th\u01b0\u1edbc:<\/span><span class=\"nx-value\">D1400 &#8211; R420 &#8211; C800 mm<\/span><\/div>\n<div>\n<div class=\"nx-row\"><span class=\"nx-label\">K\u00edch th\u01b0\u1edbc:<\/span><span class=\"nx-value\">D1150 &#8211; R650 &#8211; C420 mm<\/span><\/div>\n<\/div>\n<div class=\"nx-row\"><span class=\"nx-label\">Ch\u1ea5t li\u1ec7u:<\/span><span class=\"nx-value\">G\u1ed7 Beech, MDF Veneer beech, Tay n\u1eafm g\u1ed7 s\u01a1n m\u00e0u gold<\/span><\/div>\n<div>Copyright Nh\u00e0 Xinh.<\/div>\n","protected":false},"featured_media":109,"comment_status":"open","ping_status":"closed","template":"","meta":[],"product_brand":[],"product_cat":[31,39],"product_tag":[],"class_list":{"0":"post-102","1":"product","2":"type-product","3":"status-publish","4":"has-post-thumbnail","6":"product_cat-ban","7":"product_cat-san-pham","9":"first","10":"instock","11":"sale","12":"shipping-taxable","13":"purchasable","14":"product-type-variable"},"yoast_head":"<!-- This site is optimized with the Yoast SEO plugin v27.4 - https:\/\/yoast.com\/product\/yoast-seo-wordpress\/ -->\n<title>B\u00e0n N\u01b0\u1edbc H\u00f9ng King - noithatnhadep<\/title>\n<meta name=\"description\" content=\"B\u00e0n N\u01b0\u1edbc H\u00f9ng King l\u00e0 s\u1ea3n ph\u1ea9m n\u1ed9i th\u1ea5t mang \u0111\u1eadm phong c\u00e1ch hi\u1ec7n \u0111\u1ea1i, tinh t\u1ebf v\u00e0 \u0111\u1ea7y t\u00ednh \u1ee9ng d\u1ee5ng trong kh\u00f4ng gian s\u1ed1ng.\" \/>\n<meta name=\"robots\" content=\"index, follow, max-snippet:-1, max-image-preview:large, max-video-preview:-1\" \/>\n<link rel=\"canonical\" href=\"https:\/\/noithatnhadep.azdigi.shop\/index.php\/san-pham\/ban-nuoc-hung-king\/\" \/>\n<meta property=\"og:locale\" content=\"vi_VN\" \/>\n<meta property=\"og:type\" content=\"article\" \/>\n<meta property=\"og:title\" content=\"B\u00e0n N\u01b0\u1edbc H\u00f9ng King - noithatnhadep\" \/>\n<meta property=\"og:description\" content=\"B\u00e0n N\u01b0\u1edbc H\u00f9ng King l\u00e0 s\u1ea3n ph\u1ea9m n\u1ed9i th\u1ea5t mang \u0111\u1eadm phong c\u00e1ch hi\u1ec7n \u0111\u1ea1i, tinh t\u1ebf v\u00e0 \u0111\u1ea7y t\u00ednh \u1ee9ng d\u1ee5ng trong kh\u00f4ng gian s\u1ed1ng.\" \/>\n<meta property=\"og:url\" content=\"https:\/\/noithatnhadep.azdigi.shop\/index.php\/san-pham\/ban-nuoc-hung-king\/\" \/>\n<meta property=\"og:site_name\" content=\"noithatnhadep\" \/>\n<meta property=\"article:modified_time\" content=\"2026-04-30T01:09:32+00:00\" \/>\n<meta property=\"og:image\" content=\"https:\/\/noithatnhadep.azdigi.shop\/wp-content\/uploads\/2026\/04\/Screenshot-2026-04-28-165855.png\" \/>\n\t<meta property=\"og:image:width\" content=\"542\" \/>\n\t<meta property=\"og:image:height\" content=\"357\" \/>\n\t<meta property=\"og:image:type\" content=\"image\/png\" \/>\n<meta name=\"twitter:card\" content=\"summary_large_image\" \/>\n<meta name=\"twitter:label1\" content=\"\u01af\u1edbc t\u00ednh th\u1eddi gian \u0111\u1ecdc\" \/>\n\t<meta name=\"twitter:data1\" content=\"5 ph\u00fat\" \/>\n<script type=\"application\/ld+json\" class=\"yoast-schema-graph\">{\"@context\":\"https:\\\/\\\/schema.org\",\"@graph\":[{\"@type\":\"WebPage\",\"@id\":\"https:\\\/\\\/noithatnhadep.azdigi.shop\\\/index.php\\\/san-pham\\\/ban-nuoc-hung-king\\\/\",\"url\":\"https:\\\/\\\/noithatnhadep.azdigi.shop\\\/index.php\\\/san-pham\\\/ban-nuoc-hung-king\\\/\",\"name\":\"B\u00e0n N\u01b0\u1edbc H\u00f9ng King - noithatnhadep\",\"isPartOf\":{\"@id\":\"https:\\\/\\\/noithatnhadep.azdigi.shop\\\/#website\"},\"primaryImageOfPage\":{\"@id\":\"https:\\\/\\\/noithatnhadep.azdigi.shop\\\/index.php\\\/san-pham\\\/ban-nuoc-hung-king\\\/#primaryimage\"},\"image\":{\"@id\":\"https:\\\/\\\/noithatnhadep.azdigi.shop\\\/index.php\\\/san-pham\\\/ban-nuoc-hung-king\\\/#primaryimage\"},\"thumbnailUrl\":\"https:\\\/\\\/noithatnhadep.azdigi.shop\\\/wp-content\\\/uploads\\\/2026\\\/04\\\/Screenshot-2026-04-28-165855.png\",\"datePublished\":\"2026-04-28T10:32:40+00:00\",\"dateModified\":\"2026-04-30T01:09:32+00:00\",\"description\":\"B\u00e0n N\u01b0\u1edbc H\u00f9ng King l\u00e0 s\u1ea3n ph\u1ea9m n\u1ed9i th\u1ea5t mang \u0111\u1eadm phong c\u00e1ch hi\u1ec7n \u0111\u1ea1i, tinh t\u1ebf v\u00e0 \u0111\u1ea7y t\u00ednh \u1ee9ng d\u1ee5ng trong kh\u00f4ng gian s\u1ed1ng.\",\"breadcrumb\":{\"@id\":\"https:\\\/\\\/noithatnhadep.azdigi.shop\\\/index.php\\\/san-pham\\\/ban-nuoc-hung-king\\\/#breadcrumb\"},\"inLanguage\":\"vi\",\"potentialAction\":[{\"@type\":\"ReadAction\",\"target\":[\"https:\\\/\\\/noithatnhadep.azdigi.shop\\\/index.php\\\/san-pham\\\/ban-nuoc-hung-king\\\/\"]}]},{\"@type\":\"ImageObject\",\"inLanguage\":\"vi\",\"@id\":\"https:\\\/\\\/noithatnhadep.azdigi.shop\\\/index.php\\\/san-pham\\\/ban-nuoc-hung-king\\\/#primaryimage\",\"url\":\"https:\\\/\\\/noithatnhadep.azdigi.shop\\\/wp-content\\\/uploads\\\/2026\\\/04\\\/Screenshot-2026-04-28-165855.png\",\"contentUrl\":\"https:\\\/\\\/noithatnhadep.azdigi.shop\\\/wp-content\\\/uploads\\\/2026\\\/04\\\/Screenshot-2026-04-28-165855.png\",\"width\":542,\"height\":357},{\"@type\":\"BreadcrumbList\",\"@id\":\"https:\\\/\\\/noithatnhadep.azdigi.shop\\\/index.php\\\/san-pham\\\/ban-nuoc-hung-king\\\/#breadcrumb\",\"itemListElement\":[{\"@type\":\"ListItem\",\"position\":1,\"name\":\"Trang ch\u1ee7\",\"item\":\"https:\\\/\\\/noithatnhadep.azdigi.shop\\\/\"},{\"@type\":\"ListItem\",\"position\":2,\"name\":\"C\u1eeda h\u00e0ng\",\"item\":\"https:\\\/\\\/noithatnhadep.azdigi.shop\\\/index.php\\\/cua-hang\\\/\"},{\"@type\":\"ListItem\",\"position\":3,\"name\":\"B\u00e0n N\u01b0\u1edbc H\u00f9ng King\"}]},{\"@type\":\"WebSite\",\"@id\":\"https:\\\/\\\/noithatnhadep.azdigi.shop\\\/#website\",\"url\":\"https:\\\/\\\/noithatnhadep.azdigi.shop\\\/\",\"name\":\"noithatnhadep\",\"description\":\"\",\"potentialAction\":[{\"@type\":\"SearchAction\",\"target\":{\"@type\":\"EntryPoint\",\"urlTemplate\":\"https:\\\/\\\/noithatnhadep.azdigi.shop\\\/?s={search_term_string}\"},\"query-input\":{\"@type\":\"PropertyValueSpecification\",\"valueRequired\":true,\"valueName\":\"search_term_string\"}}],\"inLanguage\":\"vi\"}]}<\/script>\n<!-- \/ Yoast SEO plugin. -->","yoast_head_json":{"title":"B\u00e0n N\u01b0\u1edbc H\u00f9ng King - noithatnhadep","description":"B\u00e0n N\u01b0\u1edbc H\u00f9ng King l\u00e0 s\u1ea3n ph\u1ea9m n\u1ed9i th\u1ea5t mang \u0111\u1eadm phong c\u00e1ch hi\u1ec7n \u0111\u1ea1i, tinh t\u1ebf v\u00e0 \u0111\u1ea7y t\u00ednh \u1ee9ng d\u1ee5ng trong kh\u00f4ng gian s\u1ed1ng.","robots":{"index":"index","follow":"follow","max-snippet":"max-snippet:-1","max-image-preview":"max-image-preview:large","max-video-preview":"max-video-preview:-1"},"canonical":"https:\/\/noithatnhadep.azdigi.shop\/index.php\/san-pham\/ban-nuoc-hung-king\/","og_locale":"vi_VN","og_type":"article","og_title":"B\u00e0n N\u01b0\u1edbc H\u00f9ng King - noithatnhadep","og_description":"B\u00e0n N\u01b0\u1edbc H\u00f9ng King l\u00e0 s\u1ea3n ph\u1ea9m n\u1ed9i th\u1ea5t mang \u0111\u1eadm phong c\u00e1ch hi\u1ec7n \u0111\u1ea1i, tinh t\u1ebf v\u00e0 \u0111\u1ea7y t\u00ednh \u1ee9ng d\u1ee5ng trong kh\u00f4ng gian s\u1ed1ng.","og_url":"https:\/\/noithatnhadep.azdigi.shop\/index.php\/san-pham\/ban-nuoc-hung-king\/","og_site_name":"noithatnhadep","article_modified_time":"2026-04-30T01:09:32+00:00","og_image":[{"width":542,"height":357,"url":"https:\/\/noithatnhadep.azdigi.shop\/wp-content\/uploads\/2026\/04\/Screenshot-2026-04-28-165855.png","type":"image\/png"}],"twitter_card":"summary_large_image","twitter_misc":{"\u01af\u1edbc t\u00ednh th\u1eddi gian \u0111\u1ecdc":"5 ph\u00fat"},"schema":{"@context":"https:\/\/schema.org","@graph":[{"@type":"WebPage","@id":"https:\/\/noithatnhadep.azdigi.shop\/index.php\/san-pham\/ban-nuoc-hung-king\/","url":"https:\/\/noithatnhadep.azdigi.shop\/index.php\/san-pham\/ban-nuoc-hung-king\/","name":"B\u00e0n N\u01b0\u1edbc H\u00f9ng King - noithatnhadep","isPartOf":{"@id":"https:\/\/noithatnhadep.azdigi.shop\/#website"},"primaryImageOfPage":{"@id":"https:\/\/noithatnhadep.azdigi.shop\/index.php\/san-pham\/ban-nuoc-hung-king\/#primaryimage"},"image":{"@id":"https:\/\/noithatnhadep.azdigi.shop\/index.php\/san-pham\/ban-nuoc-hung-king\/#primaryimage"},"thumbnailUrl":"https:\/\/noithatnhadep.azdigi.shop\/wp-content\/uploads\/2026\/04\/Screenshot-2026-04-28-165855.png","datePublished":"2026-04-28T10:32:40+00:00","dateModified":"2026-04-30T01:09:32+00:00","description":"B\u00e0n N\u01b0\u1edbc H\u00f9ng King l\u00e0 s\u1ea3n ph\u1ea9m n\u1ed9i th\u1ea5t mang \u0111\u1eadm phong c\u00e1ch hi\u1ec7n \u0111\u1ea1i, tinh t\u1ebf v\u00e0 \u0111\u1ea7y t\u00ednh \u1ee9ng d\u1ee5ng trong kh\u00f4ng gian s\u1ed1ng.","breadcrumb":{"@id":"https:\/\/noithatnhadep.azdigi.shop\/index.php\/san-pham\/ban-nuoc-hung-king\/#breadcrumb"},"inLanguage":"vi","potentialAction":[{"@type":"ReadAction","target":["https:\/\/noithatnhadep.azdigi.shop\/index.php\/san-pham\/ban-nuoc-hung-king\/"]}]},{"@type":"ImageObject","inLanguage":"vi","@id":"https:\/\/noithatnhadep.azdigi.shop\/index.php\/san-pham\/ban-nuoc-hung-king\/#primaryimage","url":"https:\/\/noithatnhadep.azdigi.shop\/wp-content\/uploads\/2026\/04\/Screenshot-2026-04-28-165855.png","contentUrl":"https:\/\/noithatnhadep.azdigi.shop\/wp-content\/uploads\/2026\/04\/Screenshot-2026-04-28-165855.png","width":542,"height":357},{"@type":"BreadcrumbList","@id":"https:\/\/noithatnhadep.azdigi.shop\/index.php\/san-pham\/ban-nuoc-hung-king\/#breadcrumb","itemListElement":[{"@type":"ListItem","position":1,"name":"Trang ch\u1ee7","item":"https:\/\/noithatnhadep.azdigi.shop\/"},{"@type":"ListItem","position":2,"name":"C\u1eeda h\u00e0ng","item":"https:\/\/noithatnhadep.azdigi.shop\/index.php\/cua-hang\/"},{"@type":"ListItem","position":3,"name":"B\u00e0n N\u01b0\u1edbc H\u00f9ng King"}]},{"@type":"WebSite","@id":"https:\/\/noithatnhadep.azdigi.shop\/#website","url":"https:\/\/noithatnhadep.azdigi.shop\/","name":"noithatnhadep","description":"","potentialAction":[{"@type":"SearchAction","target":{"@type":"EntryPoint","urlTemplate":"https:\/\/noithatnhadep.azdigi.shop\/?s={search_term_string}"},"query-input":{"@type":"PropertyValueSpecification","valueRequired":true,"valueName":"search_term_string"}}],"inLanguage":"vi"}]}},"_links":{"self":[{"href":"https:\/\/noithatnhadep.azdigi.shop\/index.php\/wp-json\/wp\/v2\/product\/102","targetHints":{"allow":["GET"]}}],"collection":[{"href":"https:\/\/noithatnhadep.azdigi.shop\/index.php\/wp-json\/wp\/v2\/product"}],"about":[{"href":"https:\/\/noithatnhadep.azdigi.shop\/index.php\/wp-json\/wp\/v2\/types\/product"}],"replies":[{"embeddable":true,"href":"https:\/\/noithatnhadep.azdigi.shop\/index.php\/wp-json\/wp\/v2\/comments?post=102"}],"wp:featuredmedia":[{"embeddable":true,"href":"https:\/\/noithatnhadep.azdigi.shop\/index.php\/wp-json\/wp\/v2\/media\/109"}],"wp:attachment":[{"href":"https:\/\/noithatnhadep.azdigi.shop\/index.php\/wp-json\/wp\/v2\/media?parent=102"}],"wp:term":[{"taxonomy":"product_brand","embeddable":true,"href":"https:\/\/noithatnhadep.azdigi.shop\/index.php\/wp-json\/wp\/v2\/product_brand?post=102"},{"taxonomy":"product_cat","embeddable":true,"href":"https:\/\/noithatnhadep.azdigi.shop\/index.php\/wp-json\/wp\/v2\/product_cat?post=102"},{"taxonomy":"product_tag","embeddable":true,"href":"https:\/\/noithatnhadep.azdigi.shop\/index.php\/wp-json\/wp\/v2\/product_tag?post=102"}],"curies":[{"name":"wp","href":"https:\/\/api.w.org\/{rel}","templated":true}]}}